{"id":1192,"date":"2020-09-26T18:06:32","date_gmt":"2020-09-26T18:06:32","guid":{"rendered":"https:\/\/rubenfiliberti.com.ar\/?post_type=product&#038;p=1192"},"modified":"2025-07-04T00:21:46","modified_gmt":"2025-07-04T00:21:46","slug":"sarmiento-1139-san-miguel","status":"publish","type":"product","link":"https:\/\/rubenfiliberti.com.ar\/?product=sarmiento-1139-san-miguel","title":{"rendered":"Departamento con Cochera Sarmiento 1139, San Miguel"},"content":{"rendered":"<h2 data-sourcepos=\"7:1-7:62\">\u00a1Excelente Departamento en Piso 9 con Cochera !<\/h2>\n<p data-sourcepos=\"9:1-9:168\">Presentamos una inmejorable oportunidad: un departamento ubicado en un <strong>piso 9, contrafrente<\/strong>, que te ofrece la tranquilidad y luminosidad que busc\u00e1s en tu d\u00eda a d\u00eda.<\/p>\n<p data-sourcepos=\"11:1-11:210\">Con <strong>55 m\u00b2 cubiertos<\/strong> y <strong>60 m\u00b2 totales<\/strong>, este departamento aprovecha cada espacio para tu comodidad. Adem\u00e1s, cuenta con una pr\u00e1ctica <strong>cochera semicubierta<\/strong>, un valor agregado esencial para la vida urbana.<\/p>\n<p data-sourcepos=\"13:1-13:32\"><strong>Caracter\u00edsticas principales:<\/strong><\/p>\n<ul data-sourcepos=\"15:1-19:0\">\n<li data-sourcepos=\"15:1-15:38\"><strong>Ubicaci\u00f3n:<\/strong> Piso 9, contrafrente.<\/li>\n<li data-sourcepos=\"16:1-16:33\"><strong>Superficie Cubierta:<\/strong> 55 m\u00b2.<\/li>\n<li data-sourcepos=\"17:1-17:30\"><strong>Superficie Total:<\/strong> 60 m\u00b2.<\/li>\n<li data-sourcepos=\"18:1-19:0\"><strong>Cochera:<\/strong> Semicubierta, para tu comodidad y seguridad.<\/li>\n<\/ul>\n<p data-sourcepos=\"20:1-20:190\">Este departamento es ideal para quienes buscan un hogar funcional, con buena ubicaci\u00f3n y la ventaja de tener su propio espacio de estacionamiento. \u00a1No te pierdas la oportunidad de conocerlo!<\/p>\n<p><iframe style=\"border: 0;\" tabindex=\"0\" src=\"https:\/\/www.google.com\/maps\/embed?pb=!1m18!1m12!1m3!1d3286.262615859063!2d-58.71016848477184!3d-34.546905580474146!2m3!1f0!2f0!3f0!3m2!1i1024!2i768!4f13.1!3m3!1m2!1s0x95bcbd0944fa552d%3A0xac1a001a3be707dc!2sDomingo%20Faustino%20Sarmiento%201139%2C%20B1663%20EDC%2C%20Provincia%20de%20Buenos%20Aires!5e0!3m2!1ses!2sar!4v1601143628073!5m2!1ses!2sar\" width=\"600\" height=\"450\" frameborder=\"0\" allowfullscreen=\"allowfullscreen\" aria-hidden=\"false\"><\/iframe><\/p>\n<p><iframe style=\"border: 0;\" tabindex=\"0\" src=\"https:\/\/www.google.com\/maps\/embed?pb=!4v1601143652352!6m8!1m7!1sec_KPwHWIoUn-k8bViunXw!2m2!1d-34.54667380321416!2d-58.70787975425892!3f203.0091452572603!4f18.60204223064744!5f0.7820865974627469\" width=\"600\" height=\"450\" frameborder=\"0\" allowfullscreen=\"allowfullscreen\" aria-hidden=\"false\"><\/iframe><\/p>\n","protected":false},"excerpt":{"rendered":"<p data-sourcepos=\"5:1-5:83\"><a href=\"https:\/\/api.whatsapp.com\/send?phone=+5491159800209&amp;text=Quiero%20m%C3%A1s%20informaci%C3%B3n%20de%20Venta%20Departamento%20con%20Cochera%20Sarmiento%201139,%20San%20Miguel\"><img decoding=\"async\" class=\"alignnone wp-image-3078 aligncenter\" src=\"https:\/\/rubenfiliberti.com.ar\/wp-content\/uploads\/2025\/06\/CONTACTAR-AGENTE-300x300.png\" alt=\"\" width=\"150\" height=\"150\" \/><\/a><\/p>\n<h2 style=\"text-align: center;\" data-sourcepos=\"7:1-7:62\">\u00a1Excelente Departamento en Piso 9 con Cochera !<\/h2>\n<p data-sourcepos=\"9:1-9:168\">Presentamos una inmejorable oportunidad: un departamento ubicado en un <strong>piso 9, contrafrente<\/strong>, que te ofrece la tranquilidad y luminosidad que busc\u00e1s en tu d\u00eda a d\u00eda.<\/p>\n<p data-sourcepos=\"11:1-11:210\">Con <strong>55 m\u00b2 cubiertos<\/strong> y <strong>60 m\u00b2 totales<\/strong>, este departamento aprovecha cada espacio para tu comodidad. Adem\u00e1s, cuenta con una pr\u00e1ctica <strong>cochera semicubierta<\/strong>, un valor agregado esencial para la vida urbana.<\/p>\n<p data-sourcepos=\"13:1-13:32\"><strong>Caracter\u00edsticas principales:<\/strong><\/p>\n<ul data-sourcepos=\"15:1-19:0\">\n<li data-sourcepos=\"15:1-15:38\"><strong>Ubicaci\u00f3n:<\/strong> Piso 9, contrafrente.<\/li>\n<li data-sourcepos=\"16:1-16:33\"><strong>Superficie Cubierta:<\/strong> 55 m\u00b2.<\/li>\n<li data-sourcepos=\"17:1-17:30\"><strong>Superficie Total:<\/strong> 60 m\u00b2.<\/li>\n<li data-sourcepos=\"18:1-19:0\"><strong>Cochera:<\/strong> Semicubierta, para tu comodidad y seguridad.<\/li>\n<\/ul>\n<p data-sourcepos=\"20:1-20:190\">Este departamento es ideal para quienes buscan un hogar funcional, con buena ubicaci\u00f3n y la ventaja de tener su propio espacio de estacionamiento. \u00a1No te pierdas la oportunidad de conocerlo!<\/p>\n","protected":false},"featured_media":1194,"template":"","meta":{"_joinchat":[]},"product_brand":[],"product_cat":[32,23,70,20],"product_tag":[],"class_list":{"0":"post-1192","1":"product","2":"type-product","3":"status-publish","4":"has-post-thumbnail","6":"product_cat-2-ambientes","7":"product_cat-departamento","8":"product_cat-san-miguel","9":"product_cat-venta","11":"first","12":"instock","13":"shipping-taxable","14":"purchasable","15":"product-type-simple"},"yoast_head":"<!-- This site is optimized with the Yoast SEO plugin v27.6 - https:\/\/yoast.com\/product\/yoast-seo-wordpress\/ -->\n<title>Departamento con Cochera Sarmiento 1139, San Miguel - Ruben Filiberti Inmobiliaria, Venta y Alquiler de casas, departamentos, oficinas, locales y terrenos, en el Partido de San Miguel, Buenos Aires, Argentina.<\/title>\n<meta name=\"description\" content=\"Departamento en piso 9, contrafrente55 m2 cubiertos y 60 m2 totalescon cochera semicerrada\" \/>\n<meta name=\"robots\" content=\"index, follow, max-snippet:-1, max-image-preview:large, max-video-preview:-1\" \/>\n<link rel=\"canonical\" href=\"https:\/\/rubenfiliberti.com.ar\/?product=sarmiento-1139-san-miguel\" \/>\n<meta property=\"og:locale\" content=\"es_ES\" \/>\n<meta property=\"og:type\" content=\"article\" \/>\n<meta property=\"og:title\" content=\"Departamento con Cochera Sarmiento 1139, San Miguel - Ruben Filiberti Inmobiliaria, Venta y Alquiler de casas, departamentos, oficinas, locales y terrenos, en el Partido de San Miguel, Buenos Aires, Argentina.\" \/>\n<meta property=\"og:description\" content=\"Departamento en piso 9, contrafrente55 m2 cubiertos y 60 m2 totalescon cochera semicerrada\" \/>\n<meta property=\"og:url\" content=\"https:\/\/rubenfiliberti.com.ar\/?product=sarmiento-1139-san-miguel\" \/>\n<meta property=\"og:site_name\" content=\"Ruben Filiberti Inmobiliaria, Venta y Alquiler de casas, departamentos, oficinas, locales y terrenos, en el Partido de San Miguel, Buenos Aires, Argentina.\" \/>\n<meta property=\"article:modified_time\" content=\"2025-07-04T00:21:46+00:00\" \/>\n<meta property=\"og:image\" content=\"https:\/\/rubenfiliberti.com.ar\/wp-content\/uploads\/2020\/09\/WhatsApp-Image-2020-09-26-at-12.09.37.jpeg\" \/>\n\t<meta property=\"og:image:width\" content=\"960\" \/>\n\t<meta property=\"og:image:height\" content=\"1280\" \/>\n\t<meta property=\"og:image:type\" content=\"image\/jpeg\" \/>\n<meta name=\"twitter:card\" content=\"summary_large_image\" \/>\n<meta name=\"twitter:label1\" content=\"Tiempo de lectura\" \/>\n\t<meta name=\"twitter:data1\" content=\"1 minuto\" \/>\n<script type=\"application\/ld+json\" class=\"yoast-schema-graph\">{\"@context\":\"https:\\\/\\\/schema.org\",\"@graph\":[{\"@type\":\"WebPage\",\"@id\":\"https:\\\/\\\/rubenfiliberti.com.ar\\\/?product=sarmiento-1139-san-miguel\",\"url\":\"https:\\\/\\\/rubenfiliberti.com.ar\\\/?product=sarmiento-1139-san-miguel\",\"name\":\"Departamento con Cochera Sarmiento 1139, San Miguel - Ruben Filiberti Inmobiliaria, Venta y Alquiler de casas, departamentos, oficinas, locales y terrenos, en el Partido de San Miguel, Buenos Aires, Argentina.\",\"isPartOf\":{\"@id\":\"https:\\\/\\\/rubenfiliberti.com.ar\\\/#website\"},\"primaryImageOfPage\":{\"@id\":\"https:\\\/\\\/rubenfiliberti.com.ar\\\/?product=sarmiento-1139-san-miguel#primaryimage\"},\"image\":{\"@id\":\"https:\\\/\\\/rubenfiliberti.com.ar\\\/?product=sarmiento-1139-san-miguel#primaryimage\"},\"thumbnailUrl\":\"https:\\\/\\\/rubenfiliberti.com.ar\\\/wp-content\\\/uploads\\\/2020\\\/09\\\/WhatsApp-Image-2020-09-26-at-12.09.37.jpeg\",\"datePublished\":\"2020-09-26T18:06:32+00:00\",\"dateModified\":\"2025-07-04T00:21:46+00:00\",\"description\":\"Departamento en piso 9, contrafrente55 m2 cubiertos y 60 m2 totalescon cochera semicerrada\",\"breadcrumb\":{\"@id\":\"https:\\\/\\\/rubenfiliberti.com.ar\\\/?product=sarmiento-1139-san-miguel#breadcrumb\"},\"inLanguage\":\"es\",\"potentialAction\":[{\"@type\":\"ReadAction\",\"target\":[\"https:\\\/\\\/rubenfiliberti.com.ar\\\/?product=sarmiento-1139-san-miguel\"]}]},{\"@type\":\"ImageObject\",\"inLanguage\":\"es\",\"@id\":\"https:\\\/\\\/rubenfiliberti.com.ar\\\/?product=sarmiento-1139-san-miguel#primaryimage\",\"url\":\"https:\\\/\\\/rubenfiliberti.com.ar\\\/wp-content\\\/uploads\\\/2020\\\/09\\\/WhatsApp-Image-2020-09-26-at-12.09.37.jpeg\",\"contentUrl\":\"https:\\\/\\\/rubenfiliberti.com.ar\\\/wp-content\\\/uploads\\\/2020\\\/09\\\/WhatsApp-Image-2020-09-26-at-12.09.37.jpeg\",\"width\":960,\"height\":1280},{\"@type\":\"BreadcrumbList\",\"@id\":\"https:\\\/\\\/rubenfiliberti.com.ar\\\/?product=sarmiento-1139-san-miguel#breadcrumb\",\"itemListElement\":[{\"@type\":\"ListItem\",\"position\":1,\"name\":\"Portada\",\"item\":\"https:\\\/\\\/rubenfiliberti.com.ar\\\/\"},{\"@type\":\"ListItem\",\"position\":2,\"name\":\"Productos\",\"item\":\"https:\\\/\\\/rubenfiliberti.com.ar\\\/?post_type=product\"},{\"@type\":\"ListItem\",\"position\":3,\"name\":\"Departamento con Cochera Sarmiento 1139, San Miguel\"}]},{\"@type\":\"WebSite\",\"@id\":\"https:\\\/\\\/rubenfiliberti.com.ar\\\/#website\",\"url\":\"https:\\\/\\\/rubenfiliberti.com.ar\\\/\",\"name\":\"Inmobiliaria Ruben Filiberti, Venta y Alquiler de casas, departamentos, oficinas, locales y terrenos, en el Partido de San Miguel, Buenos Aires, Argentina.\",\"description\":\"Ruben Filiberti Inmobiliaria , Venta y Alquiler de casas, departamentos, oficinas, locales y terrenos, en el Partido de San Miguel, Buenos Aires, Argentina.\",\"publisher\":{\"@id\":\"https:\\\/\\\/rubenfiliberti.com.ar\\\/#\\\/schema\\\/person\\\/1e26d66aefc103ef3f6dddcbf461eb13\"},\"potentialAction\":[{\"@type\":\"SearchAction\",\"target\":{\"@type\":\"EntryPoint\",\"urlTemplate\":\"https:\\\/\\\/rubenfiliberti.com.ar\\\/?s={search_term_string}\"},\"query-input\":{\"@type\":\"PropertyValueSpecification\",\"valueRequired\":true,\"valueName\":\"search_term_string\"}}],\"inLanguage\":\"es\"},{\"@type\":[\"Person\",\"Organization\"],\"@id\":\"https:\\\/\\\/rubenfiliberti.com.ar\\\/#\\\/schema\\\/person\\\/1e26d66aefc103ef3f6dddcbf461eb13\",\"name\":\"admin\",\"image\":{\"@type\":\"ImageObject\",\"inLanguage\":\"es\",\"@id\":\"https:\\\/\\\/secure.gravatar.com\\\/avatar\\\/850baa19a0ab678ad4b5f824032d2ccc165f04b2ee4c50bb01d86b5c78f108b5?s=96&d=mm&r=g\",\"url\":\"https:\\\/\\\/secure.gravatar.com\\\/avatar\\\/850baa19a0ab678ad4b5f824032d2ccc165f04b2ee4c50bb01d86b5c78f108b5?s=96&d=mm&r=g\",\"contentUrl\":\"https:\\\/\\\/secure.gravatar.com\\\/avatar\\\/850baa19a0ab678ad4b5f824032d2ccc165f04b2ee4c50bb01d86b5c78f108b5?s=96&d=mm&r=g\",\"caption\":\"admin\"},\"logo\":{\"@id\":\"https:\\\/\\\/secure.gravatar.com\\\/avatar\\\/850baa19a0ab678ad4b5f824032d2ccc165f04b2ee4c50bb01d86b5c78f108b5?s=96&d=mm&r=g\"},\"sameAs\":[\"https:\\\/\\\/rubenfiliberti.com.ar\"]}]}<\/script>\n<!-- \/ Yoast SEO plugin. -->","yoast_head_json":{"title":"Departamento con Cochera Sarmiento 1139, San Miguel - Ruben Filiberti Inmobiliaria, Venta y Alquiler de casas, departamentos, oficinas, locales y terrenos, en el Partido de San Miguel, Buenos Aires, Argentina.","description":"Departamento en piso 9, contrafrente55 m2 cubiertos y 60 m2 totalescon cochera semicerrada","robots":{"index":"index","follow":"follow","max-snippet":"max-snippet:-1","max-image-preview":"max-image-preview:large","max-video-preview":"max-video-preview:-1"},"canonical":"https:\/\/rubenfiliberti.com.ar\/?product=sarmiento-1139-san-miguel","og_locale":"es_ES","og_type":"article","og_title":"Departamento con Cochera Sarmiento 1139, San Miguel - Ruben Filiberti Inmobiliaria, Venta y Alquiler de casas, departamentos, oficinas, locales y terrenos, en el Partido de San Miguel, Buenos Aires, Argentina.","og_description":"Departamento en piso 9, contrafrente55 m2 cubiertos y 60 m2 totalescon cochera semicerrada","og_url":"https:\/\/rubenfiliberti.com.ar\/?product=sarmiento-1139-san-miguel","og_site_name":"Ruben Filiberti Inmobiliaria, Venta y Alquiler de casas, departamentos, oficinas, locales y terrenos, en el Partido de San Miguel, Buenos Aires, Argentina.","article_modified_time":"2025-07-04T00:21:46+00:00","og_image":[{"width":960,"height":1280,"url":"https:\/\/rubenfiliberti.com.ar\/wp-content\/uploads\/2020\/09\/WhatsApp-Image-2020-09-26-at-12.09.37.jpeg","type":"image\/jpeg"}],"twitter_card":"summary_large_image","twitter_misc":{"Tiempo de lectura":"1 minuto"},"schema":{"@context":"https:\/\/schema.org","@graph":[{"@type":"WebPage","@id":"https:\/\/rubenfiliberti.com.ar\/?product=sarmiento-1139-san-miguel","url":"https:\/\/rubenfiliberti.com.ar\/?product=sarmiento-1139-san-miguel","name":"Departamento con Cochera Sarmiento 1139, San Miguel - Ruben Filiberti Inmobiliaria, Venta y Alquiler de casas, departamentos, oficinas, locales y terrenos, en el Partido de San Miguel, Buenos Aires, Argentina.","isPartOf":{"@id":"https:\/\/rubenfiliberti.com.ar\/#website"},"primaryImageOfPage":{"@id":"https:\/\/rubenfiliberti.com.ar\/?product=sarmiento-1139-san-miguel#primaryimage"},"image":{"@id":"https:\/\/rubenfiliberti.com.ar\/?product=sarmiento-1139-san-miguel#primaryimage"},"thumbnailUrl":"https:\/\/rubenfiliberti.com.ar\/wp-content\/uploads\/2020\/09\/WhatsApp-Image-2020-09-26-at-12.09.37.jpeg","datePublished":"2020-09-26T18:06:32+00:00","dateModified":"2025-07-04T00:21:46+00:00","description":"Departamento en piso 9, contrafrente55 m2 cubiertos y 60 m2 totalescon cochera semicerrada","breadcrumb":{"@id":"https:\/\/rubenfiliberti.com.ar\/?product=sarmiento-1139-san-miguel#breadcrumb"},"inLanguage":"es","potentialAction":[{"@type":"ReadAction","target":["https:\/\/rubenfiliberti.com.ar\/?product=sarmiento-1139-san-miguel"]}]},{"@type":"ImageObject","inLanguage":"es","@id":"https:\/\/rubenfiliberti.com.ar\/?product=sarmiento-1139-san-miguel#primaryimage","url":"https:\/\/rubenfiliberti.com.ar\/wp-content\/uploads\/2020\/09\/WhatsApp-Image-2020-09-26-at-12.09.37.jpeg","contentUrl":"https:\/\/rubenfiliberti.com.ar\/wp-content\/uploads\/2020\/09\/WhatsApp-Image-2020-09-26-at-12.09.37.jpeg","width":960,"height":1280},{"@type":"BreadcrumbList","@id":"https:\/\/rubenfiliberti.com.ar\/?product=sarmiento-1139-san-miguel#breadcrumb","itemListElement":[{"@type":"ListItem","position":1,"name":"Portada","item":"https:\/\/rubenfiliberti.com.ar\/"},{"@type":"ListItem","position":2,"name":"Productos","item":"https:\/\/rubenfiliberti.com.ar\/?post_type=product"},{"@type":"ListItem","position":3,"name":"Departamento con Cochera Sarmiento 1139, San Miguel"}]},{"@type":"WebSite","@id":"https:\/\/rubenfiliberti.com.ar\/#website","url":"https:\/\/rubenfiliberti.com.ar\/","name":"Inmobiliaria Ruben Filiberti, Venta y Alquiler de casas, departamentos, oficinas, locales y terrenos, en el Partido de San Miguel, Buenos Aires, Argentina.","description":"Ruben Filiberti Inmobiliaria , Venta y Alquiler de casas, departamentos, oficinas, locales y terrenos, en el Partido de San Miguel, Buenos Aires, Argentina.","publisher":{"@id":"https:\/\/rubenfiliberti.com.ar\/#\/schema\/person\/1e26d66aefc103ef3f6dddcbf461eb13"},"potentialAction":[{"@type":"SearchAction","target":{"@type":"EntryPoint","urlTemplate":"https:\/\/rubenfiliberti.com.ar\/?s={search_term_string}"},"query-input":{"@type":"PropertyValueSpecification","valueRequired":true,"valueName":"search_term_string"}}],"inLanguage":"es"},{"@type":["Person","Organization"],"@id":"https:\/\/rubenfiliberti.com.ar\/#\/schema\/person\/1e26d66aefc103ef3f6dddcbf461eb13","name":"admin","image":{"@type":"ImageObject","inLanguage":"es","@id":"https:\/\/secure.gravatar.com\/avatar\/850baa19a0ab678ad4b5f824032d2ccc165f04b2ee4c50bb01d86b5c78f108b5?s=96&d=mm&r=g","url":"https:\/\/secure.gravatar.com\/avatar\/850baa19a0ab678ad4b5f824032d2ccc165f04b2ee4c50bb01d86b5c78f108b5?s=96&d=mm&r=g","contentUrl":"https:\/\/secure.gravatar.com\/avatar\/850baa19a0ab678ad4b5f824032d2ccc165f04b2ee4c50bb01d86b5c78f108b5?s=96&d=mm&r=g","caption":"admin"},"logo":{"@id":"https:\/\/secure.gravatar.com\/avatar\/850baa19a0ab678ad4b5f824032d2ccc165f04b2ee4c50bb01d86b5c78f108b5?s=96&d=mm&r=g"},"sameAs":["https:\/\/rubenfiliberti.com.ar"]}]}},"_links":{"self":[{"href":"https:\/\/rubenfiliberti.com.ar\/index.php?rest_route=\/wp\/v2\/product\/1192","targetHints":{"allow":["GET"]}}],"collection":[{"href":"https:\/\/rubenfiliberti.com.ar\/index.php?rest_route=\/wp\/v2\/product"}],"about":[{"href":"https:\/\/rubenfiliberti.com.ar\/index.php?rest_route=\/wp\/v2\/types\/product"}],"version-history":[{"count":6,"href":"https:\/\/rubenfiliberti.com.ar\/index.php?rest_route=\/wp\/v2\/product\/1192\/revisions"}],"predecessor-version":[{"id":3160,"href":"https:\/\/rubenfiliberti.com.ar\/index.php?rest_route=\/wp\/v2\/product\/1192\/revisions\/3160"}],"wp:featuredmedia":[{"embeddable":true,"href":"https:\/\/rubenfiliberti.com.ar\/index.php?rest_route=\/wp\/v2\/media\/1194"}],"wp:attachment":[{"href":"https:\/\/rubenfiliberti.com.ar\/index.php?rest_route=%2Fwp%2Fv2%2Fmedia&parent=1192"}],"wp:term":[{"taxonomy":"product_brand","embeddable":true,"href":"https:\/\/rubenfiliberti.com.ar\/index.php?rest_route=%2Fwp%2Fv2%2Fproduct_brand&post=1192"},{"taxonomy":"product_cat","embeddable":true,"href":"https:\/\/rubenfiliberti.com.ar\/index.php?rest_route=%2Fwp%2Fv2%2Fproduct_cat&post=1192"},{"taxonomy":"product_tag","embeddable":true,"href":"https:\/\/rubenfiliberti.com.ar\/index.php?rest_route=%2Fwp%2Fv2%2Fproduct_tag&post=1192"}],"curies":[{"name":"wp","href":"https:\/\/api.w.org\/{rel}","templated":true}]}}