{"id":1859,"date":"2022-04-06T20:45:06","date_gmt":"2022-04-06T20:45:06","guid":{"rendered":"https:\/\/rubenfiliberti.com.ar\/?post_type=product&#038;p=1859"},"modified":"2025-07-07T13:59:23","modified_gmt":"2025-07-07T13:59:23","slug":"venta-casa-en-san-miguel","status":"publish","type":"product","link":"https:\/\/rubenfiliberti.com.ar\/?product=venta-casa-en-san-miguel","title":{"rendered":"Chalet sobre San Juan 1551 Bella Vista"},"content":{"rendered":"<h2 data-sourcepos=\"6:1-6:77\">\u00a1Magn\u00edfico Chalet de Tres Niveles en Bella Vista! Ubicaci\u00f3n Inmejorable<\/h2>\n<p data-sourcepos=\"8:1-8:299\"><strong>Ruben Filiberti Propiedades<\/strong> te presenta una oportunidad \u00fanica para descubrir tu pr\u00f3ximo hogar en una de las zonas m\u00e1s buscadas de Bella Vista. Este hermoso chalet de <strong>tres niveles<\/strong>, construido sobre un amplio <strong>lote de 10 x 40 metros<\/strong>, combina amplitud, comodidad y una ubicaci\u00f3n estrat\u00e9gica.<\/p>\n<p data-sourcepos=\"10:1-10:38\"><strong>Espacios Pensados para tu Familia:<\/strong><\/p>\n<ul data-sourcepos=\"12:1-15:0\">\n<li data-sourcepos=\"12:1-12:109\"><strong>Dormitorios:<\/strong> Cuenta con <strong>tres dormitorios<\/strong> espaciosos, perfectos para el descanso de toda la familia.<\/li>\n<li data-sourcepos=\"13:1-13:99\"><strong>Ba\u00f1os:<\/strong> Dispone de <strong>tres ba\u00f1os completos<\/strong>, distribuidos para tu mayor confort en cada nivel.<\/li>\n<li data-sourcepos=\"14:1-15:0\"><strong>\u00c1reas Sociales:<\/strong> Un luminoso <strong>living comedor<\/strong> te invita a la convivencia, complementado por una <strong>amplia cocina comedor<\/strong>, ideal para disfrutar de momentos y comidas en familia.<\/li>\n<\/ul>\n<p data-sourcepos=\"16:1-16:32\"><strong>Comodidad y Estacionamiento:<\/strong><\/p>\n<p data-sourcepos=\"18:1-18:133\">La propiedad ofrece m\u00faltiples opciones de estacionamiento con <strong>garaje y cochera<\/strong>, asegurando espacio suficiente para tus veh\u00edculos.<\/p>\n<p data-sourcepos=\"20:1-20:27\"><strong>Ubicaci\u00f3n Privilegiada:<\/strong><\/p>\n<p data-sourcepos=\"22:1-22:281\">Situado a <strong>media cuadra de Richieri, en Bella Vista<\/strong>, goza de una <strong>muy buena ubicaci\u00f3n<\/strong>. Estar\u00e1s a solo metros de los principales <strong>medios de comunicaci\u00f3n y transporte<\/strong>, facilitando tu conexi\u00f3n con toda la ciudad y brind\u00e1ndote la comodidad de tener todo al alcance de la mano.<\/p>\n<p data-sourcepos=\"24:1-24:46\"><strong>\u00a1Una Inversi\u00f3n Imperdible por USD 220.000!<\/strong><\/p>\n<p data-sourcepos=\"26:1-26:175\">Este chalet representa una excelente oportunidad de inversi\u00f3n por su tama\u00f1o, distribuci\u00f3n y, especialmente, por su ubicaci\u00f3n estrat\u00e9gica en una zona de constante valorizaci\u00f3n.<\/p>\n<hr data-sourcepos=\"28:1-28:3\" \/>\n<p data-sourcepos=\"30:1-30:96\"><strong>\u00a1No dejes pasar esta excelente oportunidad! Cont\u00e1ctanos hoy mismo para coordinar una visita.<\/strong><\/p>\n<p data-sourcepos=\"32:1-33:70\"><strong>Llamanos al 11 4937 5141<\/strong> <strong>Visit\u00e1 m\u00e1s propiedades en nuestro sitio web: rubenfiliberti.com.ar<\/strong><\/p>\n<p data-sourcepos=\"35:1-35:171\"><strong>\ud83d\udcbb \u00a1<span class=\"citation-2\">Envianos tu consulta por Whatsapp al +54 11 4937-5141 o entra a nuestro sitio web para ver m\u00e1s propiedades en venta y alquiler: rubenfiliberti.com.ar!<\/span><\/strong><\/p>\n<div class=\"source-inline-chip-container ng-star-inserted\"><\/div>\n<hr data-sourcepos=\"37:1-37:3\" \/>\n<p><iframe src=\"https:\/\/www.google.com\/maps\/embed?pb=!1m18!1m12!1m3!1d3285.9378806347086!2d-58.69790032426185!3d-34.55512817297165!2m3!1f0!2f0!3f0!3m2!1i1024!2i768!4f13.1!3m3!1m2!1s0x95bcbdadb340ca01%3A0xecc0d567059eb29!2sSan%20Juan%201551%2C%20B1661FGY%20Bella%20Vista%2C%20Provincia%20de%20Buenos%20Aires!5e0!3m2!1ses-419!2sar!4v1751896621736!5m2!1ses-419!2sar\" width=\"600\" height=\"450\" style=\"border:0;\" allowfullscreen=\"\" loading=\"lazy\" referrerpolicy=\"no-referrer-when-downgrade\"><\/iframe><br \/>\n<iframe src=\"https:\/\/www.google.com\/maps\/embed?pb=!4v1751896657973!6m8!1m7!1sniap_0OHO-He1288kiIVpQ!2m2!1d-34.5549659589205!2d-58.69543923617806!3f159.7350245001707!4f4.663265195341026!5f0.7820865974627469\" width=\"600\" height=\"450\" style=\"border:0;\" allowfullscreen=\"\" loading=\"lazy\" referrerpolicy=\"no-referrer-when-downgrade\"><\/iframe><\/p>\n","protected":false},"excerpt":{"rendered":"<p data-sourcepos=\"5:1-5:83\"><a href=\"https:\/\/rubenfiliberti.com.ar\/sanjuan1551\"><img decoding=\"async\" class=\"wp-image-3089 aligncenter\" src=\"https:\/\/rubenfiliberti.com.ar\/wp-content\/uploads\/2025\/06\/CONTACTAR-AGENTE-2-300x300.png\" alt=\"\" width=\"132\" height=\"132\" \/><\/a><a href=\"https:\/\/api.whatsapp.com\/send?phone=+5491159800209&amp;text=Quiero%20m%C3%A1s%20informaci%C3%B3n%20de%20Venta%20Chalet%20sobre%20San%20Juan%201551%20Bella%20Vista\"><img decoding=\"async\" class=\"alignnone wp-image-3078 aligncenter\" src=\"https:\/\/rubenfiliberti.com.ar\/wp-content\/uploads\/2025\/06\/CONTACTAR-AGENTE-300x300.png\" alt=\"\" width=\"150\" height=\"150\" \/><\/a><\/p>\n<p>&nbsp;<\/p>\n<h2 style=\"text-align: center;\" data-sourcepos=\"6:1-6:77\">\u00a1Magn\u00edfico Chalet de Tres Niveles en Bella Vista! Ubicaci\u00f3n Inmejorable<\/h2>\n<p data-sourcepos=\"8:1-8:299\"><strong>Ruben Filiberti Propiedades<\/strong> te presenta una oportunidad \u00fanica para descubrir tu pr\u00f3ximo hogar en una de las zonas m\u00e1s buscadas de Bella Vista. Este hermoso chalet de <strong>tres niveles<\/strong>, construido sobre un amplio <strong>lote de 10 x 40 metros<\/strong>, combina amplitud, comodidad y una ubicaci\u00f3n estrat\u00e9gica.<\/p>\n<p data-sourcepos=\"10:1-10:38\"><strong>Espacios Pensados para tu Familia:<\/strong><\/p>\n<ul data-sourcepos=\"12:1-15:0\">\n<li data-sourcepos=\"12:1-12:109\"><strong>Dormitorios:<\/strong> Cuenta con <strong>tres dormitorios<\/strong> espaciosos, perfectos para el descanso de toda la familia.<\/li>\n<li data-sourcepos=\"13:1-13:99\"><strong>Ba\u00f1os:<\/strong> Dispone de <strong>tres ba\u00f1os completos<\/strong>, distribuidos para tu mayor confort en cada nivel.<\/li>\n<li data-sourcepos=\"14:1-15:0\"><strong>\u00c1reas Sociales:<\/strong> Un luminoso <strong>living comedor<\/strong> te invita a la convivencia, complementado por una <strong>amplia cocina comedor<\/strong>, ideal para disfrutar de momentos y comidas en familia.<\/li>\n<\/ul>\n<p data-sourcepos=\"16:1-16:32\"><strong>Comodidad y Estacionamiento:<\/strong><\/p>\n<p data-sourcepos=\"18:1-18:133\">La propiedad ofrece m\u00faltiples opciones de estacionamiento con <strong>garaje y cochera<\/strong>, asegurando espacio suficiente para tus veh\u00edculos.<\/p>\n<p data-sourcepos=\"20:1-20:27\"><strong>Ubicaci\u00f3n Privilegiada:<\/strong><\/p>\n<p data-sourcepos=\"22:1-22:281\">Situado a <strong>media cuadra de Richieri, en Bella Vista<\/strong>, goza de una <strong>muy buena ubicaci\u00f3n<\/strong>. Estar\u00e1s a solo metros de los principales <strong>medios de comunicaci\u00f3n y transporte<\/strong>, facilitando tu conexi\u00f3n con toda la ciudad y brind\u00e1ndote la comodidad de tener todo al alcance de la mano.<\/p>\n<p data-sourcepos=\"24:1-24:46\"><strong>\u00a1Una Inversi\u00f3n Imperdible por USD 220.000!<\/strong><\/p>\n<p data-sourcepos=\"26:1-26:175\">Este chalet representa una excelente oportunidad de inversi\u00f3n por su tama\u00f1o, distribuci\u00f3n y, especialmente, por su ubicaci\u00f3n estrat\u00e9gica en una zona de constante valorizaci\u00f3n.<\/p>\n<hr data-sourcepos=\"28:1-28:3\" \/>\n<p data-sourcepos=\"30:1-30:96\"><strong>\u00a1No dejes pasar esta excelente oportunidad! Cont\u00e1ctanos hoy mismo para coordinar una visita.<\/strong><\/p>\n<p data-sourcepos=\"32:1-33:70\"><strong>Llamanos al 11 4937 5141<\/strong> <strong>Visit\u00e1 m\u00e1s propiedades en nuestro sitio web: rubenfiliberti.com.ar<\/strong><\/p>\n<p data-sourcepos=\"35:1-35:171\"><strong>\ud83d\udcbb \u00a1<span class=\"citation-2\">Envianos tu consulta por Whatsapp al +54 11 4937-5141 o entra a nuestro sitio web para ver m\u00e1s propiedades en venta y alquiler: rubenfiliberti.com.ar!<\/span><\/strong><\/p>\n<div class=\"source-inline-chip-container ng-star-inserted\"><\/div>\n","protected":false},"featured_media":1864,"template":"","meta":{"_joinchat":[]},"product_brand":[],"product_cat":[72,22,19,20],"product_tag":[],"class_list":{"0":"post-1859","1":"product","2":"type-product","3":"status-publish","4":"has-post-thumbnail","6":"product_cat-bella-vista","7":"product_cat-casa","8":"product_cat-propiedades-en-venta-o-alquiler","9":"product_cat-venta","11":"first","12":"instock","13":"sale","14":"shipping-taxable","15":"purchasable","16":"product-type-simple"},"yoast_head":"<!-- This site is optimized with the Yoast SEO plugin v27.6 - https:\/\/yoast.com\/product\/yoast-seo-wordpress\/ -->\n<title>venta casa, rubenfiliberti.com.ar, rubenfiloiberti.com.ar , venta de casa %<\/title>\n<meta name=\"description\" content=\"venta casa, en san miguel, calle san juan, buenos aires, alquiler, departamentos, ruben filiberti, lotes, oportunidad negocio\" \/>\n<meta name=\"robots\" content=\"index, follow, max-snippet:-1, max-image-preview:large, max-video-preview:-1\" \/>\n<link rel=\"canonical\" href=\"https:\/\/rubenfiliberti.com.ar\/?product=venta-casa-en-san-miguel\" \/>\n<meta property=\"og:locale\" content=\"es_ES\" \/>\n<meta property=\"og:type\" content=\"article\" \/>\n<meta property=\"og:title\" content=\"venta casa, rubenfiliberti.com.ar, rubenfiloiberti.com.ar , venta de casa %\" \/>\n<meta property=\"og:description\" content=\"venta casa, en san miguel, calle san juan, buenos aires, alquiler, departamentos, ruben filiberti, lotes, oportunidad negocio\" \/>\n<meta property=\"og:url\" content=\"https:\/\/rubenfiliberti.com.ar\/?product=venta-casa-en-san-miguel\" \/>\n<meta property=\"og:site_name\" content=\"Ruben Filiberti Inmobiliaria, Venta y Alquiler de casas, departamentos, oficinas, locales y terrenos, en el Partido de San Miguel, Buenos Aires, Argentina.\" \/>\n<meta property=\"article:modified_time\" content=\"2025-07-07T13:59:23+00:00\" \/>\n<meta property=\"og:image\" content=\"https:\/\/rubenfiliberti.com.ar\/wp-content\/uploads\/2022\/04\/WhatsApp-Image-2022-04-06-at-4.09.49-PM.jpeg\" \/>\n\t<meta property=\"og:image:width\" content=\"1200\" \/>\n\t<meta property=\"og:image:height\" content=\"1600\" \/>\n\t<meta property=\"og:image:type\" content=\"image\/jpeg\" \/>\n<meta name=\"twitter:card\" content=\"summary_large_image\" \/>\n<meta name=\"twitter:label1\" content=\"Tiempo de lectura\" \/>\n\t<meta name=\"twitter:data1\" content=\"2 minutos\" \/>\n<script type=\"application\/ld+json\" class=\"yoast-schema-graph\">{\"@context\":\"https:\\\/\\\/schema.org\",\"@graph\":[{\"@type\":\"WebPage\",\"@id\":\"https:\\\/\\\/rubenfiliberti.com.ar\\\/?product=venta-casa-en-san-miguel\",\"url\":\"https:\\\/\\\/rubenfiliberti.com.ar\\\/?product=venta-casa-en-san-miguel\",\"name\":\"venta casa, rubenfiliberti.com.ar, rubenfiloiberti.com.ar , venta de casa %\",\"isPartOf\":{\"@id\":\"https:\\\/\\\/rubenfiliberti.com.ar\\\/#website\"},\"primaryImageOfPage\":{\"@id\":\"https:\\\/\\\/rubenfiliberti.com.ar\\\/?product=venta-casa-en-san-miguel#primaryimage\"},\"image\":{\"@id\":\"https:\\\/\\\/rubenfiliberti.com.ar\\\/?product=venta-casa-en-san-miguel#primaryimage\"},\"thumbnailUrl\":\"https:\\\/\\\/rubenfiliberti.com.ar\\\/wp-content\\\/uploads\\\/2022\\\/04\\\/WhatsApp-Image-2022-04-06-at-4.09.49-PM.jpeg\",\"datePublished\":\"2022-04-06T20:45:06+00:00\",\"dateModified\":\"2025-07-07T13:59:23+00:00\",\"description\":\"venta casa, en san miguel, calle san juan, buenos aires, alquiler, departamentos, ruben filiberti, lotes, oportunidad negocio\",\"breadcrumb\":{\"@id\":\"https:\\\/\\\/rubenfiliberti.com.ar\\\/?product=venta-casa-en-san-miguel#breadcrumb\"},\"inLanguage\":\"es\",\"potentialAction\":[{\"@type\":\"ReadAction\",\"target\":[\"https:\\\/\\\/rubenfiliberti.com.ar\\\/?product=venta-casa-en-san-miguel\"]}]},{\"@type\":\"ImageObject\",\"inLanguage\":\"es\",\"@id\":\"https:\\\/\\\/rubenfiliberti.com.ar\\\/?product=venta-casa-en-san-miguel#primaryimage\",\"url\":\"https:\\\/\\\/rubenfiliberti.com.ar\\\/wp-content\\\/uploads\\\/2022\\\/04\\\/WhatsApp-Image-2022-04-06-at-4.09.49-PM.jpeg\",\"contentUrl\":\"https:\\\/\\\/rubenfiliberti.com.ar\\\/wp-content\\\/uploads\\\/2022\\\/04\\\/WhatsApp-Image-2022-04-06-at-4.09.49-PM.jpeg\",\"width\":1200,\"height\":1600},{\"@type\":\"BreadcrumbList\",\"@id\":\"https:\\\/\\\/rubenfiliberti.com.ar\\\/?product=venta-casa-en-san-miguel#breadcrumb\",\"itemListElement\":[{\"@type\":\"ListItem\",\"position\":1,\"name\":\"Portada\",\"item\":\"https:\\\/\\\/rubenfiliberti.com.ar\\\/\"},{\"@type\":\"ListItem\",\"position\":2,\"name\":\"Productos\",\"item\":\"https:\\\/\\\/rubenfiliberti.com.ar\\\/?post_type=product\"},{\"@type\":\"ListItem\",\"position\":3,\"name\":\"Chalet sobre San Juan 1551 Bella Vista\"}]},{\"@type\":\"WebSite\",\"@id\":\"https:\\\/\\\/rubenfiliberti.com.ar\\\/#website\",\"url\":\"https:\\\/\\\/rubenfiliberti.com.ar\\\/\",\"name\":\"Inmobiliaria Ruben Filiberti, Venta y Alquiler de casas, departamentos, oficinas, locales y terrenos, en el Partido de San Miguel, Buenos Aires, Argentina.\",\"description\":\"Ruben Filiberti Inmobiliaria , Venta y Alquiler de casas, departamentos, oficinas, locales y terrenos, en el Partido de San Miguel, Buenos Aires, Argentina.\",\"publisher\":{\"@id\":\"https:\\\/\\\/rubenfiliberti.com.ar\\\/#\\\/schema\\\/person\\\/1e26d66aefc103ef3f6dddcbf461eb13\"},\"potentialAction\":[{\"@type\":\"SearchAction\",\"target\":{\"@type\":\"EntryPoint\",\"urlTemplate\":\"https:\\\/\\\/rubenfiliberti.com.ar\\\/?s={search_term_string}\"},\"query-input\":{\"@type\":\"PropertyValueSpecification\",\"valueRequired\":true,\"valueName\":\"search_term_string\"}}],\"inLanguage\":\"es\"},{\"@type\":[\"Person\",\"Organization\"],\"@id\":\"https:\\\/\\\/rubenfiliberti.com.ar\\\/#\\\/schema\\\/person\\\/1e26d66aefc103ef3f6dddcbf461eb13\",\"name\":\"admin\",\"image\":{\"@type\":\"ImageObject\",\"inLanguage\":\"es\",\"@id\":\"https:\\\/\\\/secure.gravatar.com\\\/avatar\\\/850baa19a0ab678ad4b5f824032d2ccc165f04b2ee4c50bb01d86b5c78f108b5?s=96&d=mm&r=g\",\"url\":\"https:\\\/\\\/secure.gravatar.com\\\/avatar\\\/850baa19a0ab678ad4b5f824032d2ccc165f04b2ee4c50bb01d86b5c78f108b5?s=96&d=mm&r=g\",\"contentUrl\":\"https:\\\/\\\/secure.gravatar.com\\\/avatar\\\/850baa19a0ab678ad4b5f824032d2ccc165f04b2ee4c50bb01d86b5c78f108b5?s=96&d=mm&r=g\",\"caption\":\"admin\"},\"logo\":{\"@id\":\"https:\\\/\\\/secure.gravatar.com\\\/avatar\\\/850baa19a0ab678ad4b5f824032d2ccc165f04b2ee4c50bb01d86b5c78f108b5?s=96&d=mm&r=g\"},\"sameAs\":[\"https:\\\/\\\/rubenfiliberti.com.ar\"]}]}<\/script>\n<!-- \/ Yoast SEO plugin. -->","yoast_head_json":{"title":"venta casa, rubenfiliberti.com.ar, rubenfiloiberti.com.ar , venta de casa %","description":"venta casa, en san miguel, calle san juan, buenos aires, alquiler, departamentos, ruben filiberti, lotes, oportunidad negocio","robots":{"index":"index","follow":"follow","max-snippet":"max-snippet:-1","max-image-preview":"max-image-preview:large","max-video-preview":"max-video-preview:-1"},"canonical":"https:\/\/rubenfiliberti.com.ar\/?product=venta-casa-en-san-miguel","og_locale":"es_ES","og_type":"article","og_title":"venta casa, rubenfiliberti.com.ar, rubenfiloiberti.com.ar , venta de casa %","og_description":"venta casa, en san miguel, calle san juan, buenos aires, alquiler, departamentos, ruben filiberti, lotes, oportunidad negocio","og_url":"https:\/\/rubenfiliberti.com.ar\/?product=venta-casa-en-san-miguel","og_site_name":"Ruben Filiberti Inmobiliaria, Venta y Alquiler de casas, departamentos, oficinas, locales y terrenos, en el Partido de San Miguel, Buenos Aires, Argentina.","article_modified_time":"2025-07-07T13:59:23+00:00","og_image":[{"width":1200,"height":1600,"url":"https:\/\/rubenfiliberti.com.ar\/wp-content\/uploads\/2022\/04\/WhatsApp-Image-2022-04-06-at-4.09.49-PM.jpeg","type":"image\/jpeg"}],"twitter_card":"summary_large_image","twitter_misc":{"Tiempo de lectura":"2 minutos"},"schema":{"@context":"https:\/\/schema.org","@graph":[{"@type":"WebPage","@id":"https:\/\/rubenfiliberti.com.ar\/?product=venta-casa-en-san-miguel","url":"https:\/\/rubenfiliberti.com.ar\/?product=venta-casa-en-san-miguel","name":"venta casa, rubenfiliberti.com.ar, rubenfiloiberti.com.ar , venta de casa %","isPartOf":{"@id":"https:\/\/rubenfiliberti.com.ar\/#website"},"primaryImageOfPage":{"@id":"https:\/\/rubenfiliberti.com.ar\/?product=venta-casa-en-san-miguel#primaryimage"},"image":{"@id":"https:\/\/rubenfiliberti.com.ar\/?product=venta-casa-en-san-miguel#primaryimage"},"thumbnailUrl":"https:\/\/rubenfiliberti.com.ar\/wp-content\/uploads\/2022\/04\/WhatsApp-Image-2022-04-06-at-4.09.49-PM.jpeg","datePublished":"2022-04-06T20:45:06+00:00","dateModified":"2025-07-07T13:59:23+00:00","description":"venta casa, en san miguel, calle san juan, buenos aires, alquiler, departamentos, ruben filiberti, lotes, oportunidad negocio","breadcrumb":{"@id":"https:\/\/rubenfiliberti.com.ar\/?product=venta-casa-en-san-miguel#breadcrumb"},"inLanguage":"es","potentialAction":[{"@type":"ReadAction","target":["https:\/\/rubenfiliberti.com.ar\/?product=venta-casa-en-san-miguel"]}]},{"@type":"ImageObject","inLanguage":"es","@id":"https:\/\/rubenfiliberti.com.ar\/?product=venta-casa-en-san-miguel#primaryimage","url":"https:\/\/rubenfiliberti.com.ar\/wp-content\/uploads\/2022\/04\/WhatsApp-Image-2022-04-06-at-4.09.49-PM.jpeg","contentUrl":"https:\/\/rubenfiliberti.com.ar\/wp-content\/uploads\/2022\/04\/WhatsApp-Image-2022-04-06-at-4.09.49-PM.jpeg","width":1200,"height":1600},{"@type":"BreadcrumbList","@id":"https:\/\/rubenfiliberti.com.ar\/?product=venta-casa-en-san-miguel#breadcrumb","itemListElement":[{"@type":"ListItem","position":1,"name":"Portada","item":"https:\/\/rubenfiliberti.com.ar\/"},{"@type":"ListItem","position":2,"name":"Productos","item":"https:\/\/rubenfiliberti.com.ar\/?post_type=product"},{"@type":"ListItem","position":3,"name":"Chalet sobre San Juan 1551 Bella Vista"}]},{"@type":"WebSite","@id":"https:\/\/rubenfiliberti.com.ar\/#website","url":"https:\/\/rubenfiliberti.com.ar\/","name":"Inmobiliaria Ruben Filiberti, Venta y Alquiler de casas, departamentos, oficinas, locales y terrenos, en el Partido de San Miguel, Buenos Aires, Argentina.","description":"Ruben Filiberti Inmobiliaria , Venta y Alquiler de casas, departamentos, oficinas, locales y terrenos, en el Partido de San Miguel, Buenos Aires, Argentina.","publisher":{"@id":"https:\/\/rubenfiliberti.com.ar\/#\/schema\/person\/1e26d66aefc103ef3f6dddcbf461eb13"},"potentialAction":[{"@type":"SearchAction","target":{"@type":"EntryPoint","urlTemplate":"https:\/\/rubenfiliberti.com.ar\/?s={search_term_string}"},"query-input":{"@type":"PropertyValueSpecification","valueRequired":true,"valueName":"search_term_string"}}],"inLanguage":"es"},{"@type":["Person","Organization"],"@id":"https:\/\/rubenfiliberti.com.ar\/#\/schema\/person\/1e26d66aefc103ef3f6dddcbf461eb13","name":"admin","image":{"@type":"ImageObject","inLanguage":"es","@id":"https:\/\/secure.gravatar.com\/avatar\/850baa19a0ab678ad4b5f824032d2ccc165f04b2ee4c50bb01d86b5c78f108b5?s=96&d=mm&r=g","url":"https:\/\/secure.gravatar.com\/avatar\/850baa19a0ab678ad4b5f824032d2ccc165f04b2ee4c50bb01d86b5c78f108b5?s=96&d=mm&r=g","contentUrl":"https:\/\/secure.gravatar.com\/avatar\/850baa19a0ab678ad4b5f824032d2ccc165f04b2ee4c50bb01d86b5c78f108b5?s=96&d=mm&r=g","caption":"admin"},"logo":{"@id":"https:\/\/secure.gravatar.com\/avatar\/850baa19a0ab678ad4b5f824032d2ccc165f04b2ee4c50bb01d86b5c78f108b5?s=96&d=mm&r=g"},"sameAs":["https:\/\/rubenfiliberti.com.ar"]}]}},"_links":{"self":[{"href":"https:\/\/rubenfiliberti.com.ar\/index.php?rest_route=\/wp\/v2\/product\/1859","targetHints":{"allow":["GET"]}}],"collection":[{"href":"https:\/\/rubenfiliberti.com.ar\/index.php?rest_route=\/wp\/v2\/product"}],"about":[{"href":"https:\/\/rubenfiliberti.com.ar\/index.php?rest_route=\/wp\/v2\/types\/product"}],"version-history":[{"count":7,"href":"https:\/\/rubenfiliberti.com.ar\/index.php?rest_route=\/wp\/v2\/product\/1859\/revisions"}],"predecessor-version":[{"id":3185,"href":"https:\/\/rubenfiliberti.com.ar\/index.php?rest_route=\/wp\/v2\/product\/1859\/revisions\/3185"}],"wp:featuredmedia":[{"embeddable":true,"href":"https:\/\/rubenfiliberti.com.ar\/index.php?rest_route=\/wp\/v2\/media\/1864"}],"wp:attachment":[{"href":"https:\/\/rubenfiliberti.com.ar\/index.php?rest_route=%2Fwp%2Fv2%2Fmedia&parent=1859"}],"wp:term":[{"taxonomy":"product_brand","embeddable":true,"href":"https:\/\/rubenfiliberti.com.ar\/index.php?rest_route=%2Fwp%2Fv2%2Fproduct_brand&post=1859"},{"taxonomy":"product_cat","embeddable":true,"href":"https:\/\/rubenfiliberti.com.ar\/index.php?rest_route=%2Fwp%2Fv2%2Fproduct_cat&post=1859"},{"taxonomy":"product_tag","embeddable":true,"href":"https:\/\/rubenfiliberti.com.ar\/index.php?rest_route=%2Fwp%2Fv2%2Fproduct_tag&post=1859"}],"curies":[{"name":"wp","href":"https:\/\/api.w.org\/{rel}","templated":true}]}}