{"id":2093,"date":"2023-11-18T16:29:50","date_gmt":"2023-11-18T16:29:50","guid":{"rendered":"https:\/\/rubenfiliberti.com.ar\/?post_type=product&#038;p=2093"},"modified":"2025-07-03T23:58:47","modified_gmt":"2025-07-03T23:58:47","slug":"chalet-sobre-pringles","status":"publish","type":"product","link":"https:\/\/rubenfiliberti.com.ar\/?product=chalet-sobre-pringles","title":{"rendered":"Chalet sobre Mu\u00f1oz 2199"},"content":{"rendered":"<h2 data-sourcepos=\"7:1-7:103\">\u00a1Atenci\u00f3n Inversores! Excelente Lote en Microcentro de San Miguel con Gran Potencial de Construcci\u00f3n<\/h2>\n<p data-sourcepos=\"9:1-9:271\">Descubr\u00ed una oportunidad inmejorable para tu pr\u00f3ximo proyecto en el coraz\u00f3n de <strong>San Miguel<\/strong>. Este amplio lote de <strong>8.66 x 30 metros<\/strong> (259.8 m\u00b2 totales) es ideal para el desarrollo de un <strong>edificio de hasta seis pisos<\/strong>, aprovechando al m\u00e1ximo su ubicaci\u00f3n estrat\u00e9gica.<\/p>\n<p data-sourcepos=\"11:1-11:37\">Actualmente, la propiedad cuenta con:<\/p>\n<ul data-sourcepos=\"13:1-15:0\">\n<li data-sourcepos=\"13:1-13:55\">Un <strong>chalet de tres ambientes<\/strong> con patio a la vista.<\/li>\n<li data-sourcepos=\"14:1-15:0\">Un <strong>departamento de dos ambientes<\/strong> separado.<\/li>\n<\/ul>\n<p data-sourcepos=\"16:1-16:217\">Esta disposici\u00f3n ofrece flexibilidad: puedes considerar una <strong>renta inmediata<\/strong> de las unidades existentes mientras gestion\u00e1s tu proyecto de construcci\u00f3n, o simplemente proceder con la demolici\u00f3n para iniciar la obra.<\/p>\n<p data-sourcepos=\"18:1-18:31\"><strong>Caracter\u00edsticas destacadas:<\/strong><\/p>\n<ul data-sourcepos=\"20:1-24:0\">\n<li data-sourcepos=\"20:1-20:67\"><strong>Medidas del Lote:<\/strong> 8.66 metros de frente x 30 metros de fondo.<\/li>\n<li data-sourcepos=\"21:1-21:73\"><strong>Potencial de Construcci\u00f3n:<\/strong> Ideal para edificio de hasta seis pisos.<\/li>\n<li data-sourcepos=\"22:1-22:103\"><strong>Ubicaci\u00f3n:<\/strong> Pleno <strong>microcentro de San Miguel<\/strong>, una zona de constante crecimiento y alta demanda.<\/li>\n<li data-sourcepos=\"23:1-24:0\"><strong>Valor de venta: U$S 150.000.<\/strong><\/li>\n<\/ul>\n<p data-sourcepos=\"25:1-25:133\">\u00a1No dejes pasar esta inversi\u00f3n estrat\u00e9gica con un potencial de desarrollo inigualable en una de las zonas m\u00e1s buscadas de San Miguel!<\/p>\n","protected":false},"excerpt":{"rendered":"<p data-sourcepos=\"5:1-5:83\"><a href=\"https:\/\/api.whatsapp.com\/send?phone=+5491159800209&amp;text=Quiero%20m%C3%A1s%20informaci%C3%B3n%20de%20Venta%20Chalet%20sobre%20Mu%C3%B1oz%202199\"><img decoding=\"async\" class=\"alignnone wp-image-3078 aligncenter\" src=\"https:\/\/rubenfiliberti.com.ar\/wp-content\/uploads\/2025\/06\/CONTACTAR-AGENTE-300x300.png\" alt=\"\" width=\"150\" height=\"150\" \/><\/a><\/p>\n<h2 style=\"text-align: center;\" data-sourcepos=\"7:1-7:103\">\u00a1Atenci\u00f3n Inversores! Excelente Lote en Microcentro de San Miguel con Gran Potencial de Construcci\u00f3n<\/h2>\n<p data-sourcepos=\"9:1-9:271\">Descubr\u00ed una oportunidad inmejorable para tu pr\u00f3ximo proyecto en el coraz\u00f3n de <strong>San Miguel<\/strong>. Este amplio lote de <strong>8.66 x 30 metros<\/strong> (259.8 m\u00b2 totales) es ideal para el desarrollo de un <strong>edificio de hasta seis pisos<\/strong>, aprovechando al m\u00e1ximo su ubicaci\u00f3n estrat\u00e9gica.<\/p>\n<p data-sourcepos=\"11:1-11:37\">Actualmente, la propiedad cuenta con:<\/p>\n<ul data-sourcepos=\"13:1-15:0\">\n<li data-sourcepos=\"13:1-13:55\">Un <strong>chalet de tres ambientes<\/strong> con patio a la vista.<\/li>\n<li data-sourcepos=\"14:1-15:0\">Un <strong>departamento de dos ambientes<\/strong> separado.<\/li>\n<\/ul>\n<p data-sourcepos=\"16:1-16:217\">Esta disposici\u00f3n ofrece flexibilidad: puedes considerar una <strong>renta inmediata<\/strong> de las unidades existentes mientras gestion\u00e1s tu proyecto de construcci\u00f3n, o simplemente proceder con la demolici\u00f3n para iniciar la obra.<\/p>\n<p data-sourcepos=\"18:1-18:31\"><strong>Caracter\u00edsticas destacadas:<\/strong><\/p>\n<ul data-sourcepos=\"20:1-24:0\">\n<li data-sourcepos=\"20:1-20:67\"><strong>Medidas del Lote:<\/strong> 8.66 metros de frente x 30 metros de fondo.<\/li>\n<li data-sourcepos=\"21:1-21:73\"><strong>Potencial de Construcci\u00f3n:<\/strong> Ideal para edificio de hasta seis pisos.<\/li>\n<li data-sourcepos=\"22:1-22:103\"><strong>Ubicaci\u00f3n:<\/strong> Pleno <strong>microcentro de San Miguel<\/strong>, una zona de constante crecimiento y alta demanda.<\/li>\n<li data-sourcepos=\"23:1-24:0\"><strong>Valor de venta: U$S 150.000.<\/strong><\/li>\n<\/ul>\n<p data-sourcepos=\"25:1-25:133\">\u00a1No dejes pasar esta inversi\u00f3n estrat\u00e9gica con un potencial de desarrollo inigualable en una de las zonas m\u00e1s buscadas de San Miguel!<\/p>\n<p><iframe style=\"border: 0;\" src=\"https:\/\/www.google.com\/maps\/embed?pb=!1m18!1m12!1m3!1d3286.7498451796077!2d-58.719331224262746!3d-34.534565272979066!2m3!1f0!2f0!3f0!3m2!1i1024!2i768!4f13.1!3m3!1m2!1s0x95bcbd6ae925250f%3A0xaaa6c0591c637216!2sMu%C3%B1oz%202199%2C%20B1663GSU%20San%20Miguel%2C%20Provincia%20de%20Buenos%20Aires!5e0!3m2!1ses-419!2sar!4v1700328881804!5m2!1ses-419!2sar\" width=\"600\" height=\"450\" allowfullscreen=\"allowfullscreen\"><\/iframe><\/p>\n<p><iframe style=\"border: 0;\" src=\"https:\/\/www.google.com\/maps\/embed?pb=!3m2!1ses-419!2sar!4v1700328938452!5m2!1ses-419!2sar!6m8!1m7!1scfm4mfoAxtE5piMcmrM77Q!2m2!1d-34.53459499147293!2d-58.71681800533081!3f171.013469315894!4f3.7834451757056797!5f0.7820865974627469\" width=\"600\" height=\"450\" allowfullscreen=\"allowfullscreen\"><\/iframe><\/p>\n","protected":false},"featured_media":2096,"template":"","meta":{"_joinchat":[]},"product_brand":[],"product_cat":[22,60,67,70,20],"product_tag":[],"class_list":{"0":"post-2093","1":"product","2":"type-product","3":"status-publish","4":"has-post-thumbnail","6":"product_cat-casa","7":"product_cat-cocheras","8":"product_cat-oportunidades","9":"product_cat-san-miguel","10":"product_cat-venta","12":"first","13":"instock","14":"sale","15":"shipping-taxable","16":"purchasable","17":"product-type-simple"},"yoast_head":"<!-- This site is optimized with the Yoast SEO plugin v27.4 - https:\/\/yoast.com\/product\/yoast-seo-wordpress\/ -->\n<title>Chalet sobre Mu\u00f1oz 2199 - Ruben Filiberti Inmobiliaria, Venta y Alquiler de casas, departamentos, oficinas, locales y terrenos, en el Partido de San Miguel, Buenos Aires, Argentina.<\/title>\n<meta name=\"robots\" content=\"index, follow, max-snippet:-1, max-image-preview:large, max-video-preview:-1\" \/>\n<link rel=\"canonical\" href=\"https:\/\/rubenfiliberti.com.ar\/?product=chalet-sobre-pringles\" \/>\n<meta property=\"og:locale\" content=\"es_ES\" \/>\n<meta property=\"og:type\" content=\"article\" \/>\n<meta property=\"og:title\" content=\"Chalet sobre Mu\u00f1oz 2199 - Ruben Filiberti Inmobiliaria, Venta y Alquiler de casas, departamentos, oficinas, locales y terrenos, en el Partido de San Miguel, Buenos Aires, Argentina.\" \/>\n<meta property=\"og:description\" content=\"\u00a1Atenci\u00f3n Inversores! Excelente Lote en Microcentro de San Miguel con Gran Potencial de Construcci\u00f3n Descubr\u00ed una oportunidad inmejorable para tu pr\u00f3ximo proyecto en el coraz\u00f3n de San Miguel. Este amplio lote de 8.66 x 30 metros (259.8 m\u00b2 totales) es ideal para el desarrollo de un edificio de hasta seis pisos, aprovechando al m\u00e1ximo su ubicaci\u00f3n estrat\u00e9gica. Actualmente, la propiedad cuenta con:    Un chalet de tres ambientes con patio a la vista.  Un departamento de dos ambientes separado.  Esta disposici\u00f3n ofrece flexibilidad: puedes considerar una renta inmediata de las unidades existentes mientras gestion\u00e1s tu proyecto de construcci\u00f3n, o simplemente proceder con la demolici\u00f3n para iniciar la obra. Caracter\u00edsticas destacadas:    Medidas del Lote: 8.66 metros de frente x 30 metros de fondo.  Potencial de Construcci\u00f3n: Ideal para edificio de hasta seis pisos.  Ubicaci\u00f3n: Pleno microcentro de San Miguel, una zona de constante crecimiento y alta demanda.  Valor de venta: U$S 150.000.  \u00a1No dejes pasar esta inversi\u00f3n estrat\u00e9gica con un potencial de desarrollo inigualable en una de las zonas m\u00e1s buscadas de San Miguel!\" \/>\n<meta property=\"og:url\" content=\"https:\/\/rubenfiliberti.com.ar\/?product=chalet-sobre-pringles\" \/>\n<meta property=\"og:site_name\" content=\"Ruben Filiberti Inmobiliaria, Venta y Alquiler de casas, departamentos, oficinas, locales y terrenos, en el Partido de San Miguel, Buenos Aires, Argentina.\" \/>\n<meta property=\"article:modified_time\" content=\"2025-07-03T23:58:47+00:00\" \/>\n<meta property=\"og:image\" content=\"https:\/\/rubenfiliberti.com.ar\/wp-content\/uploads\/2023\/11\/WhatsApp-Image-2023-11-18-at-12.00.03-PM.jpeg\" \/>\n\t<meta property=\"og:image:width\" content=\"1600\" \/>\n\t<meta property=\"og:image:height\" content=\"1200\" \/>\n\t<meta property=\"og:image:type\" content=\"image\/jpeg\" \/>\n<meta name=\"twitter:card\" content=\"summary_large_image\" \/>\n<meta name=\"twitter:label1\" content=\"Tiempo de lectura\" \/>\n\t<meta name=\"twitter:data1\" content=\"1 minuto\" \/>\n<script type=\"application\/ld+json\" class=\"yoast-schema-graph\">{\"@context\":\"https:\\\/\\\/schema.org\",\"@graph\":[{\"@type\":\"WebPage\",\"@id\":\"https:\\\/\\\/rubenfiliberti.com.ar\\\/?product=chalet-sobre-pringles\",\"url\":\"https:\\\/\\\/rubenfiliberti.com.ar\\\/?product=chalet-sobre-pringles\",\"name\":\"Chalet sobre Mu\u00f1oz 2199 - Ruben Filiberti Inmobiliaria, Venta y Alquiler de casas, departamentos, oficinas, locales y terrenos, en el Partido de San Miguel, Buenos Aires, Argentina.\",\"isPartOf\":{\"@id\":\"https:\\\/\\\/rubenfiliberti.com.ar\\\/#website\"},\"primaryImageOfPage\":{\"@id\":\"https:\\\/\\\/rubenfiliberti.com.ar\\\/?product=chalet-sobre-pringles#primaryimage\"},\"image\":{\"@id\":\"https:\\\/\\\/rubenfiliberti.com.ar\\\/?product=chalet-sobre-pringles#primaryimage\"},\"thumbnailUrl\":\"https:\\\/\\\/rubenfiliberti.com.ar\\\/wp-content\\\/uploads\\\/2023\\\/11\\\/WhatsApp-Image-2023-11-18-at-12.00.03-PM.jpeg\",\"datePublished\":\"2023-11-18T16:29:50+00:00\",\"dateModified\":\"2025-07-03T23:58:47+00:00\",\"breadcrumb\":{\"@id\":\"https:\\\/\\\/rubenfiliberti.com.ar\\\/?product=chalet-sobre-pringles#breadcrumb\"},\"inLanguage\":\"es\",\"potentialAction\":[{\"@type\":\"ReadAction\",\"target\":[\"https:\\\/\\\/rubenfiliberti.com.ar\\\/?product=chalet-sobre-pringles\"]}]},{\"@type\":\"ImageObject\",\"inLanguage\":\"es\",\"@id\":\"https:\\\/\\\/rubenfiliberti.com.ar\\\/?product=chalet-sobre-pringles#primaryimage\",\"url\":\"https:\\\/\\\/rubenfiliberti.com.ar\\\/wp-content\\\/uploads\\\/2023\\\/11\\\/WhatsApp-Image-2023-11-18-at-12.00.03-PM.jpeg\",\"contentUrl\":\"https:\\\/\\\/rubenfiliberti.com.ar\\\/wp-content\\\/uploads\\\/2023\\\/11\\\/WhatsApp-Image-2023-11-18-at-12.00.03-PM.jpeg\",\"width\":1600,\"height\":1200},{\"@type\":\"BreadcrumbList\",\"@id\":\"https:\\\/\\\/rubenfiliberti.com.ar\\\/?product=chalet-sobre-pringles#breadcrumb\",\"itemListElement\":[{\"@type\":\"ListItem\",\"position\":1,\"name\":\"Portada\",\"item\":\"https:\\\/\\\/rubenfiliberti.com.ar\\\/\"},{\"@type\":\"ListItem\",\"position\":2,\"name\":\"Productos\",\"item\":\"https:\\\/\\\/rubenfiliberti.com.ar\\\/?post_type=product\"},{\"@type\":\"ListItem\",\"position\":3,\"name\":\"Chalet sobre Mu\u00f1oz 2199\"}]},{\"@type\":\"WebSite\",\"@id\":\"https:\\\/\\\/rubenfiliberti.com.ar\\\/#website\",\"url\":\"https:\\\/\\\/rubenfiliberti.com.ar\\\/\",\"name\":\"Inmobiliaria Ruben Filiberti, Venta y Alquiler de casas, departamentos, oficinas, locales y terrenos, en el Partido de San Miguel, Buenos Aires, Argentina.\",\"description\":\"Ruben Filiberti Inmobiliaria , Venta y Alquiler de casas, departamentos, oficinas, locales y terrenos, en el Partido de San Miguel, Buenos Aires, Argentina.\",\"publisher\":{\"@id\":\"https:\\\/\\\/rubenfiliberti.com.ar\\\/#\\\/schema\\\/person\\\/1e26d66aefc103ef3f6dddcbf461eb13\"},\"potentialAction\":[{\"@type\":\"SearchAction\",\"target\":{\"@type\":\"EntryPoint\",\"urlTemplate\":\"https:\\\/\\\/rubenfiliberti.com.ar\\\/?s={search_term_string}\"},\"query-input\":{\"@type\":\"PropertyValueSpecification\",\"valueRequired\":true,\"valueName\":\"search_term_string\"}}],\"inLanguage\":\"es\"},{\"@type\":[\"Person\",\"Organization\"],\"@id\":\"https:\\\/\\\/rubenfiliberti.com.ar\\\/#\\\/schema\\\/person\\\/1e26d66aefc103ef3f6dddcbf461eb13\",\"name\":\"admin\",\"image\":{\"@type\":\"ImageObject\",\"inLanguage\":\"es\",\"@id\":\"https:\\\/\\\/secure.gravatar.com\\\/avatar\\\/850baa19a0ab678ad4b5f824032d2ccc165f04b2ee4c50bb01d86b5c78f108b5?s=96&d=mm&r=g\",\"url\":\"https:\\\/\\\/secure.gravatar.com\\\/avatar\\\/850baa19a0ab678ad4b5f824032d2ccc165f04b2ee4c50bb01d86b5c78f108b5?s=96&d=mm&r=g\",\"contentUrl\":\"https:\\\/\\\/secure.gravatar.com\\\/avatar\\\/850baa19a0ab678ad4b5f824032d2ccc165f04b2ee4c50bb01d86b5c78f108b5?s=96&d=mm&r=g\",\"caption\":\"admin\"},\"logo\":{\"@id\":\"https:\\\/\\\/secure.gravatar.com\\\/avatar\\\/850baa19a0ab678ad4b5f824032d2ccc165f04b2ee4c50bb01d86b5c78f108b5?s=96&d=mm&r=g\"},\"sameAs\":[\"https:\\\/\\\/rubenfiliberti.com.ar\"]}]}<\/script>\n<!-- \/ Yoast SEO plugin. -->","yoast_head_json":{"title":"Chalet sobre Mu\u00f1oz 2199 - Ruben Filiberti Inmobiliaria, Venta y Alquiler de casas, departamentos, oficinas, locales y terrenos, en el Partido de San Miguel, Buenos Aires, Argentina.","robots":{"index":"index","follow":"follow","max-snippet":"max-snippet:-1","max-image-preview":"max-image-preview:large","max-video-preview":"max-video-preview:-1"},"canonical":"https:\/\/rubenfiliberti.com.ar\/?product=chalet-sobre-pringles","og_locale":"es_ES","og_type":"article","og_title":"Chalet sobre Mu\u00f1oz 2199 - Ruben Filiberti Inmobiliaria, Venta y Alquiler de casas, departamentos, oficinas, locales y terrenos, en el Partido de San Miguel, Buenos Aires, Argentina.","og_description":"\u00a1Atenci\u00f3n Inversores! Excelente Lote en Microcentro de San Miguel con Gran Potencial de Construcci\u00f3n Descubr\u00ed una oportunidad inmejorable para tu pr\u00f3ximo proyecto en el coraz\u00f3n de San Miguel. Este amplio lote de 8.66 x 30 metros (259.8 m\u00b2 totales) es ideal para el desarrollo de un edificio de hasta seis pisos, aprovechando al m\u00e1ximo su ubicaci\u00f3n estrat\u00e9gica. Actualmente, la propiedad cuenta con:    Un chalet de tres ambientes con patio a la vista.  Un departamento de dos ambientes separado.  Esta disposici\u00f3n ofrece flexibilidad: puedes considerar una renta inmediata de las unidades existentes mientras gestion\u00e1s tu proyecto de construcci\u00f3n, o simplemente proceder con la demolici\u00f3n para iniciar la obra. Caracter\u00edsticas destacadas:    Medidas del Lote: 8.66 metros de frente x 30 metros de fondo.  Potencial de Construcci\u00f3n: Ideal para edificio de hasta seis pisos.  Ubicaci\u00f3n: Pleno microcentro de San Miguel, una zona de constante crecimiento y alta demanda.  Valor de venta: U$S 150.000.  \u00a1No dejes pasar esta inversi\u00f3n estrat\u00e9gica con un potencial de desarrollo inigualable en una de las zonas m\u00e1s buscadas de San Miguel!","og_url":"https:\/\/rubenfiliberti.com.ar\/?product=chalet-sobre-pringles","og_site_name":"Ruben Filiberti Inmobiliaria, Venta y Alquiler de casas, departamentos, oficinas, locales y terrenos, en el Partido de San Miguel, Buenos Aires, Argentina.","article_modified_time":"2025-07-03T23:58:47+00:00","og_image":[{"width":1600,"height":1200,"url":"https:\/\/rubenfiliberti.com.ar\/wp-content\/uploads\/2023\/11\/WhatsApp-Image-2023-11-18-at-12.00.03-PM.jpeg","type":"image\/jpeg"}],"twitter_card":"summary_large_image","twitter_misc":{"Tiempo de lectura":"1 minuto"},"schema":{"@context":"https:\/\/schema.org","@graph":[{"@type":"WebPage","@id":"https:\/\/rubenfiliberti.com.ar\/?product=chalet-sobre-pringles","url":"https:\/\/rubenfiliberti.com.ar\/?product=chalet-sobre-pringles","name":"Chalet sobre Mu\u00f1oz 2199 - Ruben Filiberti Inmobiliaria, Venta y Alquiler de casas, departamentos, oficinas, locales y terrenos, en el Partido de San Miguel, Buenos Aires, Argentina.","isPartOf":{"@id":"https:\/\/rubenfiliberti.com.ar\/#website"},"primaryImageOfPage":{"@id":"https:\/\/rubenfiliberti.com.ar\/?product=chalet-sobre-pringles#primaryimage"},"image":{"@id":"https:\/\/rubenfiliberti.com.ar\/?product=chalet-sobre-pringles#primaryimage"},"thumbnailUrl":"https:\/\/rubenfiliberti.com.ar\/wp-content\/uploads\/2023\/11\/WhatsApp-Image-2023-11-18-at-12.00.03-PM.jpeg","datePublished":"2023-11-18T16:29:50+00:00","dateModified":"2025-07-03T23:58:47+00:00","breadcrumb":{"@id":"https:\/\/rubenfiliberti.com.ar\/?product=chalet-sobre-pringles#breadcrumb"},"inLanguage":"es","potentialAction":[{"@type":"ReadAction","target":["https:\/\/rubenfiliberti.com.ar\/?product=chalet-sobre-pringles"]}]},{"@type":"ImageObject","inLanguage":"es","@id":"https:\/\/rubenfiliberti.com.ar\/?product=chalet-sobre-pringles#primaryimage","url":"https:\/\/rubenfiliberti.com.ar\/wp-content\/uploads\/2023\/11\/WhatsApp-Image-2023-11-18-at-12.00.03-PM.jpeg","contentUrl":"https:\/\/rubenfiliberti.com.ar\/wp-content\/uploads\/2023\/11\/WhatsApp-Image-2023-11-18-at-12.00.03-PM.jpeg","width":1600,"height":1200},{"@type":"BreadcrumbList","@id":"https:\/\/rubenfiliberti.com.ar\/?product=chalet-sobre-pringles#breadcrumb","itemListElement":[{"@type":"ListItem","position":1,"name":"Portada","item":"https:\/\/rubenfiliberti.com.ar\/"},{"@type":"ListItem","position":2,"name":"Productos","item":"https:\/\/rubenfiliberti.com.ar\/?post_type=product"},{"@type":"ListItem","position":3,"name":"Chalet sobre Mu\u00f1oz 2199"}]},{"@type":"WebSite","@id":"https:\/\/rubenfiliberti.com.ar\/#website","url":"https:\/\/rubenfiliberti.com.ar\/","name":"Inmobiliaria Ruben Filiberti, Venta y Alquiler de casas, departamentos, oficinas, locales y terrenos, en el Partido de San Miguel, Buenos Aires, Argentina.","description":"Ruben Filiberti Inmobiliaria , Venta y Alquiler de casas, departamentos, oficinas, locales y terrenos, en el Partido de San Miguel, Buenos Aires, Argentina.","publisher":{"@id":"https:\/\/rubenfiliberti.com.ar\/#\/schema\/person\/1e26d66aefc103ef3f6dddcbf461eb13"},"potentialAction":[{"@type":"SearchAction","target":{"@type":"EntryPoint","urlTemplate":"https:\/\/rubenfiliberti.com.ar\/?s={search_term_string}"},"query-input":{"@type":"PropertyValueSpecification","valueRequired":true,"valueName":"search_term_string"}}],"inLanguage":"es"},{"@type":["Person","Organization"],"@id":"https:\/\/rubenfiliberti.com.ar\/#\/schema\/person\/1e26d66aefc103ef3f6dddcbf461eb13","name":"admin","image":{"@type":"ImageObject","inLanguage":"es","@id":"https:\/\/secure.gravatar.com\/avatar\/850baa19a0ab678ad4b5f824032d2ccc165f04b2ee4c50bb01d86b5c78f108b5?s=96&d=mm&r=g","url":"https:\/\/secure.gravatar.com\/avatar\/850baa19a0ab678ad4b5f824032d2ccc165f04b2ee4c50bb01d86b5c78f108b5?s=96&d=mm&r=g","contentUrl":"https:\/\/secure.gravatar.com\/avatar\/850baa19a0ab678ad4b5f824032d2ccc165f04b2ee4c50bb01d86b5c78f108b5?s=96&d=mm&r=g","caption":"admin"},"logo":{"@id":"https:\/\/secure.gravatar.com\/avatar\/850baa19a0ab678ad4b5f824032d2ccc165f04b2ee4c50bb01d86b5c78f108b5?s=96&d=mm&r=g"},"sameAs":["https:\/\/rubenfiliberti.com.ar"]}]}},"_links":{"self":[{"href":"https:\/\/rubenfiliberti.com.ar\/index.php?rest_route=\/wp\/v2\/product\/2093","targetHints":{"allow":["GET"]}}],"collection":[{"href":"https:\/\/rubenfiliberti.com.ar\/index.php?rest_route=\/wp\/v2\/product"}],"about":[{"href":"https:\/\/rubenfiliberti.com.ar\/index.php?rest_route=\/wp\/v2\/types\/product"}],"version-history":[{"count":4,"href":"https:\/\/rubenfiliberti.com.ar\/index.php?rest_route=\/wp\/v2\/product\/2093\/revisions"}],"predecessor-version":[{"id":3151,"href":"https:\/\/rubenfiliberti.com.ar\/index.php?rest_route=\/wp\/v2\/product\/2093\/revisions\/3151"}],"wp:featuredmedia":[{"embeddable":true,"href":"https:\/\/rubenfiliberti.com.ar\/index.php?rest_route=\/wp\/v2\/media\/2096"}],"wp:attachment":[{"href":"https:\/\/rubenfiliberti.com.ar\/index.php?rest_route=%2Fwp%2Fv2%2Fmedia&parent=2093"}],"wp:term":[{"taxonomy":"product_brand","embeddable":true,"href":"https:\/\/rubenfiliberti.com.ar\/index.php?rest_route=%2Fwp%2Fv2%2Fproduct_brand&post=2093"},{"taxonomy":"product_cat","embeddable":true,"href":"https:\/\/rubenfiliberti.com.ar\/index.php?rest_route=%2Fwp%2Fv2%2Fproduct_cat&post=2093"},{"taxonomy":"product_tag","embeddable":true,"href":"https:\/\/rubenfiliberti.com.ar\/index.php?rest_route=%2Fwp%2Fv2%2Fproduct_tag&post=2093"}],"curies":[{"name":"wp","href":"https:\/\/api.w.org\/{rel}","templated":true}]}}