{"id":2870,"date":"2025-04-25T13:58:59","date_gmt":"2025-04-25T13:58:59","guid":{"rendered":"https:\/\/rubenfiliberti.com.ar\/?post_type=product&#038;p=2870"},"modified":"2025-10-15T03:00:57","modified_gmt":"2025-10-15T03:00:57","slug":"departamento-sobre-rodriguez-pena-1210-1er-piso-c-balcon","status":"publish","type":"product","link":"https:\/\/rubenfiliberti.com.ar\/?product=departamento-sobre-rodriguez-pena-1210-1er-piso-c-balcon","title":{"rendered":"Departamento sobre Rodriguez Pe\u00f1a 1210, 1er Piso c Balc\u00f3n"},"content":{"rendered":"<h3 data-start=\"194\" data-end=\"348\">\ud83c\udfe1\u2728 <strong data-start=\"198\" data-end=\"246\">OPORTUNIDAD \u00daNICA EN SAN MIGUEL \u2013 USD 65.000<\/strong><span class=\"_fadeIn_4f9by_7\">\ud83d\udccd<\/span>\u2728\ud83c\udfe1 <br data-start=\"250\" data-end=\"253\" \/>\ud83d\udccdRodr\u00edguez <strong data-start=\"256\" data-end=\"312\">Pe\u00f1a 1210 \u2013 1.\u00ba Piso con Balc\u00f3n a la Calle<\/strong><span class=\"_fadeIn_4f9by_7\"> \ud83d\udcb0<\/span><\/h3>\n<p class=\"\" data-start=\"350\" data-end=\"464\">Este departamento de <strong data-start=\"371\" data-end=\"386\">2 ambientes<\/strong><span class=\"_fadeIn_4f9by_7\"> re\u00fane <\/span><span class=\"_fadeIn_4f9by_7\">todo <\/span><span class=\"_fadeIn_4f9by_7\">lo <\/span><span class=\"_fadeIn_4f9by_7\">necesario<\/span>Re\u00fane todo lo necesario para vivir con comodidad o invertir con inteligencia:<\/p>\n<p class=\"\" data-start=\"466\" data-end=\"785\">\ud83d\udd39 <strong data-start=\"469\" data-end=\"543\">Amplio living-comedor con salida a un balc\u00f3n corrido y muy disfrutable<\/strong><span class=\"_fadeIn_4f9by_7\">\u00a0<\/span><br data-start=\"543\" data-end=\"546\" \/>\ud83d\udd39 <strong data-start=\"549\" data-end=\"608\">Habitaci\u00f3n espaciosa, con excelente luminosidad natural.<\/strong><span class=\"_fadeIn_4f9by_7\">\u00a0<\/span><br data-start=\"608\" data-end=\"611\" \/>\ud83d\udd39 <strong data-start=\"614\" data-end=\"692\">Cocina independiente con gran mesada, ideal para quienes disfrutan cocinar<\/strong><strong data-start=\"698\" data-end=\"718\" data-is-last-node=\"\"><span class=\"_fadeIn_4f9by_7\">cerrado<\/span><\/strong><br data-start=\"692\" data-end=\"695\" \/>\ud83d\udd39 <strong data-start=\"698\" data-end=\"734\">Lavadero cerrado con termotanque<\/strong><span class=\"_fadeIn_4f9by_7\">\u00a0<\/span><br data-start=\"734\" data-end=\"737\" \/>\ud83d\udd39 <strong data-start=\"740\" data-end=\"785\">Balc\u00f3n largo con vista abierta a la calle<\/strong><\/p>\n<p class=\"\" data-start=\"787\" data-end=\"908\"><span class=\"_fadeIn_4f9by_7\">\ud83e\uddf1 <\/span>\u00a0Todos los ambientes son luminosos y bien ventilados. <br data-start=\"842\" data-end=\"845\" \/>\ud83e\uddf1 Ubicado en un <strong data-start=\"862\" data-end=\"890\">primer piso por escalera o ascensor<\/strong> , c\u00f3modo y seguro.<\/p>\n<h1 data-start=\"910\" data-end=\"1035\">\ud83d\udcb5 <strong data-start=\"913\" data-end=\"943\">Valor de venta: <\/strong><strong data-start=\"878\" data-end=\"900\"><span style=\"color: #0000ff;\">USD 65.000<\/span><\/strong><\/h1>\n<p class=\"\" data-start=\"910\" data-end=\"1035\"><strong data-start=\"913\" data-end=\"943\">\ud83d\udcde Contact\u00e1 a RUB\u00c9N FLIBERTI<span class=\"_fadeIn_4f9by_7\"> y <\/span><span class=\"_fadeIn_4f9by_7\">coordina <\/span><span class=\"_fadeIn_4f9by_7\">tu <\/span><span class=\"_fadeIn_4f9by_7\">visita<\/span>y coordinar\u00e1 tu visita. \u00a1Esta propiedad no va a durar!<\/strong><br data-start=\"943\" data-end=\"946\" \/>\ud83c\udfe6 <strong data-start=\"949\" data-end=\"984\">\u00a1APTO PARA CR\u00c9DITO HIPOTECARIO!<\/strong> <span class=\"_fadeIn_4f9by_7\">\u00a0<\/span>Una gran ventaja para quienes buscan financiaci\u00f3n.<\/p>\n<p class=\"\" data-start=\"1037\" data-end=\"1174\">\ud83d\udcde <strong data-start=\"1040\" data-end=\"1103\">Consultar\u00e1 con Rub\u00e9n Fliberti y coordinar\u00e1 tu visita hoy mismo.<\/strong><br data-start=\"1103\" data-end=\"1106\" \/>\ud83d\udccc <strong data-start=\"1109\" data-end=\"1174\">\u00a1No dejes pasar esta oportunidad en el coraz\u00f3n de San Miguel!<\/strong><\/p>\n<p class=\"\" data-start=\"987\" data-end=\"1072\">\n","protected":false},"excerpt":{"rendered":"<p data-sourcepos=\"5:1-5:83\"><a href=\"https:\/\/api.whatsapp.com\/send?phone=+5491159800209&amp;text=Quiero%20m%C3%A1s%20informaci%C3%B3n%20de%20Venta%20Departamento%20sobre%20Rodriguez%20Pe%C3%B1a%201210,%201er%20Piso%20c%20Balc%C3%B3n\"><img decoding=\"async\" class=\"alignnone wp-image-3078 aligncenter\" src=\"https:\/\/rubenfiliberti.com.ar\/wp-content\/uploads\/2025\/06\/CONTACTAR-AGENTE-300x300.png\" alt=\"\" width=\"150\" height=\"150\" \/><\/a><\/p>\n<h3 data-start=\"194\" data-end=\"348\"><\/h3>\n<h3 style=\"text-align: center;\" data-start=\"194\" data-end=\"348\">\ud83d\udccdRodr\u00edguez <strong data-start=\"256\" data-end=\"312\">Pe\u00f1a 1210 \u2013 1.\u00ba Piso con Balc\u00f3n a la Calle<\/strong><span class=\"_fadeIn_4f9by_7\"> \ud83d\udcb0<\/span><br data-start=\"312\" data-end=\"315\" \/><\/h3>\n<p class=\"\" data-start=\"350\" data-end=\"464\">Este departamento de <strong data-start=\"371\" data-end=\"386\">2 ambientes<\/strong><span class=\"_fadeIn_4f9by_7\"> re\u00fane <\/span><span class=\"_fadeIn_4f9by_7\">todo <\/span><span class=\"_fadeIn_4f9by_7\">lo <\/span><span class=\"_fadeIn_4f9by_7\">necesario<\/span>Re\u00fane todo lo necesario para vivir con comodidad o invertir con inteligencia:<\/p>\n<p class=\"\" data-start=\"466\" data-end=\"785\">\ud83d\udd39 <strong data-start=\"469\" data-end=\"543\">Amplio living-comedor con salida a un balc\u00f3n corrido y muy disfrutable<\/strong><span class=\"_fadeIn_4f9by_7\">\u00a0<\/span><br data-start=\"543\" data-end=\"546\" \/>\ud83d\udd39 <strong data-start=\"549\" data-end=\"608\">Habitaci\u00f3n espaciosa, con excelente luminosidad natural.<\/strong><span class=\"_fadeIn_4f9by_7\">\u00a0<\/span><br data-start=\"608\" data-end=\"611\" \/>\ud83d\udd39 <strong data-start=\"614\" data-end=\"692\">Cocina independiente con gran mesada, ideal para quienes disfrutan cocinar<\/strong><strong data-start=\"698\" data-end=\"718\" data-is-last-node=\"\"><span class=\"_fadeIn_4f9by_7\">cerrado<\/span><\/strong><br data-start=\"692\" data-end=\"695\" \/>\ud83d\udd39 <strong data-start=\"698\" data-end=\"734\">Lavadero cerrado con termotanque<\/strong><span class=\"_fadeIn_4f9by_7\">\u00a0<\/span><br data-start=\"734\" data-end=\"737\" \/>\ud83d\udd39 <strong data-start=\"740\" data-end=\"785\">Balc\u00f3n largo con vista abierta a la calle<\/strong><\/p>\n","protected":false},"featured_media":2894,"template":"","meta":{"_joinchat":[]},"product_brand":[],"product_cat":[32,23,19,70,20],"product_tag":[],"class_list":{"0":"post-2870","1":"product","2":"type-product","3":"status-publish","4":"has-post-thumbnail","6":"product_cat-2-ambientes","7":"product_cat-departamento","8":"product_cat-propiedades-en-venta-o-alquiler","9":"product_cat-san-miguel","10":"product_cat-venta","12":"first","13":"instock","14":"shipping-taxable","15":"purchasable","16":"product-type-simple"},"yoast_head":"<!-- This site is optimized with the Yoast SEO plugin v27.5 - https:\/\/yoast.com\/product\/yoast-seo-wordpress\/ -->\n<title>Departamento sobre Rodriguez Pe\u00f1a 1210, 1er Piso c Balc\u00f3n - Ruben Filiberti Inmobiliaria, Venta y Alquiler de casas, departamentos, oficinas, locales y terrenos, en el Partido de San Miguel, Buenos Aires, Argentina.<\/title>\n<meta name=\"robots\" content=\"index, follow, max-snippet:-1, max-image-preview:large, max-video-preview:-1\" \/>\n<link rel=\"canonical\" href=\"https:\/\/rubenfiliberti.com.ar\/?product=departamento-sobre-rodriguez-pena-1210-1er-piso-c-balcon\" \/>\n<meta property=\"og:locale\" content=\"es_ES\" \/>\n<meta property=\"og:type\" content=\"article\" \/>\n<meta property=\"og:title\" content=\"Departamento sobre Rodriguez Pe\u00f1a 1210, 1er Piso c Balc\u00f3n - Ruben Filiberti Inmobiliaria, Venta y Alquiler de casas, departamentos, oficinas, locales y terrenos, en el Partido de San Miguel, Buenos Aires, Argentina.\" \/>\n<meta property=\"og:description\" content=\"\ud83d\udccdRodr\u00edguez Pe\u00f1a 1210 \u2013 1.\u00ba Piso con Balc\u00f3n a la Calle \ud83d\udcb0 Este departamento de 2 ambientes re\u00fane todo lo necesarioRe\u00fane todo lo necesario para vivir con comodidad o invertir con inteligencia: \ud83d\udd39 Amplio living-comedor con salida a un balc\u00f3n corrido y muy disfrutable\u00a0\ud83d\udd39 Habitaci\u00f3n espaciosa, con excelente luminosidad natural.\u00a0\ud83d\udd39 Cocina independiente con gran mesada, ideal para quienes disfrutan cocinarcerrado\ud83d\udd39 Lavadero cerrado con termotanque\u00a0\ud83d\udd39 Balc\u00f3n largo con vista abierta a la calle\" \/>\n<meta property=\"og:url\" content=\"https:\/\/rubenfiliberti.com.ar\/?product=departamento-sobre-rodriguez-pena-1210-1er-piso-c-balcon\" \/>\n<meta property=\"og:site_name\" content=\"Ruben Filiberti Inmobiliaria, Venta y Alquiler de casas, departamentos, oficinas, locales y terrenos, en el Partido de San Miguel, Buenos Aires, Argentina.\" \/>\n<meta property=\"article:modified_time\" content=\"2025-10-15T03:00:57+00:00\" \/>\n<meta property=\"og:image\" content=\"https:\/\/rubenfiliberti.com.ar\/wp-content\/uploads\/2025\/04\/WhatsApp-Image-2025-04-24-at-10.39.40.jpeg\" \/>\n\t<meta property=\"og:image:width\" content=\"960\" \/>\n\t<meta property=\"og:image:height\" content=\"1280\" \/>\n\t<meta property=\"og:image:type\" content=\"image\/jpeg\" \/>\n<meta name=\"twitter:card\" content=\"summary_large_image\" \/>\n<meta name=\"twitter:label1\" content=\"Tiempo de lectura\" \/>\n\t<meta name=\"twitter:data1\" content=\"1 minuto\" \/>\n<script type=\"application\/ld+json\" class=\"yoast-schema-graph\">{\"@context\":\"https:\\\/\\\/schema.org\",\"@graph\":[{\"@type\":\"WebPage\",\"@id\":\"https:\\\/\\\/rubenfiliberti.com.ar\\\/?product=departamento-sobre-rodriguez-pena-1210-1er-piso-c-balcon\",\"url\":\"https:\\\/\\\/rubenfiliberti.com.ar\\\/?product=departamento-sobre-rodriguez-pena-1210-1er-piso-c-balcon\",\"name\":\"Departamento sobre Rodriguez Pe\u00f1a 1210, 1er Piso c Balc\u00f3n - Ruben Filiberti Inmobiliaria, Venta y Alquiler de casas, departamentos, oficinas, locales y terrenos, en el Partido de San Miguel, Buenos Aires, Argentina.\",\"isPartOf\":{\"@id\":\"https:\\\/\\\/rubenfiliberti.com.ar\\\/#website\"},\"primaryImageOfPage\":{\"@id\":\"https:\\\/\\\/rubenfiliberti.com.ar\\\/?product=departamento-sobre-rodriguez-pena-1210-1er-piso-c-balcon#primaryimage\"},\"image\":{\"@id\":\"https:\\\/\\\/rubenfiliberti.com.ar\\\/?product=departamento-sobre-rodriguez-pena-1210-1er-piso-c-balcon#primaryimage\"},\"thumbnailUrl\":\"https:\\\/\\\/rubenfiliberti.com.ar\\\/wp-content\\\/uploads\\\/2025\\\/04\\\/WhatsApp-Image-2025-04-24-at-10.39.40.jpeg\",\"datePublished\":\"2025-04-25T13:58:59+00:00\",\"dateModified\":\"2025-10-15T03:00:57+00:00\",\"breadcrumb\":{\"@id\":\"https:\\\/\\\/rubenfiliberti.com.ar\\\/?product=departamento-sobre-rodriguez-pena-1210-1er-piso-c-balcon#breadcrumb\"},\"inLanguage\":\"es\",\"potentialAction\":[{\"@type\":\"ReadAction\",\"target\":[\"https:\\\/\\\/rubenfiliberti.com.ar\\\/?product=departamento-sobre-rodriguez-pena-1210-1er-piso-c-balcon\"]}]},{\"@type\":\"ImageObject\",\"inLanguage\":\"es\",\"@id\":\"https:\\\/\\\/rubenfiliberti.com.ar\\\/?product=departamento-sobre-rodriguez-pena-1210-1er-piso-c-balcon#primaryimage\",\"url\":\"https:\\\/\\\/rubenfiliberti.com.ar\\\/wp-content\\\/uploads\\\/2025\\\/04\\\/WhatsApp-Image-2025-04-24-at-10.39.40.jpeg\",\"contentUrl\":\"https:\\\/\\\/rubenfiliberti.com.ar\\\/wp-content\\\/uploads\\\/2025\\\/04\\\/WhatsApp-Image-2025-04-24-at-10.39.40.jpeg\",\"width\":960,\"height\":1280},{\"@type\":\"BreadcrumbList\",\"@id\":\"https:\\\/\\\/rubenfiliberti.com.ar\\\/?product=departamento-sobre-rodriguez-pena-1210-1er-piso-c-balcon#breadcrumb\",\"itemListElement\":[{\"@type\":\"ListItem\",\"position\":1,\"name\":\"Portada\",\"item\":\"https:\\\/\\\/rubenfiliberti.com.ar\\\/\"},{\"@type\":\"ListItem\",\"position\":2,\"name\":\"Productos\",\"item\":\"https:\\\/\\\/rubenfiliberti.com.ar\\\/?post_type=product\"},{\"@type\":\"ListItem\",\"position\":3,\"name\":\"Departamento sobre Rodriguez Pe\u00f1a 1210, 1er Piso c Balc\u00f3n\"}]},{\"@type\":\"WebSite\",\"@id\":\"https:\\\/\\\/rubenfiliberti.com.ar\\\/#website\",\"url\":\"https:\\\/\\\/rubenfiliberti.com.ar\\\/\",\"name\":\"Inmobiliaria Ruben Filiberti, Venta y Alquiler de casas, departamentos, oficinas, locales y terrenos, en el Partido de San Miguel, Buenos Aires, Argentina.\",\"description\":\"Ruben Filiberti Inmobiliaria , Venta y Alquiler de casas, departamentos, oficinas, locales y terrenos, en el Partido de San Miguel, Buenos Aires, Argentina.\",\"publisher\":{\"@id\":\"https:\\\/\\\/rubenfiliberti.com.ar\\\/#\\\/schema\\\/person\\\/1e26d66aefc103ef3f6dddcbf461eb13\"},\"potentialAction\":[{\"@type\":\"SearchAction\",\"target\":{\"@type\":\"EntryPoint\",\"urlTemplate\":\"https:\\\/\\\/rubenfiliberti.com.ar\\\/?s={search_term_string}\"},\"query-input\":{\"@type\":\"PropertyValueSpecification\",\"valueRequired\":true,\"valueName\":\"search_term_string\"}}],\"inLanguage\":\"es\"},{\"@type\":[\"Person\",\"Organization\"],\"@id\":\"https:\\\/\\\/rubenfiliberti.com.ar\\\/#\\\/schema\\\/person\\\/1e26d66aefc103ef3f6dddcbf461eb13\",\"name\":\"admin\",\"image\":{\"@type\":\"ImageObject\",\"inLanguage\":\"es\",\"@id\":\"https:\\\/\\\/secure.gravatar.com\\\/avatar\\\/850baa19a0ab678ad4b5f824032d2ccc165f04b2ee4c50bb01d86b5c78f108b5?s=96&d=mm&r=g\",\"url\":\"https:\\\/\\\/secure.gravatar.com\\\/avatar\\\/850baa19a0ab678ad4b5f824032d2ccc165f04b2ee4c50bb01d86b5c78f108b5?s=96&d=mm&r=g\",\"contentUrl\":\"https:\\\/\\\/secure.gravatar.com\\\/avatar\\\/850baa19a0ab678ad4b5f824032d2ccc165f04b2ee4c50bb01d86b5c78f108b5?s=96&d=mm&r=g\",\"caption\":\"admin\"},\"logo\":{\"@id\":\"https:\\\/\\\/secure.gravatar.com\\\/avatar\\\/850baa19a0ab678ad4b5f824032d2ccc165f04b2ee4c50bb01d86b5c78f108b5?s=96&d=mm&r=g\"},\"sameAs\":[\"https:\\\/\\\/rubenfiliberti.com.ar\"]}]}<\/script>\n<!-- \/ Yoast SEO plugin. -->","yoast_head_json":{"title":"Departamento sobre Rodriguez Pe\u00f1a 1210, 1er Piso c Balc\u00f3n - Ruben Filiberti Inmobiliaria, Venta y Alquiler de casas, departamentos, oficinas, locales y terrenos, en el Partido de San Miguel, Buenos Aires, Argentina.","robots":{"index":"index","follow":"follow","max-snippet":"max-snippet:-1","max-image-preview":"max-image-preview:large","max-video-preview":"max-video-preview:-1"},"canonical":"https:\/\/rubenfiliberti.com.ar\/?product=departamento-sobre-rodriguez-pena-1210-1er-piso-c-balcon","og_locale":"es_ES","og_type":"article","og_title":"Departamento sobre Rodriguez Pe\u00f1a 1210, 1er Piso c Balc\u00f3n - Ruben Filiberti Inmobiliaria, Venta y Alquiler de casas, departamentos, oficinas, locales y terrenos, en el Partido de San Miguel, Buenos Aires, Argentina.","og_description":"\ud83d\udccdRodr\u00edguez Pe\u00f1a 1210 \u2013 1.\u00ba Piso con Balc\u00f3n a la Calle \ud83d\udcb0 Este departamento de 2 ambientes re\u00fane todo lo necesarioRe\u00fane todo lo necesario para vivir con comodidad o invertir con inteligencia: \ud83d\udd39 Amplio living-comedor con salida a un balc\u00f3n corrido y muy disfrutable\u00a0\ud83d\udd39 Habitaci\u00f3n espaciosa, con excelente luminosidad natural.\u00a0\ud83d\udd39 Cocina independiente con gran mesada, ideal para quienes disfrutan cocinarcerrado\ud83d\udd39 Lavadero cerrado con termotanque\u00a0\ud83d\udd39 Balc\u00f3n largo con vista abierta a la calle","og_url":"https:\/\/rubenfiliberti.com.ar\/?product=departamento-sobre-rodriguez-pena-1210-1er-piso-c-balcon","og_site_name":"Ruben Filiberti Inmobiliaria, Venta y Alquiler de casas, departamentos, oficinas, locales y terrenos, en el Partido de San Miguel, Buenos Aires, Argentina.","article_modified_time":"2025-10-15T03:00:57+00:00","og_image":[{"width":960,"height":1280,"url":"https:\/\/rubenfiliberti.com.ar\/wp-content\/uploads\/2025\/04\/WhatsApp-Image-2025-04-24-at-10.39.40.jpeg","type":"image\/jpeg"}],"twitter_card":"summary_large_image","twitter_misc":{"Tiempo de lectura":"1 minuto"},"schema":{"@context":"https:\/\/schema.org","@graph":[{"@type":"WebPage","@id":"https:\/\/rubenfiliberti.com.ar\/?product=departamento-sobre-rodriguez-pena-1210-1er-piso-c-balcon","url":"https:\/\/rubenfiliberti.com.ar\/?product=departamento-sobre-rodriguez-pena-1210-1er-piso-c-balcon","name":"Departamento sobre Rodriguez Pe\u00f1a 1210, 1er Piso c Balc\u00f3n - Ruben Filiberti Inmobiliaria, Venta y Alquiler de casas, departamentos, oficinas, locales y terrenos, en el Partido de San Miguel, Buenos Aires, Argentina.","isPartOf":{"@id":"https:\/\/rubenfiliberti.com.ar\/#website"},"primaryImageOfPage":{"@id":"https:\/\/rubenfiliberti.com.ar\/?product=departamento-sobre-rodriguez-pena-1210-1er-piso-c-balcon#primaryimage"},"image":{"@id":"https:\/\/rubenfiliberti.com.ar\/?product=departamento-sobre-rodriguez-pena-1210-1er-piso-c-balcon#primaryimage"},"thumbnailUrl":"https:\/\/rubenfiliberti.com.ar\/wp-content\/uploads\/2025\/04\/WhatsApp-Image-2025-04-24-at-10.39.40.jpeg","datePublished":"2025-04-25T13:58:59+00:00","dateModified":"2025-10-15T03:00:57+00:00","breadcrumb":{"@id":"https:\/\/rubenfiliberti.com.ar\/?product=departamento-sobre-rodriguez-pena-1210-1er-piso-c-balcon#breadcrumb"},"inLanguage":"es","potentialAction":[{"@type":"ReadAction","target":["https:\/\/rubenfiliberti.com.ar\/?product=departamento-sobre-rodriguez-pena-1210-1er-piso-c-balcon"]}]},{"@type":"ImageObject","inLanguage":"es","@id":"https:\/\/rubenfiliberti.com.ar\/?product=departamento-sobre-rodriguez-pena-1210-1er-piso-c-balcon#primaryimage","url":"https:\/\/rubenfiliberti.com.ar\/wp-content\/uploads\/2025\/04\/WhatsApp-Image-2025-04-24-at-10.39.40.jpeg","contentUrl":"https:\/\/rubenfiliberti.com.ar\/wp-content\/uploads\/2025\/04\/WhatsApp-Image-2025-04-24-at-10.39.40.jpeg","width":960,"height":1280},{"@type":"BreadcrumbList","@id":"https:\/\/rubenfiliberti.com.ar\/?product=departamento-sobre-rodriguez-pena-1210-1er-piso-c-balcon#breadcrumb","itemListElement":[{"@type":"ListItem","position":1,"name":"Portada","item":"https:\/\/rubenfiliberti.com.ar\/"},{"@type":"ListItem","position":2,"name":"Productos","item":"https:\/\/rubenfiliberti.com.ar\/?post_type=product"},{"@type":"ListItem","position":3,"name":"Departamento sobre Rodriguez Pe\u00f1a 1210, 1er Piso c Balc\u00f3n"}]},{"@type":"WebSite","@id":"https:\/\/rubenfiliberti.com.ar\/#website","url":"https:\/\/rubenfiliberti.com.ar\/","name":"Inmobiliaria Ruben Filiberti, Venta y Alquiler de casas, departamentos, oficinas, locales y terrenos, en el Partido de San Miguel, Buenos Aires, Argentina.","description":"Ruben Filiberti Inmobiliaria , Venta y Alquiler de casas, departamentos, oficinas, locales y terrenos, en el Partido de San Miguel, Buenos Aires, Argentina.","publisher":{"@id":"https:\/\/rubenfiliberti.com.ar\/#\/schema\/person\/1e26d66aefc103ef3f6dddcbf461eb13"},"potentialAction":[{"@type":"SearchAction","target":{"@type":"EntryPoint","urlTemplate":"https:\/\/rubenfiliberti.com.ar\/?s={search_term_string}"},"query-input":{"@type":"PropertyValueSpecification","valueRequired":true,"valueName":"search_term_string"}}],"inLanguage":"es"},{"@type":["Person","Organization"],"@id":"https:\/\/rubenfiliberti.com.ar\/#\/schema\/person\/1e26d66aefc103ef3f6dddcbf461eb13","name":"admin","image":{"@type":"ImageObject","inLanguage":"es","@id":"https:\/\/secure.gravatar.com\/avatar\/850baa19a0ab678ad4b5f824032d2ccc165f04b2ee4c50bb01d86b5c78f108b5?s=96&d=mm&r=g","url":"https:\/\/secure.gravatar.com\/avatar\/850baa19a0ab678ad4b5f824032d2ccc165f04b2ee4c50bb01d86b5c78f108b5?s=96&d=mm&r=g","contentUrl":"https:\/\/secure.gravatar.com\/avatar\/850baa19a0ab678ad4b5f824032d2ccc165f04b2ee4c50bb01d86b5c78f108b5?s=96&d=mm&r=g","caption":"admin"},"logo":{"@id":"https:\/\/secure.gravatar.com\/avatar\/850baa19a0ab678ad4b5f824032d2ccc165f04b2ee4c50bb01d86b5c78f108b5?s=96&d=mm&r=g"},"sameAs":["https:\/\/rubenfiliberti.com.ar"]}]}},"_links":{"self":[{"href":"https:\/\/rubenfiliberti.com.ar\/index.php?rest_route=\/wp\/v2\/product\/2870","targetHints":{"allow":["GET"]}}],"collection":[{"href":"https:\/\/rubenfiliberti.com.ar\/index.php?rest_route=\/wp\/v2\/product"}],"about":[{"href":"https:\/\/rubenfiliberti.com.ar\/index.php?rest_route=\/wp\/v2\/types\/product"}],"version-history":[{"count":7,"href":"https:\/\/rubenfiliberti.com.ar\/index.php?rest_route=\/wp\/v2\/product\/2870\/revisions"}],"predecessor-version":[{"id":3423,"href":"https:\/\/rubenfiliberti.com.ar\/index.php?rest_route=\/wp\/v2\/product\/2870\/revisions\/3423"}],"wp:featuredmedia":[{"embeddable":true,"href":"https:\/\/rubenfiliberti.com.ar\/index.php?rest_route=\/wp\/v2\/media\/2894"}],"wp:attachment":[{"href":"https:\/\/rubenfiliberti.com.ar\/index.php?rest_route=%2Fwp%2Fv2%2Fmedia&parent=2870"}],"wp:term":[{"taxonomy":"product_brand","embeddable":true,"href":"https:\/\/rubenfiliberti.com.ar\/index.php?rest_route=%2Fwp%2Fv2%2Fproduct_brand&post=2870"},{"taxonomy":"product_cat","embeddable":true,"href":"https:\/\/rubenfiliberti.com.ar\/index.php?rest_route=%2Fwp%2Fv2%2Fproduct_cat&post=2870"},{"taxonomy":"product_tag","embeddable":true,"href":"https:\/\/rubenfiliberti.com.ar\/index.php?rest_route=%2Fwp%2Fv2%2Fproduct_tag&post=2870"}],"curies":[{"name":"wp","href":"https:\/\/api.w.org\/{rel}","templated":true}]}}