{"id":3002,"date":"2025-06-25T23:48:58","date_gmt":"2025-06-25T23:48:58","guid":{"rendered":"https:\/\/rubenfiliberti.com.ar\/?post_type=product&#038;p=3002"},"modified":"2025-09-27T19:05:20","modified_gmt":"2025-09-27T19:05:20","slug":"edificio-sobre-sarmiento-1270-en-san-miguel","status":"publish","type":"product","link":"https:\/\/rubenfiliberti.com.ar\/?product=edificio-sobre-sarmiento-1270-en-san-miguel","title":{"rendered":"Edificio sobre Sarmiento 1270 en San Miguel"},"content":{"rendered":"<p data-sourcepos=\"9:1-9:119\"><strong>\ud83d\udce2 \u00a1INVERSI\u00d3N \u00daNICA EN SAN MIGUEL! Descubr\u00ed 5 Unidades con Planos Aprobados. \ud83d\udce2<\/strong><\/p>\n<p data-sourcepos=\"9:1-9:119\"><strong>Ruben Filiberti Propiedades<\/strong> te presenta una oportunidad excepcional sobre <strong>Sarmiento 1270<\/strong>. \u00a1Recorr\u00e9la hoy mismo!<\/p>\n<p data-sourcepos=\"11:1-11:71\">Este edificio exclusivo ofrece versatilidad y rentabilidad garantizada:<\/p>\n<ul data-sourcepos=\"13:1-16:0\">\n<li data-sourcepos=\"13:1-13:93\"><strong>Planta Baja:<\/strong> Dpto. de 3 ambientes con galer\u00eda y patio. Ideal para vivienda o uso mixto.<\/li>\n<li data-sourcepos=\"14:1-14:81\"><strong>Al Frente (Domingo F. Sarmiento):<\/strong> Dos estrat\u00e9gicos <strong>locales comerciales<\/strong>.<\/li>\n<li data-sourcepos=\"15:1-16:0\"><strong>1\u00ba, 2\u00ba y 3\u00ba Piso:<\/strong> Un Dpto. de 2 ambientes por nivel. \u00a1Perfectos como <strong>oficinas o consultorios<\/strong>!<\/li>\n<\/ul>\n<p data-sourcepos=\"17:1-18:159\"><strong>Ubicaci\u00f3n Premium:<\/strong> A solo 3 cuadras de Plaza San Miguel, Plaza Mu\u00f1iz y las estaciones San Miguel y Mu\u00f1iz (Tren San Mart\u00edn). \u00a1Conectividad total y servicios al alcance de tu mano!<\/p>\n<p data-sourcepos=\"20:1-20:40\"><strong>\ud83d\udcb0 Valor de Inversi\u00f3n: \u00a1USD 340.000!<\/strong><\/p>\n<p data-sourcepos=\"22:1-22:95\">Una oportunidad imperdible en zona de constante crecimiento y alta demanda. \u00a1No la dejes pasar!<\/p>\n<p data-sourcepos=\"24:1-24:33\"><strong>\u00a1Ll\u00e1manos ya al 11 4937-5141!<\/strong><\/p>\n<p><iframe style=\"border: 0;\" src=\"https:\/\/www.google.com\/maps\/embed?pb=!1m18!1m12!1m3!1d3286.318997429878!2d-58.71179682426222!3d-34.54547777297528!2m3!1f0!2f0!3f0!3m2!1i1024!2i768!4f13.1!3m3!1m2!1s0x95bcbd0c1a34992d%3A0x59152478c89f9f4d!2sDomingo%20Faustino%20Sarmiento%201270%2C%20B1663EDF%20San%20Miguel%2C%20Provincia%20de%20Buenos%20Aires!5e0!3m2!1ses-419!2sar!4v1750897342483!5m2!1ses-419!2sar\" width=\"600\" height=\"450\" allowfullscreen=\"allowfullscreen\"><\/iframe><br \/>\n<iframe style=\"border: 0;\" src=\"https:\/\/www.google.com\/maps\/embed?pb=!4v1750970449597!6m8!1m7!1sP1EpAohAEJ1uWZ8NgD2Cog!2m2!1d-34.54563636567658!2d-58.70928118164596!3f41.89949081170206!4f15.964387419659673!5f0.7820865974627469\" width=\"600\" height=\"450\" allowfullscreen=\"allowfullscreen\"><\/iframe><\/p>\n","protected":false},"excerpt":{"rendered":"<p data-sourcepos=\"5:1-5:83\"><a href=\"https:\/\/rubenfiliberti.com.ar\/sarmiento1270\"><img decoding=\"async\" class=\"wp-image-3089 aligncenter\" src=\"https:\/\/rubenfiliberti.com.ar\/wp-content\/uploads\/2025\/06\/CONTACTAR-AGENTE-2-300x300.png\" alt=\"\" width=\"132\" height=\"132\" \/><\/a><a href=\"https:\/\/api.whatsapp.com\/send?phone=+5491159800209&amp;text=Quiero%20m%C3%A1s%20informaci%C3%B3n%20de%20Venta%20Edificio%20sobre%20Sarmiento%201270%20en%20San%20Miguel\"><img decoding=\"async\" class=\"alignnone wp-image-3078 aligncenter\" src=\"https:\/\/rubenfiliberti.com.ar\/wp-content\/uploads\/2025\/06\/CONTACTAR-AGENTE-300x300.png\" alt=\"\" width=\"150\" height=\"150\" \/><\/a><\/p>\n<h1 style=\"text-align: center;\" data-sourcepos=\"5:1-5:83\">\ud83d\udce2 <strong>\u00a1INVERSI\u00d3N \u00daNICA EN SAN MIGUEL! Descubr\u00ed 5 Unidades con Planos Aprobados.<\/strong> \ud83d\udce2<\/h1>\n<p data-sourcepos=\"7:1-7:80\"><strong>\u00a1Explor\u00e1 cada rinc\u00f3n sin salir de casa! \ud83d\ude80 VISITA VIRTUAL 360 3D DISPONIBLE.<\/strong><\/p>\n<p data-sourcepos=\"9:1-9:119\"><strong>Ruben Filiberti Propiedades<\/strong> te presenta una oportunidad excepcional sobre <strong>Sarmiento 1270<\/strong>. \u00a1Recorr\u00e9la hoy mismo!<\/p>\n<p data-sourcepos=\"11:1-11:71\">Este edificio exclusivo ofrece versatilidad y rentabilidad garantizada:<\/p>\n<ul data-sourcepos=\"13:1-16:0\">\n<li data-sourcepos=\"13:1-13:93\"><strong>Planta Baja:<\/strong> Dpto. de 3 ambientes con galer\u00eda y patio. Ideal para vivienda o uso mixto.<\/li>\n<li data-sourcepos=\"14:1-14:81\"><strong>Al Frente (Domingo F. Sarmiento):<\/strong> Dos estrat\u00e9gicos <strong>locales comerciales<\/strong>.<\/li>\n<li data-sourcepos=\"15:1-16:0\"><strong>1\u00ba, 2\u00ba y 3\u00ba Piso:<\/strong> Un Dpto. de 2 ambientes por nivel. \u00a1Perfectos como <strong>oficinas o consultorios<\/strong>!<\/li>\n<\/ul>\n<p data-sourcepos=\"17:1-18:159\"><strong>Ubicaci\u00f3n Premium:<\/strong> A solo 3 cuadras de Plaza San Miguel, Plaza Mu\u00f1iz y las estaciones San Miguel y Mu\u00f1iz (Tren San Mart\u00edn). \u00a1Conectividad total y servicios al alcance de tu mano!<\/p>\n<p data-sourcepos=\"20:1-20:40\"><strong>\ud83d\udcb0 Valor de Inversi\u00f3n: \u00a1USD 340.000!<\/strong><\/p>\n<p data-sourcepos=\"22:1-22:95\">Una oportunidad imperdible en zona de constante crecimiento y alta demanda. \u00a1No la dejes pasar!<\/p>\n<p data-sourcepos=\"24:1-24:33\"><strong>\u00a1Ll\u00e1manos ya al 11 4937-5141!<\/strong><\/p>\n","protected":false},"featured_media":3398,"template":"","meta":{"_joinchat":[]},"product_brand":[],"product_cat":[23,24,74,61,67,19,70,25,20],"product_tag":[],"class_list":{"0":"post-3002","1":"product","2":"type-product","3":"status-publish","4":"has-post-thumbnail","6":"product_cat-departamento","7":"product_cat-local","8":"product_cat-localidad","9":"product_cat-oficinas","10":"product_cat-oportunidades","11":"product_cat-propiedades-en-venta-o-alquiler","12":"product_cat-san-miguel","13":"product_cat-terrenos","14":"product_cat-venta","16":"first","17":"instock","18":"sale","19":"shipping-taxable","20":"purchasable","21":"product-type-simple"},"yoast_head":"<!-- This site is optimized with the Yoast SEO plugin v27.4 - https:\/\/yoast.com\/product\/yoast-seo-wordpress\/ -->\n<title>Edificio sobre Sarmiento 1270 en San Miguel - Ruben Filiberti Inmobiliaria, Venta y Alquiler de casas, departamentos, oficinas, locales y terrenos, en el Partido de San Miguel, Buenos Aires, Argentina.<\/title>\n<meta name=\"robots\" content=\"index, follow, max-snippet:-1, max-image-preview:large, max-video-preview:-1\" \/>\n<link rel=\"canonical\" href=\"https:\/\/rubenfiliberti.com.ar\/?product=edificio-sobre-sarmiento-1270-en-san-miguel\" \/>\n<meta property=\"og:locale\" content=\"es_ES\" \/>\n<meta property=\"og:type\" content=\"article\" \/>\n<meta property=\"og:title\" content=\"Edificio sobre Sarmiento 1270 en San Miguel - Ruben Filiberti Inmobiliaria, Venta y Alquiler de casas, departamentos, oficinas, locales y terrenos, en el Partido de San Miguel, Buenos Aires, Argentina.\" \/>\n<meta property=\"og:description\" content=\"\ud83d\udce2 \u00a1INVERSI\u00d3N \u00daNICA EN SAN MIGUEL! Descubr\u00ed 5 Unidades con Planos Aprobados. \ud83d\udce2 \u00a1Explor\u00e1 cada rinc\u00f3n sin salir de casa! \ud83d\ude80 VISITA VIRTUAL 360 3D DISPONIBLE. Ruben Filiberti Propiedades te presenta una oportunidad excepcional sobre Sarmiento 1270. \u00a1Recorr\u00e9la hoy mismo! Este edificio exclusivo ofrece versatilidad y rentabilidad garantizada:    Planta Baja: Dpto. de 3 ambientes con galer\u00eda y patio. Ideal para vivienda o uso mixto.  Al Frente (Domingo F. Sarmiento): Dos estrat\u00e9gicos locales comerciales.  1\u00ba, 2\u00ba y 3\u00ba Piso: Un Dpto. de 2 ambientes por nivel. \u00a1Perfectos como oficinas o consultorios!  Ubicaci\u00f3n Premium: A solo 3 cuadras de Plaza San Miguel, Plaza Mu\u00f1iz y las estaciones San Miguel y Mu\u00f1iz (Tren San Mart\u00edn). \u00a1Conectividad total y servicios al alcance de tu mano! \ud83d\udcb0 Valor de Inversi\u00f3n: \u00a1USD 340.000! Una oportunidad imperdible en zona de constante crecimiento y alta demanda. \u00a1No la dejes pasar! \u00a1Ll\u00e1manos ya al 11 4937-5141!\" \/>\n<meta property=\"og:url\" content=\"https:\/\/rubenfiliberti.com.ar\/?product=edificio-sobre-sarmiento-1270-en-san-miguel\" \/>\n<meta property=\"og:site_name\" content=\"Ruben Filiberti Inmobiliaria, Venta y Alquiler de casas, departamentos, oficinas, locales y terrenos, en el Partido de San Miguel, Buenos Aires, Argentina.\" \/>\n<meta property=\"article:modified_time\" content=\"2025-09-27T19:05:20+00:00\" \/>\n<meta property=\"og:image\" content=\"https:\/\/rubenfiliberti.com.ar\/wp-content\/uploads\/2025\/06\/WhatsApp-Image-2025-07-22-at-09.51.31.jpeg\" \/>\n\t<meta property=\"og:image:width\" content=\"960\" \/>\n\t<meta property=\"og:image:height\" content=\"1280\" \/>\n\t<meta property=\"og:image:type\" content=\"image\/jpeg\" \/>\n<meta name=\"twitter:card\" content=\"summary_large_image\" \/>\n<meta name=\"twitter:label1\" content=\"Tiempo de lectura\" \/>\n\t<meta name=\"twitter:data1\" content=\"1 minuto\" \/>\n<script type=\"application\/ld+json\" class=\"yoast-schema-graph\">{\"@context\":\"https:\\\/\\\/schema.org\",\"@graph\":[{\"@type\":\"WebPage\",\"@id\":\"https:\\\/\\\/rubenfiliberti.com.ar\\\/?product=edificio-sobre-sarmiento-1270-en-san-miguel\",\"url\":\"https:\\\/\\\/rubenfiliberti.com.ar\\\/?product=edificio-sobre-sarmiento-1270-en-san-miguel\",\"name\":\"Edificio sobre Sarmiento 1270 en San Miguel - Ruben Filiberti Inmobiliaria, Venta y Alquiler de casas, departamentos, oficinas, locales y terrenos, en el Partido de San Miguel, Buenos Aires, Argentina.\",\"isPartOf\":{\"@id\":\"https:\\\/\\\/rubenfiliberti.com.ar\\\/#website\"},\"primaryImageOfPage\":{\"@id\":\"https:\\\/\\\/rubenfiliberti.com.ar\\\/?product=edificio-sobre-sarmiento-1270-en-san-miguel#primaryimage\"},\"image\":{\"@id\":\"https:\\\/\\\/rubenfiliberti.com.ar\\\/?product=edificio-sobre-sarmiento-1270-en-san-miguel#primaryimage\"},\"thumbnailUrl\":\"https:\\\/\\\/rubenfiliberti.com.ar\\\/wp-content\\\/uploads\\\/2025\\\/06\\\/WhatsApp-Image-2025-07-22-at-09.51.31.jpeg\",\"datePublished\":\"2025-06-25T23:48:58+00:00\",\"dateModified\":\"2025-09-27T19:05:20+00:00\",\"breadcrumb\":{\"@id\":\"https:\\\/\\\/rubenfiliberti.com.ar\\\/?product=edificio-sobre-sarmiento-1270-en-san-miguel#breadcrumb\"},\"inLanguage\":\"es\",\"potentialAction\":[{\"@type\":\"ReadAction\",\"target\":[\"https:\\\/\\\/rubenfiliberti.com.ar\\\/?product=edificio-sobre-sarmiento-1270-en-san-miguel\"]}]},{\"@type\":\"ImageObject\",\"inLanguage\":\"es\",\"@id\":\"https:\\\/\\\/rubenfiliberti.com.ar\\\/?product=edificio-sobre-sarmiento-1270-en-san-miguel#primaryimage\",\"url\":\"https:\\\/\\\/rubenfiliberti.com.ar\\\/wp-content\\\/uploads\\\/2025\\\/06\\\/WhatsApp-Image-2025-07-22-at-09.51.31.jpeg\",\"contentUrl\":\"https:\\\/\\\/rubenfiliberti.com.ar\\\/wp-content\\\/uploads\\\/2025\\\/06\\\/WhatsApp-Image-2025-07-22-at-09.51.31.jpeg\",\"width\":960,\"height\":1280},{\"@type\":\"BreadcrumbList\",\"@id\":\"https:\\\/\\\/rubenfiliberti.com.ar\\\/?product=edificio-sobre-sarmiento-1270-en-san-miguel#breadcrumb\",\"itemListElement\":[{\"@type\":\"ListItem\",\"position\":1,\"name\":\"Portada\",\"item\":\"https:\\\/\\\/rubenfiliberti.com.ar\\\/\"},{\"@type\":\"ListItem\",\"position\":2,\"name\":\"Productos\",\"item\":\"https:\\\/\\\/rubenfiliberti.com.ar\\\/?post_type=product\"},{\"@type\":\"ListItem\",\"position\":3,\"name\":\"Edificio sobre Sarmiento 1270 en San Miguel\"}]},{\"@type\":\"WebSite\",\"@id\":\"https:\\\/\\\/rubenfiliberti.com.ar\\\/#website\",\"url\":\"https:\\\/\\\/rubenfiliberti.com.ar\\\/\",\"name\":\"Inmobiliaria Ruben Filiberti, Venta y Alquiler de casas, departamentos, oficinas, locales y terrenos, en el Partido de San Miguel, Buenos Aires, Argentina.\",\"description\":\"Ruben Filiberti Inmobiliaria , Venta y Alquiler de casas, departamentos, oficinas, locales y terrenos, en el Partido de San Miguel, Buenos Aires, Argentina.\",\"publisher\":{\"@id\":\"https:\\\/\\\/rubenfiliberti.com.ar\\\/#\\\/schema\\\/person\\\/1e26d66aefc103ef3f6dddcbf461eb13\"},\"potentialAction\":[{\"@type\":\"SearchAction\",\"target\":{\"@type\":\"EntryPoint\",\"urlTemplate\":\"https:\\\/\\\/rubenfiliberti.com.ar\\\/?s={search_term_string}\"},\"query-input\":{\"@type\":\"PropertyValueSpecification\",\"valueRequired\":true,\"valueName\":\"search_term_string\"}}],\"inLanguage\":\"es\"},{\"@type\":[\"Person\",\"Organization\"],\"@id\":\"https:\\\/\\\/rubenfiliberti.com.ar\\\/#\\\/schema\\\/person\\\/1e26d66aefc103ef3f6dddcbf461eb13\",\"name\":\"admin\",\"image\":{\"@type\":\"ImageObject\",\"inLanguage\":\"es\",\"@id\":\"https:\\\/\\\/secure.gravatar.com\\\/avatar\\\/850baa19a0ab678ad4b5f824032d2ccc165f04b2ee4c50bb01d86b5c78f108b5?s=96&d=mm&r=g\",\"url\":\"https:\\\/\\\/secure.gravatar.com\\\/avatar\\\/850baa19a0ab678ad4b5f824032d2ccc165f04b2ee4c50bb01d86b5c78f108b5?s=96&d=mm&r=g\",\"contentUrl\":\"https:\\\/\\\/secure.gravatar.com\\\/avatar\\\/850baa19a0ab678ad4b5f824032d2ccc165f04b2ee4c50bb01d86b5c78f108b5?s=96&d=mm&r=g\",\"caption\":\"admin\"},\"logo\":{\"@id\":\"https:\\\/\\\/secure.gravatar.com\\\/avatar\\\/850baa19a0ab678ad4b5f824032d2ccc165f04b2ee4c50bb01d86b5c78f108b5?s=96&d=mm&r=g\"},\"sameAs\":[\"https:\\\/\\\/rubenfiliberti.com.ar\"]}]}<\/script>\n<!-- \/ Yoast SEO plugin. -->","yoast_head_json":{"title":"Edificio sobre Sarmiento 1270 en San Miguel - Ruben Filiberti Inmobiliaria, Venta y Alquiler de casas, departamentos, oficinas, locales y terrenos, en el Partido de San Miguel, Buenos Aires, Argentina.","robots":{"index":"index","follow":"follow","max-snippet":"max-snippet:-1","max-image-preview":"max-image-preview:large","max-video-preview":"max-video-preview:-1"},"canonical":"https:\/\/rubenfiliberti.com.ar\/?product=edificio-sobre-sarmiento-1270-en-san-miguel","og_locale":"es_ES","og_type":"article","og_title":"Edificio sobre Sarmiento 1270 en San Miguel - Ruben Filiberti Inmobiliaria, Venta y Alquiler de casas, departamentos, oficinas, locales y terrenos, en el Partido de San Miguel, Buenos Aires, Argentina.","og_description":"\ud83d\udce2 \u00a1INVERSI\u00d3N \u00daNICA EN SAN MIGUEL! Descubr\u00ed 5 Unidades con Planos Aprobados. \ud83d\udce2 \u00a1Explor\u00e1 cada rinc\u00f3n sin salir de casa! \ud83d\ude80 VISITA VIRTUAL 360 3D DISPONIBLE. Ruben Filiberti Propiedades te presenta una oportunidad excepcional sobre Sarmiento 1270. \u00a1Recorr\u00e9la hoy mismo! Este edificio exclusivo ofrece versatilidad y rentabilidad garantizada:    Planta Baja: Dpto. de 3 ambientes con galer\u00eda y patio. Ideal para vivienda o uso mixto.  Al Frente (Domingo F. Sarmiento): Dos estrat\u00e9gicos locales comerciales.  1\u00ba, 2\u00ba y 3\u00ba Piso: Un Dpto. de 2 ambientes por nivel. \u00a1Perfectos como oficinas o consultorios!  Ubicaci\u00f3n Premium: A solo 3 cuadras de Plaza San Miguel, Plaza Mu\u00f1iz y las estaciones San Miguel y Mu\u00f1iz (Tren San Mart\u00edn). \u00a1Conectividad total y servicios al alcance de tu mano! \ud83d\udcb0 Valor de Inversi\u00f3n: \u00a1USD 340.000! Una oportunidad imperdible en zona de constante crecimiento y alta demanda. \u00a1No la dejes pasar! \u00a1Ll\u00e1manos ya al 11 4937-5141!","og_url":"https:\/\/rubenfiliberti.com.ar\/?product=edificio-sobre-sarmiento-1270-en-san-miguel","og_site_name":"Ruben Filiberti Inmobiliaria, Venta y Alquiler de casas, departamentos, oficinas, locales y terrenos, en el Partido de San Miguel, Buenos Aires, Argentina.","article_modified_time":"2025-09-27T19:05:20+00:00","og_image":[{"width":960,"height":1280,"url":"https:\/\/rubenfiliberti.com.ar\/wp-content\/uploads\/2025\/06\/WhatsApp-Image-2025-07-22-at-09.51.31.jpeg","type":"image\/jpeg"}],"twitter_card":"summary_large_image","twitter_misc":{"Tiempo de lectura":"1 minuto"},"schema":{"@context":"https:\/\/schema.org","@graph":[{"@type":"WebPage","@id":"https:\/\/rubenfiliberti.com.ar\/?product=edificio-sobre-sarmiento-1270-en-san-miguel","url":"https:\/\/rubenfiliberti.com.ar\/?product=edificio-sobre-sarmiento-1270-en-san-miguel","name":"Edificio sobre Sarmiento 1270 en San Miguel - Ruben Filiberti Inmobiliaria, Venta y Alquiler de casas, departamentos, oficinas, locales y terrenos, en el Partido de San Miguel, Buenos Aires, Argentina.","isPartOf":{"@id":"https:\/\/rubenfiliberti.com.ar\/#website"},"primaryImageOfPage":{"@id":"https:\/\/rubenfiliberti.com.ar\/?product=edificio-sobre-sarmiento-1270-en-san-miguel#primaryimage"},"image":{"@id":"https:\/\/rubenfiliberti.com.ar\/?product=edificio-sobre-sarmiento-1270-en-san-miguel#primaryimage"},"thumbnailUrl":"https:\/\/rubenfiliberti.com.ar\/wp-content\/uploads\/2025\/06\/WhatsApp-Image-2025-07-22-at-09.51.31.jpeg","datePublished":"2025-06-25T23:48:58+00:00","dateModified":"2025-09-27T19:05:20+00:00","breadcrumb":{"@id":"https:\/\/rubenfiliberti.com.ar\/?product=edificio-sobre-sarmiento-1270-en-san-miguel#breadcrumb"},"inLanguage":"es","potentialAction":[{"@type":"ReadAction","target":["https:\/\/rubenfiliberti.com.ar\/?product=edificio-sobre-sarmiento-1270-en-san-miguel"]}]},{"@type":"ImageObject","inLanguage":"es","@id":"https:\/\/rubenfiliberti.com.ar\/?product=edificio-sobre-sarmiento-1270-en-san-miguel#primaryimage","url":"https:\/\/rubenfiliberti.com.ar\/wp-content\/uploads\/2025\/06\/WhatsApp-Image-2025-07-22-at-09.51.31.jpeg","contentUrl":"https:\/\/rubenfiliberti.com.ar\/wp-content\/uploads\/2025\/06\/WhatsApp-Image-2025-07-22-at-09.51.31.jpeg","width":960,"height":1280},{"@type":"BreadcrumbList","@id":"https:\/\/rubenfiliberti.com.ar\/?product=edificio-sobre-sarmiento-1270-en-san-miguel#breadcrumb","itemListElement":[{"@type":"ListItem","position":1,"name":"Portada","item":"https:\/\/rubenfiliberti.com.ar\/"},{"@type":"ListItem","position":2,"name":"Productos","item":"https:\/\/rubenfiliberti.com.ar\/?post_type=product"},{"@type":"ListItem","position":3,"name":"Edificio sobre Sarmiento 1270 en San Miguel"}]},{"@type":"WebSite","@id":"https:\/\/rubenfiliberti.com.ar\/#website","url":"https:\/\/rubenfiliberti.com.ar\/","name":"Inmobiliaria Ruben Filiberti, Venta y Alquiler de casas, departamentos, oficinas, locales y terrenos, en el Partido de San Miguel, Buenos Aires, Argentina.","description":"Ruben Filiberti Inmobiliaria , Venta y Alquiler de casas, departamentos, oficinas, locales y terrenos, en el Partido de San Miguel, Buenos Aires, Argentina.","publisher":{"@id":"https:\/\/rubenfiliberti.com.ar\/#\/schema\/person\/1e26d66aefc103ef3f6dddcbf461eb13"},"potentialAction":[{"@type":"SearchAction","target":{"@type":"EntryPoint","urlTemplate":"https:\/\/rubenfiliberti.com.ar\/?s={search_term_string}"},"query-input":{"@type":"PropertyValueSpecification","valueRequired":true,"valueName":"search_term_string"}}],"inLanguage":"es"},{"@type":["Person","Organization"],"@id":"https:\/\/rubenfiliberti.com.ar\/#\/schema\/person\/1e26d66aefc103ef3f6dddcbf461eb13","name":"admin","image":{"@type":"ImageObject","inLanguage":"es","@id":"https:\/\/secure.gravatar.com\/avatar\/850baa19a0ab678ad4b5f824032d2ccc165f04b2ee4c50bb01d86b5c78f108b5?s=96&d=mm&r=g","url":"https:\/\/secure.gravatar.com\/avatar\/850baa19a0ab678ad4b5f824032d2ccc165f04b2ee4c50bb01d86b5c78f108b5?s=96&d=mm&r=g","contentUrl":"https:\/\/secure.gravatar.com\/avatar\/850baa19a0ab678ad4b5f824032d2ccc165f04b2ee4c50bb01d86b5c78f108b5?s=96&d=mm&r=g","caption":"admin"},"logo":{"@id":"https:\/\/secure.gravatar.com\/avatar\/850baa19a0ab678ad4b5f824032d2ccc165f04b2ee4c50bb01d86b5c78f108b5?s=96&d=mm&r=g"},"sameAs":["https:\/\/rubenfiliberti.com.ar"]}]}},"_links":{"self":[{"href":"https:\/\/rubenfiliberti.com.ar\/index.php?rest_route=\/wp\/v2\/product\/3002","targetHints":{"allow":["GET"]}}],"collection":[{"href":"https:\/\/rubenfiliberti.com.ar\/index.php?rest_route=\/wp\/v2\/product"}],"about":[{"href":"https:\/\/rubenfiliberti.com.ar\/index.php?rest_route=\/wp\/v2\/types\/product"}],"version-history":[{"count":23,"href":"https:\/\/rubenfiliberti.com.ar\/index.php?rest_route=\/wp\/v2\/product\/3002\/revisions"}],"predecessor-version":[{"id":3004,"href":"https:\/\/rubenfiliberti.com.ar\/index.php?rest_route=\/wp\/v2\/product\/3002\/revisions\/3004"}],"wp:featuredmedia":[{"embeddable":true,"href":"https:\/\/rubenfiliberti.com.ar\/index.php?rest_route=\/wp\/v2\/media\/3398"}],"wp:attachment":[{"href":"https:\/\/rubenfiliberti.com.ar\/index.php?rest_route=%2Fwp%2Fv2%2Fmedia&parent=3002"}],"wp:term":[{"taxonomy":"product_brand","embeddable":true,"href":"https:\/\/rubenfiliberti.com.ar\/index.php?rest_route=%2Fwp%2Fv2%2Fproduct_brand&post=3002"},{"taxonomy":"product_cat","embeddable":true,"href":"https:\/\/rubenfiliberti.com.ar\/index.php?rest_route=%2Fwp%2Fv2%2Fproduct_cat&post=3002"},{"taxonomy":"product_tag","embeddable":true,"href":"https:\/\/rubenfiliberti.com.ar\/index.php?rest_route=%2Fwp%2Fv2%2Fproduct_tag&post=3002"}],"curies":[{"name":"wp","href":"https:\/\/api.w.org\/{rel}","templated":true}]}}