{"id":3261,"date":"2025-07-25T23:09:17","date_gmt":"2025-07-25T23:09:17","guid":{"rendered":"https:\/\/rubenfiliberti.com.ar\/?post_type=product&#038;p=3261"},"modified":"2025-08-18T03:23:48","modified_gmt":"2025-08-18T03:23:48","slug":"casa-venta-3-ambientes-san-miguel","status":"publish","type":"product","link":"https:\/\/rubenfiliberti.com.ar\/?product=casa-venta-3-ambientes-san-miguel","title":{"rendered":"Casa sobre Pringles 1875"},"content":{"rendered":"<p>Descubre el hogar perfecto donde cada detalle ha sido pensado para tu bienestar y el de tu familia.<br \/>\nUbicada en Pringles 1875, te espera una magn\u00edfica casa de 2 plantas con 4 ambientes amplios y luminosos.<\/p>\n<p>Al ingresar a la Planta Baja, ser\u00e1s recibido por un c\u00e1lido living comedor y una cocina, elegantemente integrados. El coraz\u00f3n de este espacio es un hermoso hogar a le\u00f1a que adorna el living, creando el ambiente ideal para tus noches de invierno. Completan este nivel un pr\u00e1ctico lavadero, un ba\u00f1o completo y 2 c\u00f3modas habitaciones, ambas con placard, ofreciendo privacidad y organizaci\u00f3n.<\/p>\n<p>Ascendiendo a la Planta Alta, encontrar\u00e1s la suite principal, un verdadero refugio con su propia habitaci\u00f3n y ba\u00f1o privado. Adem\u00e1s, un funcional escritorio te brinda el espacio perfecto para trabajar, estudiar o desarrollar tus pasiones.<\/p>\n<p>Pero la magia de esta propiedad se extiende al exterior. Disfruta de un amplio parque al frente que da la bienvenida a tu hogar. Y para tu comodidad y la de tus visitas, una espaciosa cochera con capacidad para 4 veh\u00edculos c\u00f3modamente.<\/p>\n<p>En la parte trasera, un patio con un elegante cerramiento te invita a momentos inolvidables al aire libre. Imagina tus asados en la parrilla, y la facilidad de tener un pr\u00e1ctico galp\u00f3n de herramientas para todo lo que necesites.<\/p>\n<p>Esta casa en Pringles 1875 es m\u00e1s que una propiedad; es el escenario ideal para crear nuevos recuerdos y vivir la vida que siempre so\u00f1aste.<\/p>\n<p>Cont\u00e1ctanos hoy mismo en Ruben Filiberti Propiedades para conocer tu pr\u00f3ximo hogar<\/p>\n","protected":false},"excerpt":{"rendered":"<p><a href=\"https:\/\/rubenfiliberti.com.ar\/pringles1875\"><img decoding=\"async\" class=\"wp-image-3089 aligncenter\" src=\"https:\/\/rubenfiliberti.com.ar\/wp-content\/uploads\/2025\/06\/CONTACTAR-AGENTE-2-300x300.png\" alt=\"\" width=\"132\" height=\"132\" \/><\/a><\/p>\n<p><a href=\"https:\/\/api.whatsapp.com\/send?phone=+5491159800209&amp;text=Quiero%20m%C3%A1s%20informaci%C3%B3n%20sobre%20Venta%20casa%20en%20Pringles%201875\"><img decoding=\"async\" class=\"alignnone wp-image-3078 aligncenter\" src=\"https:\/\/rubenfiliberti.com.ar\/wp-content\/uploads\/2025\/06\/CONTACTAR-AGENTE-300x300.png\" alt=\"\" width=\"150\" height=\"150\" \/><\/a><\/p>\n<p>&nbsp;<\/p>\n<p>Descubre el hogar perfecto donde cada detalle ha sido pensado para tu bienestar y el de tu familia.<br \/>\nUbicada en Pringles 1875, te espera una magn\u00edfica casa de 2 plantas con 4 ambientes amplios y luminosos.<\/p>\n<p>Al ingresar a la Planta Baja, ser\u00e1s recibido por un c\u00e1lido living comedor y una cocina, elegantemente integrados. El coraz\u00f3n de este espacio es un hermoso hogar a le\u00f1a que adorna el living, creando el ambiente ideal para tus noches de invierno. Completan este nivel un pr\u00e1ctico lavadero, un ba\u00f1o completo y 2 c\u00f3modas habitaciones, ambas con placard, ofreciendo privacidad y organizaci\u00f3n.<\/p>\n<p>Ascendiendo a la Planta Alta, encontrar\u00e1s la suite principal, un verdadero refugio con su propia habitaci\u00f3n y ba\u00f1o privado. Adem\u00e1s, un funcional escritorio te brinda el espacio perfecto para trabajar, estudiar o desarrollar tus pasiones.<\/p>\n<p>Pero la magia de esta propiedad se extiende al exterior. Disfruta de un amplio parque al frente que da la bienvenida a tu hogar. Y para tu comodidad y la de tus visitas, una espaciosa cochera con capacidad para 4 veh\u00edculos c\u00f3modamente.<\/p>\n<p>En la parte trasera, un patio con un elegante cerramiento te invita a momentos inolvidables al aire libre. Imagina tus asados en la parrilla, y la facilidad de tener un pr\u00e1ctico galp\u00f3n de herramientas para todo lo que necesites.<\/p>\n<p>Esta casa en Pringles 1875 es m\u00e1s que una propiedad; es el escenario ideal para crear nuevos recuerdos y vivir la vida que siempre so\u00f1aste.<\/p>\n<p>Cont\u00e1ctanos hoy mismo en Ruben Filiberti Propiedades para conocer tu pr\u00f3ximo hogar<\/p>\n","protected":false},"featured_media":3262,"template":"","meta":{"_joinchat":[]},"product_brand":[],"product_cat":[28,22,74,70,20],"product_tag":[],"class_list":{"0":"post-3261","1":"product","2":"type-product","3":"status-publish","4":"has-post-thumbnail","6":"product_cat-3-ambientes","7":"product_cat-casa","8":"product_cat-localidad","9":"product_cat-san-miguel","10":"product_cat-venta","12":"first","13":"instock","14":"shipping-taxable","15":"purchasable","16":"product-type-simple"},"yoast_head":"<!-- This site is optimized with the Yoast SEO plugin v27.4 - https:\/\/yoast.com\/product\/yoast-seo-wordpress\/ -->\n<title>Casa sobre Pringles 1875 - Ruben Filiberti Inmobiliaria, Venta y Alquiler de casas, departamentos, oficinas, locales y terrenos, en el Partido de San Miguel, Buenos Aires, Argentina.<\/title>\n<meta name=\"description\" content=\"casa en venta en san miguel centro provincia de buenos aires 3 ambientes con cochera gas natural ruben filiberti propiedades\" \/>\n<meta name=\"robots\" content=\"index, follow, max-snippet:-1, max-image-preview:large, max-video-preview:-1\" \/>\n<link rel=\"canonical\" href=\"https:\/\/rubenfiliberti.com.ar\/?product=casa-venta-3-ambientes-san-miguel\" \/>\n<meta property=\"og:locale\" content=\"es_ES\" \/>\n<meta property=\"og:type\" content=\"article\" \/>\n<meta property=\"og:title\" content=\"Casa sobre Pringles 1875 - Ruben Filiberti Inmobiliaria, Venta y Alquiler de casas, departamentos, oficinas, locales y terrenos, en el Partido de San Miguel, Buenos Aires, Argentina.\" \/>\n<meta property=\"og:description\" content=\"casa en venta en san miguel centro provincia de buenos aires 3 ambientes con cochera gas natural ruben filiberti propiedades\" \/>\n<meta property=\"og:url\" content=\"https:\/\/rubenfiliberti.com.ar\/?product=casa-venta-3-ambientes-san-miguel\" \/>\n<meta property=\"og:site_name\" content=\"Ruben Filiberti Inmobiliaria, Venta y Alquiler de casas, departamentos, oficinas, locales y terrenos, en el Partido de San Miguel, Buenos Aires, Argentina.\" \/>\n<meta property=\"article:modified_time\" content=\"2025-08-18T03:23:48+00:00\" \/>\n<meta property=\"og:image\" content=\"https:\/\/rubenfiliberti.com.ar\/wp-content\/uploads\/2025\/07\/WhatsApp-Image-2025-07-25-at-4.22.15-PM-scaled.jpeg\" \/>\n\t<meta property=\"og:image:width\" content=\"2560\" \/>\n\t<meta property=\"og:image:height\" content=\"1920\" \/>\n\t<meta property=\"og:image:type\" content=\"image\/jpeg\" \/>\n<meta name=\"twitter:card\" content=\"summary_large_image\" \/>\n<meta name=\"twitter:label1\" content=\"Tiempo de lectura\" \/>\n\t<meta name=\"twitter:data1\" content=\"2 minutos\" \/>\n<script type=\"application\/ld+json\" class=\"yoast-schema-graph\">{\"@context\":\"https:\\\/\\\/schema.org\",\"@graph\":[{\"@type\":\"WebPage\",\"@id\":\"https:\\\/\\\/rubenfiliberti.com.ar\\\/?product=casa-venta-3-ambientes-san-miguel\",\"url\":\"https:\\\/\\\/rubenfiliberti.com.ar\\\/?product=casa-venta-3-ambientes-san-miguel\",\"name\":\"Casa sobre Pringles 1875 - Ruben Filiberti Inmobiliaria, Venta y Alquiler de casas, departamentos, oficinas, locales y terrenos, en el Partido de San Miguel, Buenos Aires, Argentina.\",\"isPartOf\":{\"@id\":\"https:\\\/\\\/rubenfiliberti.com.ar\\\/#website\"},\"primaryImageOfPage\":{\"@id\":\"https:\\\/\\\/rubenfiliberti.com.ar\\\/?product=casa-venta-3-ambientes-san-miguel#primaryimage\"},\"image\":{\"@id\":\"https:\\\/\\\/rubenfiliberti.com.ar\\\/?product=casa-venta-3-ambientes-san-miguel#primaryimage\"},\"thumbnailUrl\":\"https:\\\/\\\/rubenfiliberti.com.ar\\\/wp-content\\\/uploads\\\/2025\\\/07\\\/WhatsApp-Image-2025-07-25-at-4.22.15-PM-scaled.jpeg\",\"datePublished\":\"2025-07-25T23:09:17+00:00\",\"dateModified\":\"2025-08-18T03:23:48+00:00\",\"description\":\"casa en venta en san miguel centro provincia de buenos aires 3 ambientes con cochera gas natural ruben filiberti propiedades\",\"breadcrumb\":{\"@id\":\"https:\\\/\\\/rubenfiliberti.com.ar\\\/?product=casa-venta-3-ambientes-san-miguel#breadcrumb\"},\"inLanguage\":\"es\",\"potentialAction\":[{\"@type\":\"ReadAction\",\"target\":[\"https:\\\/\\\/rubenfiliberti.com.ar\\\/?product=casa-venta-3-ambientes-san-miguel\"]}]},{\"@type\":\"ImageObject\",\"inLanguage\":\"es\",\"@id\":\"https:\\\/\\\/rubenfiliberti.com.ar\\\/?product=casa-venta-3-ambientes-san-miguel#primaryimage\",\"url\":\"https:\\\/\\\/rubenfiliberti.com.ar\\\/wp-content\\\/uploads\\\/2025\\\/07\\\/WhatsApp-Image-2025-07-25-at-4.22.15-PM-scaled.jpeg\",\"contentUrl\":\"https:\\\/\\\/rubenfiliberti.com.ar\\\/wp-content\\\/uploads\\\/2025\\\/07\\\/WhatsApp-Image-2025-07-25-at-4.22.15-PM-scaled.jpeg\",\"width\":2560,\"height\":1920},{\"@type\":\"BreadcrumbList\",\"@id\":\"https:\\\/\\\/rubenfiliberti.com.ar\\\/?product=casa-venta-3-ambientes-san-miguel#breadcrumb\",\"itemListElement\":[{\"@type\":\"ListItem\",\"position\":1,\"name\":\"Portada\",\"item\":\"https:\\\/\\\/rubenfiliberti.com.ar\\\/\"},{\"@type\":\"ListItem\",\"position\":2,\"name\":\"Productos\",\"item\":\"https:\\\/\\\/rubenfiliberti.com.ar\\\/?post_type=product\"},{\"@type\":\"ListItem\",\"position\":3,\"name\":\"Casa sobre Pringles 1875\"}]},{\"@type\":\"WebSite\",\"@id\":\"https:\\\/\\\/rubenfiliberti.com.ar\\\/#website\",\"url\":\"https:\\\/\\\/rubenfiliberti.com.ar\\\/\",\"name\":\"Inmobiliaria Ruben Filiberti, Venta y Alquiler de casas, departamentos, oficinas, locales y terrenos, en el Partido de San Miguel, Buenos Aires, Argentina.\",\"description\":\"Ruben Filiberti Inmobiliaria , Venta y Alquiler de casas, departamentos, oficinas, locales y terrenos, en el Partido de San Miguel, Buenos Aires, Argentina.\",\"publisher\":{\"@id\":\"https:\\\/\\\/rubenfiliberti.com.ar\\\/#\\\/schema\\\/person\\\/1e26d66aefc103ef3f6dddcbf461eb13\"},\"potentialAction\":[{\"@type\":\"SearchAction\",\"target\":{\"@type\":\"EntryPoint\",\"urlTemplate\":\"https:\\\/\\\/rubenfiliberti.com.ar\\\/?s={search_term_string}\"},\"query-input\":{\"@type\":\"PropertyValueSpecification\",\"valueRequired\":true,\"valueName\":\"search_term_string\"}}],\"inLanguage\":\"es\"},{\"@type\":[\"Person\",\"Organization\"],\"@id\":\"https:\\\/\\\/rubenfiliberti.com.ar\\\/#\\\/schema\\\/person\\\/1e26d66aefc103ef3f6dddcbf461eb13\",\"name\":\"admin\",\"image\":{\"@type\":\"ImageObject\",\"inLanguage\":\"es\",\"@id\":\"https:\\\/\\\/secure.gravatar.com\\\/avatar\\\/850baa19a0ab678ad4b5f824032d2ccc165f04b2ee4c50bb01d86b5c78f108b5?s=96&d=mm&r=g\",\"url\":\"https:\\\/\\\/secure.gravatar.com\\\/avatar\\\/850baa19a0ab678ad4b5f824032d2ccc165f04b2ee4c50bb01d86b5c78f108b5?s=96&d=mm&r=g\",\"contentUrl\":\"https:\\\/\\\/secure.gravatar.com\\\/avatar\\\/850baa19a0ab678ad4b5f824032d2ccc165f04b2ee4c50bb01d86b5c78f108b5?s=96&d=mm&r=g\",\"caption\":\"admin\"},\"logo\":{\"@id\":\"https:\\\/\\\/secure.gravatar.com\\\/avatar\\\/850baa19a0ab678ad4b5f824032d2ccc165f04b2ee4c50bb01d86b5c78f108b5?s=96&d=mm&r=g\"},\"sameAs\":[\"https:\\\/\\\/rubenfiliberti.com.ar\"]}]}<\/script>\n<!-- \/ Yoast SEO plugin. -->","yoast_head_json":{"title":"Casa sobre Pringles 1875 - Ruben Filiberti Inmobiliaria, Venta y Alquiler de casas, departamentos, oficinas, locales y terrenos, en el Partido de San Miguel, Buenos Aires, Argentina.","description":"casa en venta en san miguel centro provincia de buenos aires 3 ambientes con cochera gas natural ruben filiberti propiedades","robots":{"index":"index","follow":"follow","max-snippet":"max-snippet:-1","max-image-preview":"max-image-preview:large","max-video-preview":"max-video-preview:-1"},"canonical":"https:\/\/rubenfiliberti.com.ar\/?product=casa-venta-3-ambientes-san-miguel","og_locale":"es_ES","og_type":"article","og_title":"Casa sobre Pringles 1875 - Ruben Filiberti Inmobiliaria, Venta y Alquiler de casas, departamentos, oficinas, locales y terrenos, en el Partido de San Miguel, Buenos Aires, Argentina.","og_description":"casa en venta en san miguel centro provincia de buenos aires 3 ambientes con cochera gas natural ruben filiberti propiedades","og_url":"https:\/\/rubenfiliberti.com.ar\/?product=casa-venta-3-ambientes-san-miguel","og_site_name":"Ruben Filiberti Inmobiliaria, Venta y Alquiler de casas, departamentos, oficinas, locales y terrenos, en el Partido de San Miguel, Buenos Aires, Argentina.","article_modified_time":"2025-08-18T03:23:48+00:00","og_image":[{"width":2560,"height":1920,"url":"https:\/\/rubenfiliberti.com.ar\/wp-content\/uploads\/2025\/07\/WhatsApp-Image-2025-07-25-at-4.22.15-PM-scaled.jpeg","type":"image\/jpeg"}],"twitter_card":"summary_large_image","twitter_misc":{"Tiempo de lectura":"2 minutos"},"schema":{"@context":"https:\/\/schema.org","@graph":[{"@type":"WebPage","@id":"https:\/\/rubenfiliberti.com.ar\/?product=casa-venta-3-ambientes-san-miguel","url":"https:\/\/rubenfiliberti.com.ar\/?product=casa-venta-3-ambientes-san-miguel","name":"Casa sobre Pringles 1875 - Ruben Filiberti Inmobiliaria, Venta y Alquiler de casas, departamentos, oficinas, locales y terrenos, en el Partido de San Miguel, Buenos Aires, Argentina.","isPartOf":{"@id":"https:\/\/rubenfiliberti.com.ar\/#website"},"primaryImageOfPage":{"@id":"https:\/\/rubenfiliberti.com.ar\/?product=casa-venta-3-ambientes-san-miguel#primaryimage"},"image":{"@id":"https:\/\/rubenfiliberti.com.ar\/?product=casa-venta-3-ambientes-san-miguel#primaryimage"},"thumbnailUrl":"https:\/\/rubenfiliberti.com.ar\/wp-content\/uploads\/2025\/07\/WhatsApp-Image-2025-07-25-at-4.22.15-PM-scaled.jpeg","datePublished":"2025-07-25T23:09:17+00:00","dateModified":"2025-08-18T03:23:48+00:00","description":"casa en venta en san miguel centro provincia de buenos aires 3 ambientes con cochera gas natural ruben filiberti propiedades","breadcrumb":{"@id":"https:\/\/rubenfiliberti.com.ar\/?product=casa-venta-3-ambientes-san-miguel#breadcrumb"},"inLanguage":"es","potentialAction":[{"@type":"ReadAction","target":["https:\/\/rubenfiliberti.com.ar\/?product=casa-venta-3-ambientes-san-miguel"]}]},{"@type":"ImageObject","inLanguage":"es","@id":"https:\/\/rubenfiliberti.com.ar\/?product=casa-venta-3-ambientes-san-miguel#primaryimage","url":"https:\/\/rubenfiliberti.com.ar\/wp-content\/uploads\/2025\/07\/WhatsApp-Image-2025-07-25-at-4.22.15-PM-scaled.jpeg","contentUrl":"https:\/\/rubenfiliberti.com.ar\/wp-content\/uploads\/2025\/07\/WhatsApp-Image-2025-07-25-at-4.22.15-PM-scaled.jpeg","width":2560,"height":1920},{"@type":"BreadcrumbList","@id":"https:\/\/rubenfiliberti.com.ar\/?product=casa-venta-3-ambientes-san-miguel#breadcrumb","itemListElement":[{"@type":"ListItem","position":1,"name":"Portada","item":"https:\/\/rubenfiliberti.com.ar\/"},{"@type":"ListItem","position":2,"name":"Productos","item":"https:\/\/rubenfiliberti.com.ar\/?post_type=product"},{"@type":"ListItem","position":3,"name":"Casa sobre Pringles 1875"}]},{"@type":"WebSite","@id":"https:\/\/rubenfiliberti.com.ar\/#website","url":"https:\/\/rubenfiliberti.com.ar\/","name":"Inmobiliaria Ruben Filiberti, Venta y Alquiler de casas, departamentos, oficinas, locales y terrenos, en el Partido de San Miguel, Buenos Aires, Argentina.","description":"Ruben Filiberti Inmobiliaria , Venta y Alquiler de casas, departamentos, oficinas, locales y terrenos, en el Partido de San Miguel, Buenos Aires, Argentina.","publisher":{"@id":"https:\/\/rubenfiliberti.com.ar\/#\/schema\/person\/1e26d66aefc103ef3f6dddcbf461eb13"},"potentialAction":[{"@type":"SearchAction","target":{"@type":"EntryPoint","urlTemplate":"https:\/\/rubenfiliberti.com.ar\/?s={search_term_string}"},"query-input":{"@type":"PropertyValueSpecification","valueRequired":true,"valueName":"search_term_string"}}],"inLanguage":"es"},{"@type":["Person","Organization"],"@id":"https:\/\/rubenfiliberti.com.ar\/#\/schema\/person\/1e26d66aefc103ef3f6dddcbf461eb13","name":"admin","image":{"@type":"ImageObject","inLanguage":"es","@id":"https:\/\/secure.gravatar.com\/avatar\/850baa19a0ab678ad4b5f824032d2ccc165f04b2ee4c50bb01d86b5c78f108b5?s=96&d=mm&r=g","url":"https:\/\/secure.gravatar.com\/avatar\/850baa19a0ab678ad4b5f824032d2ccc165f04b2ee4c50bb01d86b5c78f108b5?s=96&d=mm&r=g","contentUrl":"https:\/\/secure.gravatar.com\/avatar\/850baa19a0ab678ad4b5f824032d2ccc165f04b2ee4c50bb01d86b5c78f108b5?s=96&d=mm&r=g","caption":"admin"},"logo":{"@id":"https:\/\/secure.gravatar.com\/avatar\/850baa19a0ab678ad4b5f824032d2ccc165f04b2ee4c50bb01d86b5c78f108b5?s=96&d=mm&r=g"},"sameAs":["https:\/\/rubenfiliberti.com.ar"]}]}},"_links":{"self":[{"href":"https:\/\/rubenfiliberti.com.ar\/index.php?rest_route=\/wp\/v2\/product\/3261","targetHints":{"allow":["GET"]}}],"collection":[{"href":"https:\/\/rubenfiliberti.com.ar\/index.php?rest_route=\/wp\/v2\/product"}],"about":[{"href":"https:\/\/rubenfiliberti.com.ar\/index.php?rest_route=\/wp\/v2\/types\/product"}],"version-history":[{"count":2,"href":"https:\/\/rubenfiliberti.com.ar\/index.php?rest_route=\/wp\/v2\/product\/3261\/revisions"}],"predecessor-version":[{"id":3274,"href":"https:\/\/rubenfiliberti.com.ar\/index.php?rest_route=\/wp\/v2\/product\/3261\/revisions\/3274"}],"wp:featuredmedia":[{"embeddable":true,"href":"https:\/\/rubenfiliberti.com.ar\/index.php?rest_route=\/wp\/v2\/media\/3262"}],"wp:attachment":[{"href":"https:\/\/rubenfiliberti.com.ar\/index.php?rest_route=%2Fwp%2Fv2%2Fmedia&parent=3261"}],"wp:term":[{"taxonomy":"product_brand","embeddable":true,"href":"https:\/\/rubenfiliberti.com.ar\/index.php?rest_route=%2Fwp%2Fv2%2Fproduct_brand&post=3261"},{"taxonomy":"product_cat","embeddable":true,"href":"https:\/\/rubenfiliberti.com.ar\/index.php?rest_route=%2Fwp%2Fv2%2Fproduct_cat&post=3261"},{"taxonomy":"product_tag","embeddable":true,"href":"https:\/\/rubenfiliberti.com.ar\/index.php?rest_route=%2Fwp%2Fv2%2Fproduct_tag&post=3261"}],"curies":[{"name":"wp","href":"https:\/\/api.w.org\/{rel}","templated":true}]}}