{"id":3265,"date":"2025-07-25T23:22:32","date_gmt":"2025-07-25T23:22:32","guid":{"rendered":"https:\/\/rubenfiliberti.com.ar\/?post_type=product&#038;p=3265"},"modified":"2025-08-06T01:05:40","modified_gmt":"2025-08-06T01:05:40","slug":"ca","status":"publish","type":"product","link":"https:\/\/rubenfiliberti.com.ar\/?product=ca","title":{"rendered":"Casa en Peluffo 875"},"content":{"rendered":"<p>Imagina un lugar donde la comodidad y la vida urbana se encuentran en perfecta armon\u00eda.<br \/>\nUbicado estrat\u00e9gicamente en Peluffo 875, a solo doscientos metros de la estaci\u00f3n Mu\u00f1iz y a cien del vibrante paseo aer\u00f3bico. Aqu\u00ed, cada d\u00eda te invita a disfrutar de lo mejor.<\/p>\n<p>Te presentamos un encantador PH al frente, distribuido en dos amplias plantas, con una superficie total de 85 metros cuadrados.<\/p>\n<p>En la Planta Baja, descubrir\u00e1s un espacio pensado para tu confort: un acogedor dormitorio, un ba\u00f1o completo, un luminoso living integrado con la cocina-comedor, y un pr\u00e1ctico lavadero. Adem\u00e1s, cuenta con un quincho cerrado y un patio totalmente techado, perfectos para reuniones familiares o momentos de relax, sin importar el clima. Y para tu tranquilidad, un c\u00f3modo garage.<\/p>\n<p>Subiendo a la Planta Alta, te esperan dos dormitorios adicionales, un segundo living para mayor privacidad o esparcimiento, otra cocina equipada y un ba\u00f1o completo. Un dise\u00f1o inteligente que ofrece independencia y funcionalidad en cada nivel.<\/p>\n<p>Este PH es la oportunidad de vivir con espacio, luz y todas las comodidades, en una ubicaci\u00f3n inmejorable.<\/p>\n<p>No dejes pasar esta oportunidad. Para m\u00e1s informaci\u00f3n o para coordinar una visita, cont\u00e1ctanos hoy mismo en Ruben Filiberti Propiedades<\/p>\n","protected":false},"excerpt":{"rendered":"<p><a href=\"https:\/\/rubenfiliberti.com.ar\/peluffo875\"><img decoding=\"async\" class=\"wp-image-3089 aligncenter\" src=\"https:\/\/rubenfiliberti.com.ar\/wp-content\/uploads\/2025\/06\/CONTACTAR-AGENTE-2-300x300.png\" alt=\"\" width=\"132\" height=\"132\" \/><\/a><a href=\"https:\/\/api.whatsapp.com\/send?phone=+5491159800209&amp;text=Quiero%20m%C3%A1s%20informaci%C3%B3n%20sobre%20Venta%20casa%20en%20Peluffo%20875\"><img decoding=\"async\" class=\"alignnone wp-image-3078 aligncenter\" src=\"https:\/\/rubenfiliberti.com.ar\/wp-content\/uploads\/2025\/06\/CONTACTAR-AGENTE-300x300.png\" alt=\"\" width=\"150\" height=\"150\" \/><\/a><\/p>\n<p>Imagina un lugar donde la comodidad y la vida urbana se encuentran en perfecta armon\u00eda.<br \/>\nUbicado estrat\u00e9gicamente en Peluffo 875, a solo doscientos metros de la estaci\u00f3n Mu\u00f1iz y a cien del vibrante paseo aer\u00f3bico. Aqu\u00ed, cada d\u00eda te invita a disfrutar de lo mejor.<\/p>\n<p>Te presentamos un encantador PH al frente, distribuido en dos amplias plantas, con una superficie total de ochenta y cinco metros cuadrados.<\/p>\n<p>En la Planta Baja, descubrir\u00e1s un espacio pensado para tu confort: un acogedor dormitorio, un ba\u00f1o completo, un luminoso living integrado con la cocina-comedor, y un pr\u00e1ctico lavadero. Adem\u00e1s, cuenta con un quincho cerrado y un patio totalmente techado, perfectos para reuniones familiares o momentos de relax, sin importar el clima. Y para tu tranquilidad, un c\u00f3modo garage.<\/p>\n<p>Subiendo a la Planta Alta, te esperan dos dormitorios adicionales, un segundo living para mayor privacidad o esparcimiento, otra cocina equipada y un ba\u00f1o completo. Un dise\u00f1o inteligente que ofrece independencia y funcionalidad en cada nivel.<\/p>\n<p>Este PH es la oportunidad de vivir con espacio, luz y todas las comodidades, en una ubicaci\u00f3n inmejorable.<\/p>\n<p>No dejes pasar esta oportunidad. Para m\u00e1s informaci\u00f3n o para coordinar una visita, cont\u00e1ctanos hoy mismo en Ruben Filiberti Propiedades<\/p>\n","protected":false},"featured_media":3267,"template":"","meta":{"_joinchat":[]},"product_brand":[],"product_cat":[22,74,73,20],"product_tag":[],"class_list":{"0":"post-3265","1":"product","2":"type-product","3":"status-publish","4":"has-post-thumbnail","6":"product_cat-casa","7":"product_cat-localidad","8":"product_cat-muniz","9":"product_cat-venta","11":"first","12":"instock","13":"shipping-taxable","14":"purchasable","15":"product-type-simple"},"yoast_head":"<!-- This site is optimized with the Yoast SEO plugin v27.4 - https:\/\/yoast.com\/product\/yoast-seo-wordpress\/ -->\n<title>Casa en Peluffo 875 - Ruben Filiberti Inmobiliaria, Venta y Alquiler de casas, departamentos, oficinas, locales y terrenos, en el Partido de San Miguel, Buenos Aires, Argentina.<\/title>\n<meta name=\"description\" content=\"venta, casa, inmobiliaria, san miguel, peluffo, oportunidad, nueva casa, centro, ruben filiberti, inmobiliaria, buenos aires, jose paz, bella vista, mu\u00f1iz\" \/>\n<meta name=\"robots\" content=\"index, follow, max-snippet:-1, max-image-preview:large, max-video-preview:-1\" \/>\n<link rel=\"canonical\" href=\"https:\/\/rubenfiliberti.com.ar\/?product=ca\" \/>\n<meta property=\"og:locale\" content=\"es_ES\" \/>\n<meta property=\"og:type\" content=\"article\" \/>\n<meta property=\"og:title\" content=\"Casa en Peluffo 875 - Ruben Filiberti Inmobiliaria, Venta y Alquiler de casas, departamentos, oficinas, locales y terrenos, en el Partido de San Miguel, Buenos Aires, Argentina.\" \/>\n<meta property=\"og:description\" content=\"venta, casa, inmobiliaria, san miguel, peluffo, oportunidad, nueva casa, centro, ruben filiberti, inmobiliaria, buenos aires, jose paz, bella vista, mu\u00f1iz\" \/>\n<meta property=\"og:url\" content=\"https:\/\/rubenfiliberti.com.ar\/?product=ca\" \/>\n<meta property=\"og:site_name\" content=\"Ruben Filiberti Inmobiliaria, Venta y Alquiler de casas, departamentos, oficinas, locales y terrenos, en el Partido de San Miguel, Buenos Aires, Argentina.\" \/>\n<meta property=\"article:modified_time\" content=\"2025-08-06T01:05:40+00:00\" \/>\n<meta property=\"og:image\" content=\"https:\/\/rubenfiliberti.com.ar\/wp-content\/uploads\/2025\/07\/WhatsApp-Image-2025-07-25-at-4.21.42-PM-scaled.jpeg\" \/>\n\t<meta property=\"og:image:width\" content=\"2560\" \/>\n\t<meta property=\"og:image:height\" content=\"1920\" \/>\n\t<meta property=\"og:image:type\" content=\"image\/jpeg\" \/>\n<meta name=\"twitter:card\" content=\"summary_large_image\" \/>\n<meta name=\"twitter:label1\" content=\"Tiempo de lectura\" \/>\n\t<meta name=\"twitter:data1\" content=\"2 minutos\" \/>\n<script type=\"application\/ld+json\" class=\"yoast-schema-graph\">{\"@context\":\"https:\\\/\\\/schema.org\",\"@graph\":[{\"@type\":\"WebPage\",\"@id\":\"https:\\\/\\\/rubenfiliberti.com.ar\\\/?product=ca\",\"url\":\"https:\\\/\\\/rubenfiliberti.com.ar\\\/?product=ca\",\"name\":\"Casa en Peluffo 875 - Ruben Filiberti Inmobiliaria, Venta y Alquiler de casas, departamentos, oficinas, locales y terrenos, en el Partido de San Miguel, Buenos Aires, Argentina.\",\"isPartOf\":{\"@id\":\"https:\\\/\\\/rubenfiliberti.com.ar\\\/#website\"},\"primaryImageOfPage\":{\"@id\":\"https:\\\/\\\/rubenfiliberti.com.ar\\\/?product=ca#primaryimage\"},\"image\":{\"@id\":\"https:\\\/\\\/rubenfiliberti.com.ar\\\/?product=ca#primaryimage\"},\"thumbnailUrl\":\"https:\\\/\\\/rubenfiliberti.com.ar\\\/wp-content\\\/uploads\\\/2025\\\/07\\\/WhatsApp-Image-2025-07-25-at-4.21.42-PM-scaled.jpeg\",\"datePublished\":\"2025-07-25T23:22:32+00:00\",\"dateModified\":\"2025-08-06T01:05:40+00:00\",\"description\":\"venta, casa, inmobiliaria, san miguel, peluffo, oportunidad, nueva casa, centro, ruben filiberti, inmobiliaria, buenos aires, jose paz, bella vista, mu\u00f1iz\",\"breadcrumb\":{\"@id\":\"https:\\\/\\\/rubenfiliberti.com.ar\\\/?product=ca#breadcrumb\"},\"inLanguage\":\"es\",\"potentialAction\":[{\"@type\":\"ReadAction\",\"target\":[\"https:\\\/\\\/rubenfiliberti.com.ar\\\/?product=ca\"]}]},{\"@type\":\"ImageObject\",\"inLanguage\":\"es\",\"@id\":\"https:\\\/\\\/rubenfiliberti.com.ar\\\/?product=ca#primaryimage\",\"url\":\"https:\\\/\\\/rubenfiliberti.com.ar\\\/wp-content\\\/uploads\\\/2025\\\/07\\\/WhatsApp-Image-2025-07-25-at-4.21.42-PM-scaled.jpeg\",\"contentUrl\":\"https:\\\/\\\/rubenfiliberti.com.ar\\\/wp-content\\\/uploads\\\/2025\\\/07\\\/WhatsApp-Image-2025-07-25-at-4.21.42-PM-scaled.jpeg\",\"width\":2560,\"height\":1920},{\"@type\":\"BreadcrumbList\",\"@id\":\"https:\\\/\\\/rubenfiliberti.com.ar\\\/?product=ca#breadcrumb\",\"itemListElement\":[{\"@type\":\"ListItem\",\"position\":1,\"name\":\"Portada\",\"item\":\"https:\\\/\\\/rubenfiliberti.com.ar\\\/\"},{\"@type\":\"ListItem\",\"position\":2,\"name\":\"Productos\",\"item\":\"https:\\\/\\\/rubenfiliberti.com.ar\\\/?post_type=product\"},{\"@type\":\"ListItem\",\"position\":3,\"name\":\"Casa en Peluffo 875\"}]},{\"@type\":\"WebSite\",\"@id\":\"https:\\\/\\\/rubenfiliberti.com.ar\\\/#website\",\"url\":\"https:\\\/\\\/rubenfiliberti.com.ar\\\/\",\"name\":\"Inmobiliaria Ruben Filiberti, Venta y Alquiler de casas, departamentos, oficinas, locales y terrenos, en el Partido de San Miguel, Buenos Aires, Argentina.\",\"description\":\"Ruben Filiberti Inmobiliaria , Venta y Alquiler de casas, departamentos, oficinas, locales y terrenos, en el Partido de San Miguel, Buenos Aires, Argentina.\",\"publisher\":{\"@id\":\"https:\\\/\\\/rubenfiliberti.com.ar\\\/#\\\/schema\\\/person\\\/1e26d66aefc103ef3f6dddcbf461eb13\"},\"potentialAction\":[{\"@type\":\"SearchAction\",\"target\":{\"@type\":\"EntryPoint\",\"urlTemplate\":\"https:\\\/\\\/rubenfiliberti.com.ar\\\/?s={search_term_string}\"},\"query-input\":{\"@type\":\"PropertyValueSpecification\",\"valueRequired\":true,\"valueName\":\"search_term_string\"}}],\"inLanguage\":\"es\"},{\"@type\":[\"Person\",\"Organization\"],\"@id\":\"https:\\\/\\\/rubenfiliberti.com.ar\\\/#\\\/schema\\\/person\\\/1e26d66aefc103ef3f6dddcbf461eb13\",\"name\":\"admin\",\"image\":{\"@type\":\"ImageObject\",\"inLanguage\":\"es\",\"@id\":\"https:\\\/\\\/secure.gravatar.com\\\/avatar\\\/850baa19a0ab678ad4b5f824032d2ccc165f04b2ee4c50bb01d86b5c78f108b5?s=96&d=mm&r=g\",\"url\":\"https:\\\/\\\/secure.gravatar.com\\\/avatar\\\/850baa19a0ab678ad4b5f824032d2ccc165f04b2ee4c50bb01d86b5c78f108b5?s=96&d=mm&r=g\",\"contentUrl\":\"https:\\\/\\\/secure.gravatar.com\\\/avatar\\\/850baa19a0ab678ad4b5f824032d2ccc165f04b2ee4c50bb01d86b5c78f108b5?s=96&d=mm&r=g\",\"caption\":\"admin\"},\"logo\":{\"@id\":\"https:\\\/\\\/secure.gravatar.com\\\/avatar\\\/850baa19a0ab678ad4b5f824032d2ccc165f04b2ee4c50bb01d86b5c78f108b5?s=96&d=mm&r=g\"},\"sameAs\":[\"https:\\\/\\\/rubenfiliberti.com.ar\"]}]}<\/script>\n<!-- \/ Yoast SEO plugin. -->","yoast_head_json":{"title":"Casa en Peluffo 875 - Ruben Filiberti Inmobiliaria, Venta y Alquiler de casas, departamentos, oficinas, locales y terrenos, en el Partido de San Miguel, Buenos Aires, Argentina.","description":"venta, casa, inmobiliaria, san miguel, peluffo, oportunidad, nueva casa, centro, ruben filiberti, inmobiliaria, buenos aires, jose paz, bella vista, mu\u00f1iz","robots":{"index":"index","follow":"follow","max-snippet":"max-snippet:-1","max-image-preview":"max-image-preview:large","max-video-preview":"max-video-preview:-1"},"canonical":"https:\/\/rubenfiliberti.com.ar\/?product=ca","og_locale":"es_ES","og_type":"article","og_title":"Casa en Peluffo 875 - Ruben Filiberti Inmobiliaria, Venta y Alquiler de casas, departamentos, oficinas, locales y terrenos, en el Partido de San Miguel, Buenos Aires, Argentina.","og_description":"venta, casa, inmobiliaria, san miguel, peluffo, oportunidad, nueva casa, centro, ruben filiberti, inmobiliaria, buenos aires, jose paz, bella vista, mu\u00f1iz","og_url":"https:\/\/rubenfiliberti.com.ar\/?product=ca","og_site_name":"Ruben Filiberti Inmobiliaria, Venta y Alquiler de casas, departamentos, oficinas, locales y terrenos, en el Partido de San Miguel, Buenos Aires, Argentina.","article_modified_time":"2025-08-06T01:05:40+00:00","og_image":[{"width":2560,"height":1920,"url":"https:\/\/rubenfiliberti.com.ar\/wp-content\/uploads\/2025\/07\/WhatsApp-Image-2025-07-25-at-4.21.42-PM-scaled.jpeg","type":"image\/jpeg"}],"twitter_card":"summary_large_image","twitter_misc":{"Tiempo de lectura":"2 minutos"},"schema":{"@context":"https:\/\/schema.org","@graph":[{"@type":"WebPage","@id":"https:\/\/rubenfiliberti.com.ar\/?product=ca","url":"https:\/\/rubenfiliberti.com.ar\/?product=ca","name":"Casa en Peluffo 875 - Ruben Filiberti Inmobiliaria, Venta y Alquiler de casas, departamentos, oficinas, locales y terrenos, en el Partido de San Miguel, Buenos Aires, Argentina.","isPartOf":{"@id":"https:\/\/rubenfiliberti.com.ar\/#website"},"primaryImageOfPage":{"@id":"https:\/\/rubenfiliberti.com.ar\/?product=ca#primaryimage"},"image":{"@id":"https:\/\/rubenfiliberti.com.ar\/?product=ca#primaryimage"},"thumbnailUrl":"https:\/\/rubenfiliberti.com.ar\/wp-content\/uploads\/2025\/07\/WhatsApp-Image-2025-07-25-at-4.21.42-PM-scaled.jpeg","datePublished":"2025-07-25T23:22:32+00:00","dateModified":"2025-08-06T01:05:40+00:00","description":"venta, casa, inmobiliaria, san miguel, peluffo, oportunidad, nueva casa, centro, ruben filiberti, inmobiliaria, buenos aires, jose paz, bella vista, mu\u00f1iz","breadcrumb":{"@id":"https:\/\/rubenfiliberti.com.ar\/?product=ca#breadcrumb"},"inLanguage":"es","potentialAction":[{"@type":"ReadAction","target":["https:\/\/rubenfiliberti.com.ar\/?product=ca"]}]},{"@type":"ImageObject","inLanguage":"es","@id":"https:\/\/rubenfiliberti.com.ar\/?product=ca#primaryimage","url":"https:\/\/rubenfiliberti.com.ar\/wp-content\/uploads\/2025\/07\/WhatsApp-Image-2025-07-25-at-4.21.42-PM-scaled.jpeg","contentUrl":"https:\/\/rubenfiliberti.com.ar\/wp-content\/uploads\/2025\/07\/WhatsApp-Image-2025-07-25-at-4.21.42-PM-scaled.jpeg","width":2560,"height":1920},{"@type":"BreadcrumbList","@id":"https:\/\/rubenfiliberti.com.ar\/?product=ca#breadcrumb","itemListElement":[{"@type":"ListItem","position":1,"name":"Portada","item":"https:\/\/rubenfiliberti.com.ar\/"},{"@type":"ListItem","position":2,"name":"Productos","item":"https:\/\/rubenfiliberti.com.ar\/?post_type=product"},{"@type":"ListItem","position":3,"name":"Casa en Peluffo 875"}]},{"@type":"WebSite","@id":"https:\/\/rubenfiliberti.com.ar\/#website","url":"https:\/\/rubenfiliberti.com.ar\/","name":"Inmobiliaria Ruben Filiberti, Venta y Alquiler de casas, departamentos, oficinas, locales y terrenos, en el Partido de San Miguel, Buenos Aires, Argentina.","description":"Ruben Filiberti Inmobiliaria , Venta y Alquiler de casas, departamentos, oficinas, locales y terrenos, en el Partido de San Miguel, Buenos Aires, Argentina.","publisher":{"@id":"https:\/\/rubenfiliberti.com.ar\/#\/schema\/person\/1e26d66aefc103ef3f6dddcbf461eb13"},"potentialAction":[{"@type":"SearchAction","target":{"@type":"EntryPoint","urlTemplate":"https:\/\/rubenfiliberti.com.ar\/?s={search_term_string}"},"query-input":{"@type":"PropertyValueSpecification","valueRequired":true,"valueName":"search_term_string"}}],"inLanguage":"es"},{"@type":["Person","Organization"],"@id":"https:\/\/rubenfiliberti.com.ar\/#\/schema\/person\/1e26d66aefc103ef3f6dddcbf461eb13","name":"admin","image":{"@type":"ImageObject","inLanguage":"es","@id":"https:\/\/secure.gravatar.com\/avatar\/850baa19a0ab678ad4b5f824032d2ccc165f04b2ee4c50bb01d86b5c78f108b5?s=96&d=mm&r=g","url":"https:\/\/secure.gravatar.com\/avatar\/850baa19a0ab678ad4b5f824032d2ccc165f04b2ee4c50bb01d86b5c78f108b5?s=96&d=mm&r=g","contentUrl":"https:\/\/secure.gravatar.com\/avatar\/850baa19a0ab678ad4b5f824032d2ccc165f04b2ee4c50bb01d86b5c78f108b5?s=96&d=mm&r=g","caption":"admin"},"logo":{"@id":"https:\/\/secure.gravatar.com\/avatar\/850baa19a0ab678ad4b5f824032d2ccc165f04b2ee4c50bb01d86b5c78f108b5?s=96&d=mm&r=g"},"sameAs":["https:\/\/rubenfiliberti.com.ar"]}]}},"_links":{"self":[{"href":"https:\/\/rubenfiliberti.com.ar\/index.php?rest_route=\/wp\/v2\/product\/3265","targetHints":{"allow":["GET"]}}],"collection":[{"href":"https:\/\/rubenfiliberti.com.ar\/index.php?rest_route=\/wp\/v2\/product"}],"about":[{"href":"https:\/\/rubenfiliberti.com.ar\/index.php?rest_route=\/wp\/v2\/types\/product"}],"version-history":[{"count":4,"href":"https:\/\/rubenfiliberti.com.ar\/index.php?rest_route=\/wp\/v2\/product\/3265\/revisions"}],"predecessor-version":[{"id":3290,"href":"https:\/\/rubenfiliberti.com.ar\/index.php?rest_route=\/wp\/v2\/product\/3265\/revisions\/3290"}],"wp:featuredmedia":[{"embeddable":true,"href":"https:\/\/rubenfiliberti.com.ar\/index.php?rest_route=\/wp\/v2\/media\/3267"}],"wp:attachment":[{"href":"https:\/\/rubenfiliberti.com.ar\/index.php?rest_route=%2Fwp%2Fv2%2Fmedia&parent=3265"}],"wp:term":[{"taxonomy":"product_brand","embeddable":true,"href":"https:\/\/rubenfiliberti.com.ar\/index.php?rest_route=%2Fwp%2Fv2%2Fproduct_brand&post=3265"},{"taxonomy":"product_cat","embeddable":true,"href":"https:\/\/rubenfiliberti.com.ar\/index.php?rest_route=%2Fwp%2Fv2%2Fproduct_cat&post=3265"},{"taxonomy":"product_tag","embeddable":true,"href":"https:\/\/rubenfiliberti.com.ar\/index.php?rest_route=%2Fwp%2Fv2%2Fproduct_tag&post=3265"}],"curies":[{"name":"wp","href":"https:\/\/api.w.org\/{rel}","templated":true}]}}