{"id":3269,"date":"2025-07-25T23:27:45","date_gmt":"2025-07-25T23:27:45","guid":{"rendered":"https:\/\/rubenfiliberti.com.ar\/?post_type=product&#038;p=3269"},"modified":"2025-12-11T01:56:41","modified_gmt":"2025-12-11T01:56:41","slug":"benta-terreno","status":"publish","type":"product","link":"https:\/\/rubenfiliberti.com.ar\/?product=benta-terreno","title":{"rendered":"Lote sobre Domingo F. Sarmiento 1920"},"content":{"rendered":"<h2 data-start=\"105\" data-end=\"199\"><strong data-start=\"108\" data-end=\"199\">Lote en Venta en Microcentro de San Miguel \u2013 Proyecto Aprobado y Listo para Desarrollar<\/strong><\/h2>\n<h1 data-start=\"201\" data-end=\"284\"><strong data-start=\"201\" data-end=\"212\">Precio:<\/strong> <strong data-start=\"213\" data-end=\"228\">USD 180.000<\/strong><br data-start=\"228\" data-end=\"231\" \/><strong data-start=\"231\" data-end=\"245\">Ubicaci\u00f3n:<\/strong> Domingo F. Sarmiento 1920 \u2013 San Miguel<\/h1>\n<h2 data-start=\"509\" data-end=\"536\"><strong data-start=\"513\" data-end=\"536\">Medidas del Terreno<\/strong><\/h2>\n<ul data-start=\"537\" data-end=\"627\">\n<li data-start=\"537\" data-end=\"565\">\n<h2 data-start=\"539\" data-end=\"565\"><strong data-start=\"539\" data-end=\"550\">Frente:<\/strong> 10,39 metros<\/h2>\n<\/li>\n<li data-start=\"566\" data-end=\"593\">\n<h2 data-start=\"568\" data-end=\"593\"><strong data-start=\"568\" data-end=\"578\">Fondo:<\/strong> 19,40 metros<\/h2>\n<\/li>\n<li data-start=\"594\" data-end=\"627\">\n<h2 data-start=\"596\" data-end=\"627\"><strong data-start=\"596\" data-end=\"617\">Superficie total:<\/strong> 201,57 m\u00b2<\/h2>\n<\/li>\n<\/ul>\n<h3 data-start=\"629\" data-end=\"654\"><strong data-start=\"633\" data-end=\"654\">Proyecto Aprobado<\/strong><\/h3>\n<p data-start=\"655\" data-end=\"676\">Este lote cuenta con:<\/p>\n<ul data-start=\"677\" data-end=\"905\">\n<li data-start=\"677\" data-end=\"701\">\n<p data-start=\"679\" data-end=\"701\"><strong data-start=\"679\" data-end=\"699\">Planos aprobados<\/strong><\/p>\n<\/li>\n<li data-start=\"702\" data-end=\"732\">\n<p data-start=\"704\" data-end=\"732\"><strong data-start=\"704\" data-end=\"730\">Derechos de obra pagos<\/strong><\/p>\n<\/li>\n<li data-start=\"733\" data-end=\"905\">\n<p data-start=\"735\" data-end=\"787\">Habilitaci\u00f3n lista para comenzar la construcci\u00f3n de:<\/p>\n<ul data-start=\"790\" data-end=\"905\">\n<li data-start=\"790\" data-end=\"834\">\n<p data-start=\"792\" data-end=\"834\"><strong data-start=\"792\" data-end=\"832\">2 locales comerciales en planta baja<\/strong><\/p>\n<\/li>\n<li data-start=\"837\" data-end=\"905\">\n<p data-start=\"839\" data-end=\"905\"><strong data-start=\"839\" data-end=\"868\">12 departamentos modernos<\/strong> distribuidos en plantas superiores<\/p>\n<\/li>\n<\/ul>\n<\/li>\n<\/ul>\n<p data-start=\"907\" data-end=\"1002\">Un emprendimiento con excelente proyecci\u00f3n para venta o renta, en una zona de alt\u00edsima demanda.<\/p>\n<h3 data-start=\"1004\" data-end=\"1033\"><strong data-start=\"1008\" data-end=\"1033\">Ventajas Estrat\u00e9gicas<\/strong><\/h3>\n<ul data-start=\"1034\" data-end=\"1304\">\n<li data-start=\"1034\" data-end=\"1126\">\n<p data-start=\"1036\" data-end=\"1126\">Ubicado en el <strong data-start=\"1050\" data-end=\"1077\">coraz\u00f3n del microcentro<\/strong>, rodeado de comercios, transporte y servicios.<\/p>\n<\/li>\n<li data-start=\"1127\" data-end=\"1222\">\n<p data-start=\"1129\" data-end=\"1222\">Flujo constante de peatones y veh\u00edculos, garantizando visibilidad y rentabilidad comercial.<\/p>\n<\/li>\n<li data-start=\"1223\" data-end=\"1304\">\n<p data-start=\"1225\" data-end=\"1304\">Entorno consolidado, con fuerte crecimiento urbano y alta demanda habitacional.<\/p>\n<\/li>\n<\/ul>\n<h2 data-start=\"1306\" data-end=\"1338\"><strong data-start=\"1310\" data-end=\"1338\">Opciones de Financiaci\u00f3n<\/strong><\/h2>\n<ul data-start=\"1339\" data-end=\"1500\">\n<li data-start=\"1339\" data-end=\"1388\">\n<h2 data-start=\"1341\" data-end=\"1388\">Posibilidad de financiar una parte del valor.<\/h2>\n<\/li>\n<li data-start=\"1389\" data-end=\"1500\">\n<h2 data-start=\"1391\" data-end=\"1500\">Se puede recibir <strong data-start=\"1408\" data-end=\"1445\">metros cuadrados en parte de pago<\/strong>, facilitando el acceso a inversores y desarrolladores.<\/h2>\n<\/li>\n<\/ul>\n<h3 data-start=\"1502\" data-end=\"1543\"><strong data-start=\"1506\" data-end=\"1543\">Una Oportunidad con Bases S\u00f3lidas<\/strong><\/h3>\n<p data-start=\"1544\" data-end=\"1701\">Este lote representa una alternativa altamente competitiva para quienes buscan un proyecto inmediato, viable y con retorno asegurado por demanda y ubicaci\u00f3n.<\/p>\n<h3 data-start=\"1703\" data-end=\"1736\"><strong data-start=\"1707\" data-end=\"1736\">Consultas y Asesoramiento<\/strong><\/h3>\n<p data-start=\"1737\" data-end=\"1835\">Para informaci\u00f3n t\u00e9cnica, an\u00e1lisis de factibilidad o visita al sitio:<br data-start=\"1806\" data-end=\"1809\" \/><strong data-start=\"1809\" data-end=\"1822\">WhatsApp:<\/strong> 11 5980-0209<\/p>\n<p data-start=\"1737\" data-end=\"1835\"><a href=\"https:\/\/rubenfiliberti.com.ar\/Lotesarmiento\"><img decoding=\"async\" class=\"wp-image-3089 aligncenter\" src=\"https:\/\/rubenfiliberti.com.ar\/wp-content\/uploads\/2025\/06\/CONTACTAR-AGENTE-2-300x300.png\" alt=\"\" width=\"132\" height=\"132\" \/><\/a><a href=\"https:\/\/api.whatsapp.com\/send?phone=+5491159800209&amp;text=Quiero%20m%C3%A1s%20informaci%C3%B3n%20sobre%20Lote%20en%20Sarmiento%201920\"><img decoding=\"async\" class=\"aligncenter wp-image-3078\" src=\"https:\/\/rubenfiliberti.com.ar\/wp-content\/uploads\/2025\/06\/CONTACTAR-AGENTE-300x300.png\" alt=\"\" width=\"150\" height=\"150\" \/><\/a><\/p>\n","protected":false},"excerpt":{"rendered":"<p><a href=\"https:\/\/rubenfiliberti.com.ar\/Lotesarmiento\"><img decoding=\"async\" class=\"wp-image-3089 aligncenter\" src=\"https:\/\/rubenfiliberti.com.ar\/wp-content\/uploads\/2025\/06\/CONTACTAR-AGENTE-2-300x300.png\" alt=\"\" width=\"132\" height=\"132\" \/><\/a><\/p>\n<p><a href=\"https:\/\/api.whatsapp.com\/send?phone=+5491159800209&amp;text=Quiero%20m%C3%A1s%20informaci%C3%B3n%20sobre%20Lote%20en%20Sarmiento%201920\"><img decoding=\"async\" class=\"alignnone wp-image-3078 aligncenter\" src=\"https:\/\/rubenfiliberti.com.ar\/wp-content\/uploads\/2025\/06\/CONTACTAR-AGENTE-300x300.png\" alt=\"\" width=\"150\" height=\"150\" \/><\/a><\/p>\n<h2 data-start=\"105\" data-end=\"199\"><strong data-start=\"108\" data-end=\"199\">Lote en Venta en Microcentro de San Miguel \u2013 Proyecto Aprobado y Listo para Desarrollar<\/strong><\/h2>\n<h1 data-start=\"201\" data-end=\"284\"><strong data-start=\"201\" data-end=\"212\">Precio:<\/strong> <strong data-start=\"213\" data-end=\"228\">USD 180.000<\/strong><br data-start=\"228\" data-end=\"231\" \/><strong data-start=\"231\" data-end=\"245\">Ubicaci\u00f3n:<\/strong> Domingo F. Sarmiento 1920 \u2013 San Miguel<\/h1>\n<h2 data-start=\"509\" data-end=\"536\"><strong data-start=\"513\" data-end=\"536\">Medidas del Terreno<\/strong><\/h2>\n<ul data-start=\"537\" data-end=\"627\">\n<li data-start=\"537\" data-end=\"565\">\n<h2 data-start=\"539\" data-end=\"565\"><strong data-start=\"539\" data-end=\"550\">Frente:<\/strong> 10,39 metros<\/h2>\n<\/li>\n<li data-start=\"566\" data-end=\"593\">\n<h2 data-start=\"568\" data-end=\"593\"><strong data-start=\"568\" data-end=\"578\">Fondo:<\/strong> 19,40 metros<\/h2>\n<\/li>\n<li data-start=\"594\" data-end=\"627\">\n<h2 data-start=\"596\" data-end=\"627\"><strong data-start=\"596\" data-end=\"617\">Superficie total:<\/strong> 201,57 m\u00b2<\/h2>\n<\/li>\n<\/ul>\n<h3 data-start=\"629\" data-end=\"654\"><strong data-start=\"633\" data-end=\"654\">Proyecto Aprobado<\/strong><\/h3>\n<p data-start=\"655\" data-end=\"676\">Este lote cuenta con:<\/p>\n<ul data-start=\"677\" data-end=\"905\">\n<li data-start=\"677\" data-end=\"701\">\n<p data-start=\"679\" data-end=\"701\"><strong data-start=\"679\" data-end=\"699\">Planos aprobados<\/strong><\/p>\n<\/li>\n<li data-start=\"702\" data-end=\"732\">\n<p data-start=\"704\" data-end=\"732\"><strong data-start=\"704\" data-end=\"730\">Derechos de obra pagos<\/strong><\/p>\n<\/li>\n<li data-start=\"733\" data-end=\"905\">\n<p data-start=\"735\" data-end=\"787\">Habilitaci\u00f3n lista para comenzar la construcci\u00f3n de:<\/p>\n<ul data-start=\"790\" data-end=\"905\">\n<li data-start=\"790\" data-end=\"834\">\n<p data-start=\"792\" data-end=\"834\"><strong data-start=\"792\" data-end=\"832\">2 locales comerciales en planta baja<\/strong><\/p>\n<\/li>\n<li data-start=\"837\" data-end=\"905\">\n<p data-start=\"839\" data-end=\"905\"><strong data-start=\"839\" data-end=\"868\">12 departamentos modernos<\/strong> distribuidos en plantas superiores<\/p>\n<\/li>\n<\/ul>\n<\/li>\n<\/ul>\n<p data-start=\"907\" data-end=\"1002\">Un emprendimiento con excelente proyecci\u00f3n para venta o renta, en una zona de alt\u00edsima demanda.<\/p>\n<h3 data-start=\"1004\" data-end=\"1033\"><strong data-start=\"1008\" data-end=\"1033\">Ventajas Estrat\u00e9gicas<\/strong><\/h3>\n<ul data-start=\"1034\" data-end=\"1304\">\n<li data-start=\"1034\" data-end=\"1126\">\n<p data-start=\"1036\" data-end=\"1126\">Ubicado en el <strong data-start=\"1050\" data-end=\"1077\">coraz\u00f3n del microcentro<\/strong>, rodeado de comercios, transporte y servicios.<\/p>\n<\/li>\n<li data-start=\"1127\" data-end=\"1222\">\n<p data-start=\"1129\" data-end=\"1222\">Flujo constante de peatones y veh\u00edculos, garantizando visibilidad y rentabilidad comercial.<\/p>\n<\/li>\n<li data-start=\"1223\" data-end=\"1304\">\n<p data-start=\"1225\" data-end=\"1304\">Entorno consolidado, con fuerte crecimiento urbano y alta demanda habitacional.<\/p>\n<\/li>\n<\/ul>\n<h2 data-start=\"1306\" data-end=\"1338\"><strong data-start=\"1310\" data-end=\"1338\">Opciones de Financiaci\u00f3n<\/strong><\/h2>\n<ul data-start=\"1339\" data-end=\"1500\">\n<li data-start=\"1339\" data-end=\"1388\">\n<h2 data-start=\"1341\" data-end=\"1388\">Posibilidad de financiar una parte del valor.<\/h2>\n<\/li>\n<li data-start=\"1389\" data-end=\"1500\">\n<h2 data-start=\"1391\" data-end=\"1500\">Se puede recibir <strong data-start=\"1408\" data-end=\"1445\">metros cuadrados en parte de pago<\/strong>, facilitando el acceso a inversores y desarrolladores.<\/h2>\n<\/li>\n<\/ul>\n<h3 data-start=\"1502\" data-end=\"1543\"><strong data-start=\"1506\" data-end=\"1543\">Una Oportunidad con Bases S\u00f3lidas<\/strong><\/h3>\n<p data-start=\"1544\" data-end=\"1701\">Este lote representa una alternativa altamente competitiva para quienes buscan un proyecto inmediato, viable y con retorno asegurado por demanda y ubicaci\u00f3n.<\/p>\n<h3 data-start=\"1703\" data-end=\"1736\"><strong data-start=\"1707\" data-end=\"1736\">Consultas y Asesoramiento<\/strong><\/h3>\n<p data-start=\"1737\" data-end=\"1835\">Para informaci\u00f3n t\u00e9cnica, an\u00e1lisis de factibilidad o visita al sitio:<br data-start=\"1806\" data-end=\"1809\" \/><strong data-start=\"1809\" data-end=\"1822\">WhatsApp:<\/strong> 11 5980-0209<\/p>\n","protected":false},"featured_media":3459,"template":"","meta":{"_joinchat":[]},"product_brand":[],"product_cat":[74,70,25,20],"product_tag":[],"class_list":{"0":"post-3269","1":"product","2":"type-product","3":"status-publish","4":"has-post-thumbnail","6":"product_cat-localidad","7":"product_cat-san-miguel","8":"product_cat-terrenos","9":"product_cat-venta","11":"first","12":"instock","13":"shipping-taxable","14":"purchasable","15":"product-type-simple"},"yoast_head":"<!-- This site is optimized with the Yoast SEO plugin v27.4 - https:\/\/yoast.com\/product\/yoast-seo-wordpress\/ -->\n<title>Lote sobre Domingo F. Sarmiento 1920 - Ruben Filiberti Inmobiliaria, Venta y Alquiler de casas, departamentos, oficinas, locales y terrenos, en el Partido de San Miguel, Buenos Aires, Argentina.<\/title>\n<meta name=\"description\" content=\"venta, lote, Domingo F. Sarmiento 1920, san miguel, ruben filiberti, inmobiliaria, buenos aires, jose paz, bella vista, mu\u00f1iz\" \/>\n<meta name=\"robots\" content=\"index, follow, max-snippet:-1, max-image-preview:large, max-video-preview:-1\" \/>\n<link rel=\"canonical\" href=\"https:\/\/rubenfiliberti.com.ar\/?product=benta-terreno\" \/>\n<meta property=\"og:locale\" content=\"es_ES\" \/>\n<meta property=\"og:type\" content=\"article\" \/>\n<meta property=\"og:title\" content=\"Lote sobre Domingo F. Sarmiento 1920 - Ruben Filiberti Inmobiliaria, Venta y Alquiler de casas, departamentos, oficinas, locales y terrenos, en el Partido de San Miguel, Buenos Aires, Argentina.\" \/>\n<meta property=\"og:description\" content=\"venta, lote, Domingo F. Sarmiento 1920, san miguel, ruben filiberti, inmobiliaria, buenos aires, jose paz, bella vista, mu\u00f1iz\" \/>\n<meta property=\"og:url\" content=\"https:\/\/rubenfiliberti.com.ar\/?product=benta-terreno\" \/>\n<meta property=\"og:site_name\" content=\"Ruben Filiberti Inmobiliaria, Venta y Alquiler de casas, departamentos, oficinas, locales y terrenos, en el Partido de San Miguel, Buenos Aires, Argentina.\" \/>\n<meta property=\"article:modified_time\" content=\"2025-12-11T01:56:41+00:00\" \/>\n<meta property=\"og:image\" content=\"https:\/\/rubenfiliberti.com.ar\/wp-content\/uploads\/2025\/07\/WhatsApp-Image-2025-07-22-at-17.46.01-scaled.jpeg\" \/>\n\t<meta property=\"og:image:width\" content=\"2560\" \/>\n\t<meta property=\"og:image:height\" content=\"1920\" \/>\n\t<meta property=\"og:image:type\" content=\"image\/jpeg\" \/>\n<meta name=\"twitter:card\" content=\"summary_large_image\" \/>\n<meta name=\"twitter:label1\" content=\"Tiempo de lectura\" \/>\n\t<meta name=\"twitter:data1\" content=\"2 minutos\" \/>\n<script type=\"application\/ld+json\" class=\"yoast-schema-graph\">{\"@context\":\"https:\\\/\\\/schema.org\",\"@graph\":[{\"@type\":\"WebPage\",\"@id\":\"https:\\\/\\\/rubenfiliberti.com.ar\\\/?product=benta-terreno\",\"url\":\"https:\\\/\\\/rubenfiliberti.com.ar\\\/?product=benta-terreno\",\"name\":\"Lote sobre Domingo F. Sarmiento 1920 - Ruben Filiberti Inmobiliaria, Venta y Alquiler de casas, departamentos, oficinas, locales y terrenos, en el Partido de San Miguel, Buenos Aires, Argentina.\",\"isPartOf\":{\"@id\":\"https:\\\/\\\/rubenfiliberti.com.ar\\\/#website\"},\"primaryImageOfPage\":{\"@id\":\"https:\\\/\\\/rubenfiliberti.com.ar\\\/?product=benta-terreno#primaryimage\"},\"image\":{\"@id\":\"https:\\\/\\\/rubenfiliberti.com.ar\\\/?product=benta-terreno#primaryimage\"},\"thumbnailUrl\":\"https:\\\/\\\/rubenfiliberti.com.ar\\\/wp-content\\\/uploads\\\/2025\\\/07\\\/WhatsApp-Image-2025-07-22-at-17.46.01-scaled.jpeg\",\"datePublished\":\"2025-07-25T23:27:45+00:00\",\"dateModified\":\"2025-12-11T01:56:41+00:00\",\"description\":\"venta, lote, Domingo F. Sarmiento 1920, san miguel, ruben filiberti, inmobiliaria, buenos aires, jose paz, bella vista, mu\u00f1iz\",\"breadcrumb\":{\"@id\":\"https:\\\/\\\/rubenfiliberti.com.ar\\\/?product=benta-terreno#breadcrumb\"},\"inLanguage\":\"es\",\"potentialAction\":[{\"@type\":\"ReadAction\",\"target\":[\"https:\\\/\\\/rubenfiliberti.com.ar\\\/?product=benta-terreno\"]}]},{\"@type\":\"ImageObject\",\"inLanguage\":\"es\",\"@id\":\"https:\\\/\\\/rubenfiliberti.com.ar\\\/?product=benta-terreno#primaryimage\",\"url\":\"https:\\\/\\\/rubenfiliberti.com.ar\\\/wp-content\\\/uploads\\\/2025\\\/07\\\/WhatsApp-Image-2025-07-22-at-17.46.01-scaled.jpeg\",\"contentUrl\":\"https:\\\/\\\/rubenfiliberti.com.ar\\\/wp-content\\\/uploads\\\/2025\\\/07\\\/WhatsApp-Image-2025-07-22-at-17.46.01-scaled.jpeg\",\"width\":2560,\"height\":1920,\"caption\":\"LOTE EN VENTA EN SARMIENTO, SAN MIGUEL\"},{\"@type\":\"BreadcrumbList\",\"@id\":\"https:\\\/\\\/rubenfiliberti.com.ar\\\/?product=benta-terreno#breadcrumb\",\"itemListElement\":[{\"@type\":\"ListItem\",\"position\":1,\"name\":\"Portada\",\"item\":\"https:\\\/\\\/rubenfiliberti.com.ar\\\/\"},{\"@type\":\"ListItem\",\"position\":2,\"name\":\"Productos\",\"item\":\"https:\\\/\\\/rubenfiliberti.com.ar\\\/?post_type=product\"},{\"@type\":\"ListItem\",\"position\":3,\"name\":\"Lote sobre Domingo F. Sarmiento 1920\"}]},{\"@type\":\"WebSite\",\"@id\":\"https:\\\/\\\/rubenfiliberti.com.ar\\\/#website\",\"url\":\"https:\\\/\\\/rubenfiliberti.com.ar\\\/\",\"name\":\"Inmobiliaria Ruben Filiberti, Venta y Alquiler de casas, departamentos, oficinas, locales y terrenos, en el Partido de San Miguel, Buenos Aires, Argentina.\",\"description\":\"Ruben Filiberti Inmobiliaria , Venta y Alquiler de casas, departamentos, oficinas, locales y terrenos, en el Partido de San Miguel, Buenos Aires, Argentina.\",\"publisher\":{\"@id\":\"https:\\\/\\\/rubenfiliberti.com.ar\\\/#\\\/schema\\\/person\\\/1e26d66aefc103ef3f6dddcbf461eb13\"},\"potentialAction\":[{\"@type\":\"SearchAction\",\"target\":{\"@type\":\"EntryPoint\",\"urlTemplate\":\"https:\\\/\\\/rubenfiliberti.com.ar\\\/?s={search_term_string}\"},\"query-input\":{\"@type\":\"PropertyValueSpecification\",\"valueRequired\":true,\"valueName\":\"search_term_string\"}}],\"inLanguage\":\"es\"},{\"@type\":[\"Person\",\"Organization\"],\"@id\":\"https:\\\/\\\/rubenfiliberti.com.ar\\\/#\\\/schema\\\/person\\\/1e26d66aefc103ef3f6dddcbf461eb13\",\"name\":\"admin\",\"image\":{\"@type\":\"ImageObject\",\"inLanguage\":\"es\",\"@id\":\"https:\\\/\\\/secure.gravatar.com\\\/avatar\\\/850baa19a0ab678ad4b5f824032d2ccc165f04b2ee4c50bb01d86b5c78f108b5?s=96&d=mm&r=g\",\"url\":\"https:\\\/\\\/secure.gravatar.com\\\/avatar\\\/850baa19a0ab678ad4b5f824032d2ccc165f04b2ee4c50bb01d86b5c78f108b5?s=96&d=mm&r=g\",\"contentUrl\":\"https:\\\/\\\/secure.gravatar.com\\\/avatar\\\/850baa19a0ab678ad4b5f824032d2ccc165f04b2ee4c50bb01d86b5c78f108b5?s=96&d=mm&r=g\",\"caption\":\"admin\"},\"logo\":{\"@id\":\"https:\\\/\\\/secure.gravatar.com\\\/avatar\\\/850baa19a0ab678ad4b5f824032d2ccc165f04b2ee4c50bb01d86b5c78f108b5?s=96&d=mm&r=g\"},\"sameAs\":[\"https:\\\/\\\/rubenfiliberti.com.ar\"]}]}<\/script>\n<!-- \/ Yoast SEO plugin. -->","yoast_head_json":{"title":"Lote sobre Domingo F. Sarmiento 1920 - Ruben Filiberti Inmobiliaria, Venta y Alquiler de casas, departamentos, oficinas, locales y terrenos, en el Partido de San Miguel, Buenos Aires, Argentina.","description":"venta, lote, Domingo F. Sarmiento 1920, san miguel, ruben filiberti, inmobiliaria, buenos aires, jose paz, bella vista, mu\u00f1iz","robots":{"index":"index","follow":"follow","max-snippet":"max-snippet:-1","max-image-preview":"max-image-preview:large","max-video-preview":"max-video-preview:-1"},"canonical":"https:\/\/rubenfiliberti.com.ar\/?product=benta-terreno","og_locale":"es_ES","og_type":"article","og_title":"Lote sobre Domingo F. Sarmiento 1920 - Ruben Filiberti Inmobiliaria, Venta y Alquiler de casas, departamentos, oficinas, locales y terrenos, en el Partido de San Miguel, Buenos Aires, Argentina.","og_description":"venta, lote, Domingo F. Sarmiento 1920, san miguel, ruben filiberti, inmobiliaria, buenos aires, jose paz, bella vista, mu\u00f1iz","og_url":"https:\/\/rubenfiliberti.com.ar\/?product=benta-terreno","og_site_name":"Ruben Filiberti Inmobiliaria, Venta y Alquiler de casas, departamentos, oficinas, locales y terrenos, en el Partido de San Miguel, Buenos Aires, Argentina.","article_modified_time":"2025-12-11T01:56:41+00:00","og_image":[{"width":2560,"height":1920,"url":"https:\/\/rubenfiliberti.com.ar\/wp-content\/uploads\/2025\/07\/WhatsApp-Image-2025-07-22-at-17.46.01-scaled.jpeg","type":"image\/jpeg"}],"twitter_card":"summary_large_image","twitter_misc":{"Tiempo de lectura":"2 minutos"},"schema":{"@context":"https:\/\/schema.org","@graph":[{"@type":"WebPage","@id":"https:\/\/rubenfiliberti.com.ar\/?product=benta-terreno","url":"https:\/\/rubenfiliberti.com.ar\/?product=benta-terreno","name":"Lote sobre Domingo F. Sarmiento 1920 - Ruben Filiberti Inmobiliaria, Venta y Alquiler de casas, departamentos, oficinas, locales y terrenos, en el Partido de San Miguel, Buenos Aires, Argentina.","isPartOf":{"@id":"https:\/\/rubenfiliberti.com.ar\/#website"},"primaryImageOfPage":{"@id":"https:\/\/rubenfiliberti.com.ar\/?product=benta-terreno#primaryimage"},"image":{"@id":"https:\/\/rubenfiliberti.com.ar\/?product=benta-terreno#primaryimage"},"thumbnailUrl":"https:\/\/rubenfiliberti.com.ar\/wp-content\/uploads\/2025\/07\/WhatsApp-Image-2025-07-22-at-17.46.01-scaled.jpeg","datePublished":"2025-07-25T23:27:45+00:00","dateModified":"2025-12-11T01:56:41+00:00","description":"venta, lote, Domingo F. Sarmiento 1920, san miguel, ruben filiberti, inmobiliaria, buenos aires, jose paz, bella vista, mu\u00f1iz","breadcrumb":{"@id":"https:\/\/rubenfiliberti.com.ar\/?product=benta-terreno#breadcrumb"},"inLanguage":"es","potentialAction":[{"@type":"ReadAction","target":["https:\/\/rubenfiliberti.com.ar\/?product=benta-terreno"]}]},{"@type":"ImageObject","inLanguage":"es","@id":"https:\/\/rubenfiliberti.com.ar\/?product=benta-terreno#primaryimage","url":"https:\/\/rubenfiliberti.com.ar\/wp-content\/uploads\/2025\/07\/WhatsApp-Image-2025-07-22-at-17.46.01-scaled.jpeg","contentUrl":"https:\/\/rubenfiliberti.com.ar\/wp-content\/uploads\/2025\/07\/WhatsApp-Image-2025-07-22-at-17.46.01-scaled.jpeg","width":2560,"height":1920,"caption":"LOTE EN VENTA EN SARMIENTO, SAN MIGUEL"},{"@type":"BreadcrumbList","@id":"https:\/\/rubenfiliberti.com.ar\/?product=benta-terreno#breadcrumb","itemListElement":[{"@type":"ListItem","position":1,"name":"Portada","item":"https:\/\/rubenfiliberti.com.ar\/"},{"@type":"ListItem","position":2,"name":"Productos","item":"https:\/\/rubenfiliberti.com.ar\/?post_type=product"},{"@type":"ListItem","position":3,"name":"Lote sobre Domingo F. Sarmiento 1920"}]},{"@type":"WebSite","@id":"https:\/\/rubenfiliberti.com.ar\/#website","url":"https:\/\/rubenfiliberti.com.ar\/","name":"Inmobiliaria Ruben Filiberti, Venta y Alquiler de casas, departamentos, oficinas, locales y terrenos, en el Partido de San Miguel, Buenos Aires, Argentina.","description":"Ruben Filiberti Inmobiliaria , Venta y Alquiler de casas, departamentos, oficinas, locales y terrenos, en el Partido de San Miguel, Buenos Aires, Argentina.","publisher":{"@id":"https:\/\/rubenfiliberti.com.ar\/#\/schema\/person\/1e26d66aefc103ef3f6dddcbf461eb13"},"potentialAction":[{"@type":"SearchAction","target":{"@type":"EntryPoint","urlTemplate":"https:\/\/rubenfiliberti.com.ar\/?s={search_term_string}"},"query-input":{"@type":"PropertyValueSpecification","valueRequired":true,"valueName":"search_term_string"}}],"inLanguage":"es"},{"@type":["Person","Organization"],"@id":"https:\/\/rubenfiliberti.com.ar\/#\/schema\/person\/1e26d66aefc103ef3f6dddcbf461eb13","name":"admin","image":{"@type":"ImageObject","inLanguage":"es","@id":"https:\/\/secure.gravatar.com\/avatar\/850baa19a0ab678ad4b5f824032d2ccc165f04b2ee4c50bb01d86b5c78f108b5?s=96&d=mm&r=g","url":"https:\/\/secure.gravatar.com\/avatar\/850baa19a0ab678ad4b5f824032d2ccc165f04b2ee4c50bb01d86b5c78f108b5?s=96&d=mm&r=g","contentUrl":"https:\/\/secure.gravatar.com\/avatar\/850baa19a0ab678ad4b5f824032d2ccc165f04b2ee4c50bb01d86b5c78f108b5?s=96&d=mm&r=g","caption":"admin"},"logo":{"@id":"https:\/\/secure.gravatar.com\/avatar\/850baa19a0ab678ad4b5f824032d2ccc165f04b2ee4c50bb01d86b5c78f108b5?s=96&d=mm&r=g"},"sameAs":["https:\/\/rubenfiliberti.com.ar"]}]}},"_links":{"self":[{"href":"https:\/\/rubenfiliberti.com.ar\/index.php?rest_route=\/wp\/v2\/product\/3269","targetHints":{"allow":["GET"]}}],"collection":[{"href":"https:\/\/rubenfiliberti.com.ar\/index.php?rest_route=\/wp\/v2\/product"}],"about":[{"href":"https:\/\/rubenfiliberti.com.ar\/index.php?rest_route=\/wp\/v2\/types\/product"}],"version-history":[{"count":4,"href":"https:\/\/rubenfiliberti.com.ar\/index.php?rest_route=\/wp\/v2\/product\/3269\/revisions"}],"predecessor-version":[{"id":3462,"href":"https:\/\/rubenfiliberti.com.ar\/index.php?rest_route=\/wp\/v2\/product\/3269\/revisions\/3462"}],"wp:featuredmedia":[{"embeddable":true,"href":"https:\/\/rubenfiliberti.com.ar\/index.php?rest_route=\/wp\/v2\/media\/3459"}],"wp:attachment":[{"href":"https:\/\/rubenfiliberti.com.ar\/index.php?rest_route=%2Fwp%2Fv2%2Fmedia&parent=3269"}],"wp:term":[{"taxonomy":"product_brand","embeddable":true,"href":"https:\/\/rubenfiliberti.com.ar\/index.php?rest_route=%2Fwp%2Fv2%2Fproduct_brand&post=3269"},{"taxonomy":"product_cat","embeddable":true,"href":"https:\/\/rubenfiliberti.com.ar\/index.php?rest_route=%2Fwp%2Fv2%2Fproduct_cat&post=3269"},{"taxonomy":"product_tag","embeddable":true,"href":"https:\/\/rubenfiliberti.com.ar\/index.php?rest_route=%2Fwp%2Fv2%2Fproduct_tag&post=3269"}],"curies":[{"name":"wp","href":"https:\/\/api.w.org\/{rel}","templated":true}]}}