{"id":3294,"date":"2025-08-15T04:11:48","date_gmt":"2025-08-15T04:11:48","guid":{"rendered":"https:\/\/rubenfiliberti.com.ar\/?post_type=product&#038;p=3294"},"modified":"2025-12-11T01:50:44","modified_gmt":"2025-12-11T01:50:44","slug":"lote-11-x-47-san-miguel","status":"publish","type":"product","link":"https:\/\/rubenfiliberti.com.ar\/?product=lote-11-x-47-san-miguel","title":{"rendered":"Lote en Domingo Faustino Sarmiento 1226 (San Miguel)"},"content":{"rendered":"<p>ATENCI\u00d3N DESARROLLADORES E INVERSORES \ud83d\ude80<\/p>\n<h2 data-start=\"119\" data-end=\"205\"><strong data-start=\"122\" data-end=\"205\">Lote en Venta en Zona Estrat\u00e9gica de San Miguel \u2013 M\u00e1ximo Potencial Constructivo<\/strong><\/h2>\n<h1 data-start=\"207\" data-end=\"291\"><strong data-start=\"207\" data-end=\"218\">Precio:<\/strong> <strong data-start=\"219\" data-end=\"234\">USD 700.000<\/strong><br data-start=\"234\" data-end=\"237\" \/><strong data-start=\"237\" data-end=\"251\">Ubicaci\u00f3n:<\/strong> Domingo Faustino Sarmiento \u2013 San Miguel<\/h1>\n<h3 data-start=\"293\" data-end=\"320\"><strong data-start=\"297\" data-end=\"320\">Descripci\u00f3n General<\/strong><\/h3>\n<p data-start=\"321\" data-end=\"545\">Presentamos un lote exclusivo ubicado en uno de los sectores m\u00e1s estrat\u00e9gicos de San Miguel. Su entorno comercial, residencial y de alto tr\u00e1nsito lo convierte en una pieza clave para desarrollos inmobiliarios de gran escala.<\/p>\n<h2 data-start=\"547\" data-end=\"574\"><strong data-start=\"551\" data-end=\"574\">Medidas del Terreno<\/strong><\/h2>\n<ul data-start=\"575\" data-end=\"662\">\n<li data-start=\"575\" data-end=\"603\">\n<h2 data-start=\"577\" data-end=\"603\"><strong data-start=\"577\" data-end=\"588\">Frente:<\/strong> 10.55 metros<\/h2>\n<\/li>\n<li data-start=\"604\" data-end=\"628\">\n<h2 data-start=\"606\" data-end=\"628\"><strong data-start=\"606\" data-end=\"616\">Fondo:<\/strong> 47 metros<\/h2>\n<\/li>\n<li data-start=\"629\" data-end=\"662\">\n<h2 data-start=\"631\" data-end=\"662\"><strong data-start=\"631\" data-end=\"652\">Superficie total:<\/strong> 495,85 m\u00b2<\/h2>\n<\/li>\n<\/ul>\n<h3 data-start=\"664\" data-end=\"695\"><strong data-start=\"668\" data-end=\"695\">Potencial de Desarrollo<\/strong><\/h3>\n<ul data-start=\"696\" data-end=\"1034\">\n<li data-start=\"696\" data-end=\"811\">\n<p data-start=\"698\" data-end=\"811\">Posibilidad de construir <strong data-start=\"723\" data-end=\"761\">locales comerciales en planta baja<\/strong>, \u00f3ptimos para captar flujo constante de clientes.<\/p>\n<\/li>\n<li data-start=\"812\" data-end=\"921\">\n<p data-start=\"814\" data-end=\"921\">Capacidad para desarrollar <strong data-start=\"841\" data-end=\"859\">hasta 16 pisos<\/strong> de departamentos, un producto altamente demandado en la zona.<\/p>\n<\/li>\n<li data-start=\"922\" data-end=\"1034\">\n<p data-start=\"924\" data-end=\"1034\">M\u00e1ximo aprovechamiento del espacio con un retorno proyectado muy competitivo dentro del mercado de San Miguel.<\/p>\n<\/li>\n<\/ul>\n<h3 data-start=\"1036\" data-end=\"1065\"><strong data-start=\"1040\" data-end=\"1065\">Ventajas Estrat\u00e9gicas<\/strong><\/h3>\n<ul data-start=\"1066\" data-end=\"1302\">\n<li data-start=\"1066\" data-end=\"1180\">\n<p data-start=\"1068\" data-end=\"1180\">Ubicado en el <strong data-start=\"1082\" data-end=\"1106\">coraz\u00f3n de la ciudad<\/strong>, a pocos metros de puntos clave comerciales, bancarios y de transporte.<\/p>\n<\/li>\n<li data-start=\"1181\" data-end=\"1242\">\n<p data-start=\"1183\" data-end=\"1242\">Excelente visibilidad y circulaci\u00f3n peatonal y vehicular.<\/p>\n<\/li>\n<li data-start=\"1243\" data-end=\"1302\">\n<p data-start=\"1245\" data-end=\"1302\">Entorno en pleno crecimiento y con alto valor de reventa.<\/p>\n<\/li>\n<\/ul>\n<h3 data-start=\"1304\" data-end=\"1345\"><strong data-start=\"1308\" data-end=\"1345\">Una Inversi\u00f3n con Proyecci\u00f3n Real<\/strong><\/h3>\n<p data-start=\"1346\" data-end=\"1471\">Este lote re\u00fane los tres factores esenciales para un desarrollo exitoso: <strong data-start=\"1419\" data-end=\"1470\">ubicaci\u00f3n, densidad constructiva y demanda real<\/strong>.<\/p>\n<h3 data-start=\"1473\" data-end=\"1505\"><strong data-start=\"1477\" data-end=\"1505\">Consultas y Coordinaci\u00f3n<\/strong><\/h3>\n<p data-start=\"1506\" data-end=\"1591\">Para m\u00e1s informaci\u00f3n t\u00e9cnica o an\u00e1lisis de factibilidad:<br data-start=\"1562\" data-end=\"1565\" \/><strong data-start=\"1565\" data-end=\"1578\">WhatsApp:<\/strong> 11 5980-0209<\/p>\n<p><a href=\"https:\/\/api.whatsapp.com\/send?phone=5491159800209&amp;text=Quiero%20m%C3%A1s%20informaci%C3%B3n%20sobre%20esta%20propiedad\"><img decoding=\"async\" class=\"wp-image-3078 aligncenter\" src=\"https:\/\/rubenfiliberti.com.ar\/wp-content\/uploads\/2025\/06\/CONTACTAR-AGENTE-300x300.png\" alt=\"\" width=\"138\" height=\"138\" \/><\/a><\/p>\n<p>&nbsp;<\/p>\n","protected":false},"excerpt":{"rendered":"<h2 data-start=\"119\" data-end=\"205\"><strong data-start=\"122\" data-end=\"205\">Lote en Venta en Zona Estrat\u00e9gica de San Miguel \u2013 M\u00e1ximo Potencial Constructivo<\/strong><\/h2>\n<p data-start=\"207\" data-end=\"291\"><strong data-start=\"207\" data-end=\"218\">Precio:<\/strong> <strong data-start=\"219\" data-end=\"234\">USD 700.000<\/strong><br data-start=\"234\" data-end=\"237\" \/><strong data-start=\"237\" data-end=\"251\">Ubicaci\u00f3n:<\/strong> Domingo Faustino Sarmiento \u2013 San Miguel<\/p>\n<h3 data-start=\"293\" data-end=\"320\"><strong data-start=\"297\" data-end=\"320\">Descripci\u00f3n General<\/strong><\/h3>\n<p data-start=\"321\" data-end=\"545\">Presentamos un lote exclusivo ubicado en uno de los sectores m\u00e1s estrat\u00e9gicos de San Miguel. Su entorno comercial, residencial y de alto tr\u00e1nsito lo convierte en una pieza clave para desarrollos inmobiliarios de gran escala.<\/p>\n<h3 data-start=\"547\" data-end=\"574\"><strong data-start=\"551\" data-end=\"574\">Medidas del Terreno<\/strong><\/h3>\n<ul data-start=\"575\" data-end=\"662\">\n<li data-start=\"575\" data-end=\"603\">\n<p data-start=\"577\" data-end=\"603\"><strong data-start=\"577\" data-end=\"588\">Frente:<\/strong> 10.55 metros<\/p>\n<\/li>\n<li data-start=\"604\" data-end=\"628\">\n<p data-start=\"606\" data-end=\"628\"><strong data-start=\"606\" data-end=\"616\">Fondo:<\/strong> 47 metros<\/p>\n<\/li>\n<li data-start=\"629\" data-end=\"662\">\n<p data-start=\"631\" data-end=\"662\"><strong data-start=\"631\" data-end=\"652\">Superficie total:<\/strong> 495,85 m\u00b2<\/p>\n<\/li>\n<\/ul>\n<h3 data-start=\"664\" data-end=\"695\"><strong data-start=\"668\" data-end=\"695\">Potencial de Desarrollo<\/strong><\/h3>\n<ul data-start=\"696\" data-end=\"1034\">\n<li data-start=\"696\" data-end=\"811\">\n<p data-start=\"698\" data-end=\"811\">Posibilidad de construir <strong data-start=\"723\" data-end=\"761\">locales comerciales en planta baja<\/strong>, \u00f3ptimos para captar flujo constante de clientes.<\/p>\n<\/li>\n<li data-start=\"812\" data-end=\"921\">\n<p data-start=\"814\" data-end=\"921\">Capacidad para desarrollar <strong data-start=\"841\" data-end=\"859\">hasta 16 pisos<\/strong> de departamentos, un producto altamente demandado en la zona.<\/p>\n<\/li>\n<li data-start=\"922\" data-end=\"1034\">\n<p data-start=\"924\" data-end=\"1034\">M\u00e1ximo aprovechamiento del espacio con un retorno proyectado muy competitivo dentro del mercado de San Miguel.<\/p>\n<\/li>\n<\/ul>\n<h3 data-start=\"1036\" data-end=\"1065\"><strong data-start=\"1040\" data-end=\"1065\">Ventajas Estrat\u00e9gicas<\/strong><\/h3>\n<ul data-start=\"1066\" data-end=\"1302\">\n<li data-start=\"1066\" data-end=\"1180\">\n<p data-start=\"1068\" data-end=\"1180\">Ubicado en el <strong data-start=\"1082\" data-end=\"1106\">coraz\u00f3n de la ciudad<\/strong>, a pocos metros de puntos clave comerciales, bancarios y de transporte.<\/p>\n<\/li>\n<li data-start=\"1181\" data-end=\"1242\">\n<p data-start=\"1183\" data-end=\"1242\">Excelente visibilidad y circulaci\u00f3n peatonal y vehicular.<\/p>\n<\/li>\n<li data-start=\"1243\" data-end=\"1302\">\n<p data-start=\"1245\" data-end=\"1302\">Entorno en pleno crecimiento y con alto valor de reventa.<\/p>\n<\/li>\n<\/ul>\n<h3 data-start=\"1304\" data-end=\"1345\"><strong data-start=\"1308\" data-end=\"1345\">Una Inversi\u00f3n con Proyecci\u00f3n Real<\/strong><\/h3>\n<p data-start=\"1346\" data-end=\"1471\">Este lote re\u00fane los tres factores esenciales para un desarrollo exitoso: <strong data-start=\"1419\" data-end=\"1470\">ubicaci\u00f3n, densidad constructiva y demanda real<\/strong>.<\/p>\n<h3 data-start=\"1473\" data-end=\"1505\"><strong data-start=\"1477\" data-end=\"1505\">Consultas y Coordinaci\u00f3n<\/strong><\/h3>\n<p data-start=\"1506\" data-end=\"1591\">Para m\u00e1s informaci\u00f3n t\u00e9cnica o an\u00e1lisis de factibilidad:<br data-start=\"1562\" data-end=\"1565\" \/><strong data-start=\"1565\" data-end=\"1578\">WhatsApp:<\/strong> 11 5980-0209<\/p>\n<p><a href=\"https:\/\/api.whatsapp.com\/send?phone=5491159800209&amp;text=Quiero%20m%C3%A1s%20informaci%C3%B3n%20sobre%20esta%20propiedad\"><img decoding=\"async\" class=\"wp-image-3078 aligncenter\" src=\"https:\/\/rubenfiliberti.com.ar\/wp-content\/uploads\/2025\/06\/CONTACTAR-AGENTE-300x300.png\" alt=\"\" width=\"156\" height=\"156\" \/><\/a><\/p>\n","protected":false},"featured_media":3295,"template":"","meta":{"_joinchat":[]},"product_brand":[],"product_cat":[67,19,70,25,20],"product_tag":[],"class_list":{"0":"post-3294","1":"product","2":"type-product","3":"status-publish","4":"has-post-thumbnail","6":"product_cat-oportunidades","7":"product_cat-propiedades-en-venta-o-alquiler","8":"product_cat-san-miguel","9":"product_cat-terrenos","10":"product_cat-venta","12":"first","13":"instock","14":"shipping-taxable","15":"purchasable","16":"product-type-simple"},"yoast_head":"<!-- This site is optimized with the Yoast SEO plugin v27.4 - https:\/\/yoast.com\/product\/yoast-seo-wordpress\/ -->\n<title>Lote en Domingo Faustino Sarmiento 1226 (San Miguel) - Ruben Filiberti Inmobiliaria, Venta y Alquiler de casas, departamentos, oficinas, locales y terrenos, en el Partido de San Miguel, Buenos Aires, Argentina.<\/title>\n<meta name=\"description\" content=\"gran oportunidad de nuevo lote en san miguel buenos aires centro para inversion inmobiliaria con Posibilidad de construir locales comerciales en planta alta\" \/>\n<meta name=\"robots\" content=\"index, follow, max-snippet:-1, max-image-preview:large, max-video-preview:-1\" \/>\n<link rel=\"canonical\" href=\"https:\/\/rubenfiliberti.com.ar\/?product=lote-11-x-47-san-miguel\" \/>\n<meta property=\"og:locale\" content=\"es_ES\" \/>\n<meta property=\"og:type\" content=\"article\" \/>\n<meta property=\"og:title\" content=\"Lote en Domingo Faustino Sarmiento 1226 (San Miguel) - Ruben Filiberti Inmobiliaria, Venta y Alquiler de casas, departamentos, oficinas, locales y terrenos, en el Partido de San Miguel, Buenos Aires, Argentina.\" \/>\n<meta property=\"og:description\" content=\"gran oportunidad de nuevo lote en san miguel buenos aires centro para inversion inmobiliaria con Posibilidad de construir locales comerciales en planta alta\" \/>\n<meta property=\"og:url\" content=\"https:\/\/rubenfiliberti.com.ar\/?product=lote-11-x-47-san-miguel\" \/>\n<meta property=\"og:site_name\" content=\"Ruben Filiberti Inmobiliaria, Venta y Alquiler de casas, departamentos, oficinas, locales y terrenos, en el Partido de San Miguel, Buenos Aires, Argentina.\" \/>\n<meta property=\"article:modified_time\" content=\"2025-12-11T01:50:44+00:00\" \/>\n<meta property=\"og:image\" content=\"https:\/\/rubenfiliberti.com.ar\/wp-content\/uploads\/2025\/08\/WhatsApp-Image-2025-08-05-at-17.21.19-scaled.jpeg\" \/>\n\t<meta property=\"og:image:width\" content=\"2560\" \/>\n\t<meta property=\"og:image:height\" content=\"1920\" \/>\n\t<meta property=\"og:image:type\" content=\"image\/jpeg\" \/>\n<meta name=\"twitter:card\" content=\"summary_large_image\" \/>\n<meta name=\"twitter:label1\" content=\"Tiempo de lectura\" \/>\n\t<meta name=\"twitter:data1\" content=\"2 minutos\" \/>\n<script type=\"application\/ld+json\" class=\"yoast-schema-graph\">{\"@context\":\"https:\\\/\\\/schema.org\",\"@graph\":[{\"@type\":\"WebPage\",\"@id\":\"https:\\\/\\\/rubenfiliberti.com.ar\\\/?product=lote-11-x-47-san-miguel\",\"url\":\"https:\\\/\\\/rubenfiliberti.com.ar\\\/?product=lote-11-x-47-san-miguel\",\"name\":\"Lote en Domingo Faustino Sarmiento 1226 (San Miguel) - Ruben Filiberti Inmobiliaria, Venta y Alquiler de casas, departamentos, oficinas, locales y terrenos, en el Partido de San Miguel, Buenos Aires, Argentina.\",\"isPartOf\":{\"@id\":\"https:\\\/\\\/rubenfiliberti.com.ar\\\/#website\"},\"primaryImageOfPage\":{\"@id\":\"https:\\\/\\\/rubenfiliberti.com.ar\\\/?product=lote-11-x-47-san-miguel#primaryimage\"},\"image\":{\"@id\":\"https:\\\/\\\/rubenfiliberti.com.ar\\\/?product=lote-11-x-47-san-miguel#primaryimage\"},\"thumbnailUrl\":\"https:\\\/\\\/rubenfiliberti.com.ar\\\/wp-content\\\/uploads\\\/2025\\\/08\\\/WhatsApp-Image-2025-08-05-at-17.21.19-scaled.jpeg\",\"datePublished\":\"2025-08-15T04:11:48+00:00\",\"dateModified\":\"2025-12-11T01:50:44+00:00\",\"description\":\"gran oportunidad de nuevo lote en san miguel buenos aires centro para inversion inmobiliaria con Posibilidad de construir locales comerciales en planta alta\",\"breadcrumb\":{\"@id\":\"https:\\\/\\\/rubenfiliberti.com.ar\\\/?product=lote-11-x-47-san-miguel#breadcrumb\"},\"inLanguage\":\"es\",\"potentialAction\":[{\"@type\":\"ReadAction\",\"target\":[\"https:\\\/\\\/rubenfiliberti.com.ar\\\/?product=lote-11-x-47-san-miguel\"]}]},{\"@type\":\"ImageObject\",\"inLanguage\":\"es\",\"@id\":\"https:\\\/\\\/rubenfiliberti.com.ar\\\/?product=lote-11-x-47-san-miguel#primaryimage\",\"url\":\"https:\\\/\\\/rubenfiliberti.com.ar\\\/wp-content\\\/uploads\\\/2025\\\/08\\\/WhatsApp-Image-2025-08-05-at-17.21.19-scaled.jpeg\",\"contentUrl\":\"https:\\\/\\\/rubenfiliberti.com.ar\\\/wp-content\\\/uploads\\\/2025\\\/08\\\/WhatsApp-Image-2025-08-05-at-17.21.19-scaled.jpeg\",\"width\":2560,\"height\":1920},{\"@type\":\"BreadcrumbList\",\"@id\":\"https:\\\/\\\/rubenfiliberti.com.ar\\\/?product=lote-11-x-47-san-miguel#breadcrumb\",\"itemListElement\":[{\"@type\":\"ListItem\",\"position\":1,\"name\":\"Portada\",\"item\":\"https:\\\/\\\/rubenfiliberti.com.ar\\\/\"},{\"@type\":\"ListItem\",\"position\":2,\"name\":\"Productos\",\"item\":\"https:\\\/\\\/rubenfiliberti.com.ar\\\/?post_type=product\"},{\"@type\":\"ListItem\",\"position\":3,\"name\":\"Lote en Domingo Faustino Sarmiento 1226 (San Miguel)\"}]},{\"@type\":\"WebSite\",\"@id\":\"https:\\\/\\\/rubenfiliberti.com.ar\\\/#website\",\"url\":\"https:\\\/\\\/rubenfiliberti.com.ar\\\/\",\"name\":\"Inmobiliaria Ruben Filiberti, Venta y Alquiler de casas, departamentos, oficinas, locales y terrenos, en el Partido de San Miguel, Buenos Aires, Argentina.\",\"description\":\"Ruben Filiberti Inmobiliaria , Venta y Alquiler de casas, departamentos, oficinas, locales y terrenos, en el Partido de San Miguel, Buenos Aires, Argentina.\",\"publisher\":{\"@id\":\"https:\\\/\\\/rubenfiliberti.com.ar\\\/#\\\/schema\\\/person\\\/1e26d66aefc103ef3f6dddcbf461eb13\"},\"potentialAction\":[{\"@type\":\"SearchAction\",\"target\":{\"@type\":\"EntryPoint\",\"urlTemplate\":\"https:\\\/\\\/rubenfiliberti.com.ar\\\/?s={search_term_string}\"},\"query-input\":{\"@type\":\"PropertyValueSpecification\",\"valueRequired\":true,\"valueName\":\"search_term_string\"}}],\"inLanguage\":\"es\"},{\"@type\":[\"Person\",\"Organization\"],\"@id\":\"https:\\\/\\\/rubenfiliberti.com.ar\\\/#\\\/schema\\\/person\\\/1e26d66aefc103ef3f6dddcbf461eb13\",\"name\":\"admin\",\"image\":{\"@type\":\"ImageObject\",\"inLanguage\":\"es\",\"@id\":\"https:\\\/\\\/secure.gravatar.com\\\/avatar\\\/850baa19a0ab678ad4b5f824032d2ccc165f04b2ee4c50bb01d86b5c78f108b5?s=96&d=mm&r=g\",\"url\":\"https:\\\/\\\/secure.gravatar.com\\\/avatar\\\/850baa19a0ab678ad4b5f824032d2ccc165f04b2ee4c50bb01d86b5c78f108b5?s=96&d=mm&r=g\",\"contentUrl\":\"https:\\\/\\\/secure.gravatar.com\\\/avatar\\\/850baa19a0ab678ad4b5f824032d2ccc165f04b2ee4c50bb01d86b5c78f108b5?s=96&d=mm&r=g\",\"caption\":\"admin\"},\"logo\":{\"@id\":\"https:\\\/\\\/secure.gravatar.com\\\/avatar\\\/850baa19a0ab678ad4b5f824032d2ccc165f04b2ee4c50bb01d86b5c78f108b5?s=96&d=mm&r=g\"},\"sameAs\":[\"https:\\\/\\\/rubenfiliberti.com.ar\"]}]}<\/script>\n<!-- \/ Yoast SEO plugin. -->","yoast_head_json":{"title":"Lote en Domingo Faustino Sarmiento 1226 (San Miguel) - Ruben Filiberti Inmobiliaria, Venta y Alquiler de casas, departamentos, oficinas, locales y terrenos, en el Partido de San Miguel, Buenos Aires, Argentina.","description":"gran oportunidad de nuevo lote en san miguel buenos aires centro para inversion inmobiliaria con Posibilidad de construir locales comerciales en planta alta","robots":{"index":"index","follow":"follow","max-snippet":"max-snippet:-1","max-image-preview":"max-image-preview:large","max-video-preview":"max-video-preview:-1"},"canonical":"https:\/\/rubenfiliberti.com.ar\/?product=lote-11-x-47-san-miguel","og_locale":"es_ES","og_type":"article","og_title":"Lote en Domingo Faustino Sarmiento 1226 (San Miguel) - Ruben Filiberti Inmobiliaria, Venta y Alquiler de casas, departamentos, oficinas, locales y terrenos, en el Partido de San Miguel, Buenos Aires, Argentina.","og_description":"gran oportunidad de nuevo lote en san miguel buenos aires centro para inversion inmobiliaria con Posibilidad de construir locales comerciales en planta alta","og_url":"https:\/\/rubenfiliberti.com.ar\/?product=lote-11-x-47-san-miguel","og_site_name":"Ruben Filiberti Inmobiliaria, Venta y Alquiler de casas, departamentos, oficinas, locales y terrenos, en el Partido de San Miguel, Buenos Aires, Argentina.","article_modified_time":"2025-12-11T01:50:44+00:00","og_image":[{"width":2560,"height":1920,"url":"https:\/\/rubenfiliberti.com.ar\/wp-content\/uploads\/2025\/08\/WhatsApp-Image-2025-08-05-at-17.21.19-scaled.jpeg","type":"image\/jpeg"}],"twitter_card":"summary_large_image","twitter_misc":{"Tiempo de lectura":"2 minutos"},"schema":{"@context":"https:\/\/schema.org","@graph":[{"@type":"WebPage","@id":"https:\/\/rubenfiliberti.com.ar\/?product=lote-11-x-47-san-miguel","url":"https:\/\/rubenfiliberti.com.ar\/?product=lote-11-x-47-san-miguel","name":"Lote en Domingo Faustino Sarmiento 1226 (San Miguel) - Ruben Filiberti Inmobiliaria, Venta y Alquiler de casas, departamentos, oficinas, locales y terrenos, en el Partido de San Miguel, Buenos Aires, Argentina.","isPartOf":{"@id":"https:\/\/rubenfiliberti.com.ar\/#website"},"primaryImageOfPage":{"@id":"https:\/\/rubenfiliberti.com.ar\/?product=lote-11-x-47-san-miguel#primaryimage"},"image":{"@id":"https:\/\/rubenfiliberti.com.ar\/?product=lote-11-x-47-san-miguel#primaryimage"},"thumbnailUrl":"https:\/\/rubenfiliberti.com.ar\/wp-content\/uploads\/2025\/08\/WhatsApp-Image-2025-08-05-at-17.21.19-scaled.jpeg","datePublished":"2025-08-15T04:11:48+00:00","dateModified":"2025-12-11T01:50:44+00:00","description":"gran oportunidad de nuevo lote en san miguel buenos aires centro para inversion inmobiliaria con Posibilidad de construir locales comerciales en planta alta","breadcrumb":{"@id":"https:\/\/rubenfiliberti.com.ar\/?product=lote-11-x-47-san-miguel#breadcrumb"},"inLanguage":"es","potentialAction":[{"@type":"ReadAction","target":["https:\/\/rubenfiliberti.com.ar\/?product=lote-11-x-47-san-miguel"]}]},{"@type":"ImageObject","inLanguage":"es","@id":"https:\/\/rubenfiliberti.com.ar\/?product=lote-11-x-47-san-miguel#primaryimage","url":"https:\/\/rubenfiliberti.com.ar\/wp-content\/uploads\/2025\/08\/WhatsApp-Image-2025-08-05-at-17.21.19-scaled.jpeg","contentUrl":"https:\/\/rubenfiliberti.com.ar\/wp-content\/uploads\/2025\/08\/WhatsApp-Image-2025-08-05-at-17.21.19-scaled.jpeg","width":2560,"height":1920},{"@type":"BreadcrumbList","@id":"https:\/\/rubenfiliberti.com.ar\/?product=lote-11-x-47-san-miguel#breadcrumb","itemListElement":[{"@type":"ListItem","position":1,"name":"Portada","item":"https:\/\/rubenfiliberti.com.ar\/"},{"@type":"ListItem","position":2,"name":"Productos","item":"https:\/\/rubenfiliberti.com.ar\/?post_type=product"},{"@type":"ListItem","position":3,"name":"Lote en Domingo Faustino Sarmiento 1226 (San Miguel)"}]},{"@type":"WebSite","@id":"https:\/\/rubenfiliberti.com.ar\/#website","url":"https:\/\/rubenfiliberti.com.ar\/","name":"Inmobiliaria Ruben Filiberti, Venta y Alquiler de casas, departamentos, oficinas, locales y terrenos, en el Partido de San Miguel, Buenos Aires, Argentina.","description":"Ruben Filiberti Inmobiliaria , Venta y Alquiler de casas, departamentos, oficinas, locales y terrenos, en el Partido de San Miguel, Buenos Aires, Argentina.","publisher":{"@id":"https:\/\/rubenfiliberti.com.ar\/#\/schema\/person\/1e26d66aefc103ef3f6dddcbf461eb13"},"potentialAction":[{"@type":"SearchAction","target":{"@type":"EntryPoint","urlTemplate":"https:\/\/rubenfiliberti.com.ar\/?s={search_term_string}"},"query-input":{"@type":"PropertyValueSpecification","valueRequired":true,"valueName":"search_term_string"}}],"inLanguage":"es"},{"@type":["Person","Organization"],"@id":"https:\/\/rubenfiliberti.com.ar\/#\/schema\/person\/1e26d66aefc103ef3f6dddcbf461eb13","name":"admin","image":{"@type":"ImageObject","inLanguage":"es","@id":"https:\/\/secure.gravatar.com\/avatar\/850baa19a0ab678ad4b5f824032d2ccc165f04b2ee4c50bb01d86b5c78f108b5?s=96&d=mm&r=g","url":"https:\/\/secure.gravatar.com\/avatar\/850baa19a0ab678ad4b5f824032d2ccc165f04b2ee4c50bb01d86b5c78f108b5?s=96&d=mm&r=g","contentUrl":"https:\/\/secure.gravatar.com\/avatar\/850baa19a0ab678ad4b5f824032d2ccc165f04b2ee4c50bb01d86b5c78f108b5?s=96&d=mm&r=g","caption":"admin"},"logo":{"@id":"https:\/\/secure.gravatar.com\/avatar\/850baa19a0ab678ad4b5f824032d2ccc165f04b2ee4c50bb01d86b5c78f108b5?s=96&d=mm&r=g"},"sameAs":["https:\/\/rubenfiliberti.com.ar"]}]}},"_links":{"self":[{"href":"https:\/\/rubenfiliberti.com.ar\/index.php?rest_route=\/wp\/v2\/product\/3294","targetHints":{"allow":["GET"]}}],"collection":[{"href":"https:\/\/rubenfiliberti.com.ar\/index.php?rest_route=\/wp\/v2\/product"}],"about":[{"href":"https:\/\/rubenfiliberti.com.ar\/index.php?rest_route=\/wp\/v2\/types\/product"}],"version-history":[{"count":9,"href":"https:\/\/rubenfiliberti.com.ar\/index.php?rest_route=\/wp\/v2\/product\/3294\/revisions"}],"predecessor-version":[{"id":3458,"href":"https:\/\/rubenfiliberti.com.ar\/index.php?rest_route=\/wp\/v2\/product\/3294\/revisions\/3458"}],"wp:featuredmedia":[{"embeddable":true,"href":"https:\/\/rubenfiliberti.com.ar\/index.php?rest_route=\/wp\/v2\/media\/3295"}],"wp:attachment":[{"href":"https:\/\/rubenfiliberti.com.ar\/index.php?rest_route=%2Fwp%2Fv2%2Fmedia&parent=3294"}],"wp:term":[{"taxonomy":"product_brand","embeddable":true,"href":"https:\/\/rubenfiliberti.com.ar\/index.php?rest_route=%2Fwp%2Fv2%2Fproduct_brand&post=3294"},{"taxonomy":"product_cat","embeddable":true,"href":"https:\/\/rubenfiliberti.com.ar\/index.php?rest_route=%2Fwp%2Fv2%2Fproduct_cat&post=3294"},{"taxonomy":"product_tag","embeddable":true,"href":"https:\/\/rubenfiliberti.com.ar\/index.php?rest_route=%2Fwp%2Fv2%2Fproduct_tag&post=3294"}],"curies":[{"name":"wp","href":"https:\/\/api.w.org\/{rel}","templated":true}]}}