{"id":3464,"date":"2026-01-19T12:05:20","date_gmt":"2026-01-19T12:05:20","guid":{"rendered":"https:\/\/rubenfiliberti.com.ar\/?post_type=product&#038;p=3464"},"modified":"2026-01-19T12:05:20","modified_gmt":"2026-01-19T12:05:20","slug":"lote-en-venta-campo-de-mayo","status":"publish","type":"product","link":"https:\/\/rubenfiliberti.com.ar\/?product=lote-en-venta-campo-de-mayo","title":{"rendered":"Lote en Venta en Campo de Mayo"},"content":{"rendered":"<h2 data-start=\"195\" data-end=\"251\">Lote en venta \u2013 844 m\u00b2 \u2013 Ideal desarrollo de d\u00faplex<\/h2>\n<p data-start=\"252\" data-end=\"291\"><strong data-start=\"252\" data-end=\"291\">Olegario Andrade 52 | Campo de Mayo<\/strong><\/p>\n<p data-start=\"293\" data-end=\"394\">Excelente oportunidad de inversi\u00f3n en una zona con alta demanda residencial y excelente conectividad.<\/p>\n<p data-start=\"396\" data-end=\"589\">Se ofrece <strong data-start=\"406\" data-end=\"424\">lote de 844 m\u00b2<\/strong>, con <strong data-start=\"430\" data-end=\"448\">casa a demoler<\/strong>, ideal para el desarrollo de <strong data-start=\"478\" data-end=\"521\">d\u00faplex u otros proyectos habitacionales<\/strong>, aprovechando al m\u00e1ximo la superficie y el crecimiento del entorno.<\/p>\n<h3 data-start=\"591\" data-end=\"616\">Ubicaci\u00f3n estrat\u00e9gica<\/h3>\n<p data-start=\"617\" data-end=\"816\">\ud83d\udccd <strong data-start=\"620\" data-end=\"643\">Olegario Andrade 52<\/strong>, a solo <strong data-start=\"652\" data-end=\"711\">200 metros de la Estaci\u00f3n Campo de Mayo (L\u00ednea Urquiza)<\/strong>.<br data-start=\"712\" data-end=\"715\" \/>\ud83d\ude8c A <strong data-start=\"720\" data-end=\"764\">200 metros de cinco l\u00edneas de colectivos<\/strong>, lo que garantiza r\u00e1pido acceso y alta circulaci\u00f3n.<\/p>\n<h3 data-start=\"818\" data-end=\"849\">Caracter\u00edsticas del terreno<\/h3>\n<ul data-start=\"850\" data-end=\"1049\">\n<li data-start=\"850\" data-end=\"882\">\n<p data-start=\"852\" data-end=\"882\">Superficie total: <strong data-start=\"870\" data-end=\"880\">844 m\u00b2<\/strong><\/p>\n<\/li>\n<li data-start=\"883\" data-end=\"925\">\n<p data-start=\"885\" data-end=\"925\">Estado: <strong data-start=\"893\" data-end=\"923\">con construcci\u00f3n a demoler<\/strong><\/p>\n<\/li>\n<li data-start=\"926\" data-end=\"990\">\n<p data-start=\"928\" data-end=\"990\">Uso ideal: <strong data-start=\"939\" data-end=\"988\">desarrollo de d\u00faplex \/ inversi\u00f3n inmobiliaria<\/strong><\/p>\n<\/li>\n<li data-start=\"991\" data-end=\"1049\">\n<p data-start=\"993\" data-end=\"1049\">Entorno: <strong data-start=\"1002\" data-end=\"1049\">residencial, con fuerte demanda de vivienda<\/strong><\/p>\n<\/li>\n<\/ul>\n<h3 data-start=\"1051\" data-end=\"1060\">Valor<\/h3>\n<p data-start=\"1061\" data-end=\"1079\">\ud83d\udcb0 <strong data-start=\"1064\" data-end=\"1079\">USD 110.000<\/strong><\/p>\n<p data-start=\"1081\" data-end=\"1191\">Una propiedad con <strong data-start=\"1099\" data-end=\"1133\">gran potencial de rentabilidad<\/strong>, en una ubicaci\u00f3n consolidada y con excelente proyecci\u00f3n.<\/p>\n<p data-start=\"1193\" data-end=\"1290\" data-is-last-node=\"\" data-is-only-node=\"\">\ud83d\udcf2 11 5980-0209 <strong data-start=\"1196\" data-end=\"1290\" data-is-last-node=\"\">Consultanos para recibir m\u00e1s informaci\u00f3n, indicadores urban\u00edsticos y coordinar una visita.<\/strong><\/p>\n<p data-start=\"1193\" data-end=\"1290\" data-is-last-node=\"\" data-is-only-node=\"\"><a href=\"https:\/\/wa.me\/5491159800209?text=Hola%2C%20quisiera%20mas%20informacion%20sobre%20el%20lote%20en%20Campo%20de%20Mayo\"><img decoding=\"async\" class=\"alignnone  wp-image-3078\" src=\"https:\/\/rubenfiliberti.com.ar\/wp-content\/uploads\/2025\/06\/CONTACTAR-AGENTE-300x300.png\" alt=\"WHATSAPP\" width=\"145\" height=\"145\" \/><\/a><\/p>\n","protected":false},"excerpt":{"rendered":"<h2 data-start=\"195\" data-end=\"251\">Lote en venta \u2013 844 m\u00b2 \u2013 Ideal desarrollo de d\u00faplex<\/h2>\n<p data-start=\"252\" data-end=\"291\"><strong data-start=\"252\" data-end=\"291\">Olegario Andrade 52 | Campo de Mayo<\/strong><\/p>\n<p data-start=\"293\" data-end=\"394\">Excelente oportunidad de inversi\u00f3n en una zona con alta demanda residencial y excelente conectividad.<\/p>\n<p data-start=\"396\" data-end=\"589\">Se ofrece <strong data-start=\"406\" data-end=\"424\">lote de 844 m\u00b2<\/strong>, con <strong data-start=\"430\" data-end=\"448\">casa a demoler<\/strong>, ideal para el desarrollo de <strong data-start=\"478\" data-end=\"521\">d\u00faplex u otros proyectos habitacionales<\/strong>, aprovechando al m\u00e1ximo la superficie y el crecimiento del entorno.<\/p>\n<h3 data-start=\"591\" data-end=\"616\">Ubicaci\u00f3n estrat\u00e9gica<\/h3>\n<p data-start=\"617\" data-end=\"816\">\ud83d\udccd <strong data-start=\"620\" data-end=\"643\">Olegario Andrade 52<\/strong>, a solo <strong data-start=\"652\" data-end=\"711\">200 metros de la Estaci\u00f3n Campo de Mayo (L\u00ednea Urquiza)<\/strong>.<br data-start=\"712\" data-end=\"715\" \/>\ud83d\ude8c A <strong data-start=\"720\" data-end=\"764\">200 metros de cinco l\u00edneas de colectivos<\/strong>, lo que garantiza r\u00e1pido acceso y alta circulaci\u00f3n.<\/p>\n<h3 data-start=\"818\" data-end=\"849\">Caracter\u00edsticas del terreno<\/h3>\n<ul data-start=\"850\" data-end=\"1049\">\n<li data-start=\"850\" data-end=\"882\">\n<p data-start=\"852\" data-end=\"882\">Superficie total: <strong data-start=\"870\" data-end=\"880\">844 m\u00b2<\/strong><\/p>\n<\/li>\n<li data-start=\"883\" data-end=\"925\">\n<p data-start=\"885\" data-end=\"925\">Estado: <strong data-start=\"893\" data-end=\"923\">con construcci\u00f3n a demoler<\/strong><\/p>\n<\/li>\n<li data-start=\"926\" data-end=\"990\">\n<p data-start=\"928\" data-end=\"990\">Uso ideal: <strong data-start=\"939\" data-end=\"988\">desarrollo de d\u00faplex \/ inversi\u00f3n inmobiliaria<\/strong><\/p>\n<\/li>\n<li data-start=\"991\" data-end=\"1049\">\n<p data-start=\"993\" data-end=\"1049\">Entorno: <strong data-start=\"1002\" data-end=\"1049\">residencial, con fuerte demanda de vivienda<\/strong><\/p>\n<\/li>\n<\/ul>\n<h3 data-start=\"1051\" data-end=\"1060\">Valor<\/h3>\n<p data-start=\"1061\" data-end=\"1079\">\ud83d\udcb0 <strong data-start=\"1064\" data-end=\"1079\">USD 110.000<\/strong><\/p>\n<p data-start=\"1081\" data-end=\"1191\">Una propiedad con <strong data-start=\"1099\" data-end=\"1133\">gran potencial de rentabilidad<\/strong>, en una ubicaci\u00f3n consolidada y con excelente proyecci\u00f3n.<\/p>\n<p data-start=\"1193\" data-end=\"1290\" data-is-last-node=\"\" data-is-only-node=\"\">\ud83d\udcf2 <strong data-start=\"1196\" data-end=\"1290\" data-is-last-node=\"\">Consultanos para recibir m\u00e1s informaci\u00f3n, indicadores urban\u00edsticos y coordinar una visita.<\/strong><\/p>\n<p data-start=\"1193\" data-end=\"1290\" data-is-last-node=\"\" data-is-only-node=\"\"><a href=\"https:\/\/wa.me\/5491159800209?text=Hola%2C%20quisiera%20mas%20informacion%20sobre%20el%20lote%20en%20Campo%20de%20Mayo\"><img decoding=\"async\" class=\"alignnone  wp-image-3078\" src=\"https:\/\/rubenfiliberti.com.ar\/wp-content\/uploads\/2025\/06\/CONTACTAR-AGENTE-300x300.png\" alt=\"WHATSAPP\" width=\"145\" height=\"145\" \/><\/a><\/p>\n","protected":false},"featured_media":3465,"template":"","meta":{"_joinchat":[]},"product_brand":[],"product_cat":[67,25,20],"product_tag":[],"class_list":{"0":"post-3464","1":"product","2":"type-product","3":"status-publish","4":"has-post-thumbnail","6":"product_cat-oportunidades","7":"product_cat-terrenos","8":"product_cat-venta","10":"first","11":"instock","12":"shipping-taxable","13":"purchasable","14":"product-type-simple"},"yoast_head":"<!-- This site is optimized with the Yoast SEO plugin v27.5 - https:\/\/yoast.com\/product\/yoast-seo-wordpress\/ -->\n<title>Lote en Venta en Campo de Mayo - Ruben Filiberti Inmobiliaria, Venta y Alquiler de casas, departamentos, oficinas, locales y terrenos, en el Partido de San Miguel, Buenos Aires, Argentina.<\/title>\n<meta name=\"description\" content=\"Lote de 844 m\u00b2 en Campo de Mayo, a 200 m de la estaci\u00f3n y m\u00faltiples l\u00edneas de colectivo. Ideal para desarrollar d\u00faplex. Excelente ubicaci\u00f3n y gran potencial\" \/>\n<meta name=\"robots\" content=\"index, follow, max-snippet:-1, max-image-preview:large, max-video-preview:-1\" \/>\n<link rel=\"canonical\" href=\"https:\/\/rubenfiliberti.com.ar\/?product=lote-en-venta-campo-de-mayo\" \/>\n<meta property=\"og:locale\" content=\"es_ES\" \/>\n<meta property=\"og:type\" content=\"article\" \/>\n<meta property=\"og:title\" content=\"Lote en Venta en Campo de Mayo - Ruben Filiberti Inmobiliaria, Venta y Alquiler de casas, departamentos, oficinas, locales y terrenos, en el Partido de San Miguel, Buenos Aires, Argentina.\" \/>\n<meta property=\"og:description\" content=\"Lote de 844 m\u00b2 en Campo de Mayo, a 200 m de la estaci\u00f3n y m\u00faltiples l\u00edneas de colectivo. Ideal para desarrollar d\u00faplex. Excelente ubicaci\u00f3n y gran potencial\" \/>\n<meta property=\"og:url\" content=\"https:\/\/rubenfiliberti.com.ar\/?product=lote-en-venta-campo-de-mayo\" \/>\n<meta property=\"og:site_name\" content=\"Ruben Filiberti Inmobiliaria, Venta y Alquiler de casas, departamentos, oficinas, locales y terrenos, en el Partido de San Miguel, Buenos Aires, Argentina.\" \/>\n<meta property=\"og:image\" content=\"https:\/\/rubenfiliberti.com.ar\/wp-content\/uploads\/2026\/01\/WhatsApp-Image-2026-01-14-at-7.00.28-PM-1.jpeg\" \/>\n\t<meta property=\"og:image:width\" content=\"1599\" \/>\n\t<meta property=\"og:image:height\" content=\"1599\" \/>\n\t<meta property=\"og:image:type\" content=\"image\/jpeg\" \/>\n<meta name=\"twitter:card\" content=\"summary_large_image\" \/>\n<meta name=\"twitter:label1\" content=\"Tiempo de lectura\" \/>\n\t<meta name=\"twitter:data1\" content=\"2 minutos\" \/>\n<script type=\"application\/ld+json\" class=\"yoast-schema-graph\">{\"@context\":\"https:\\\/\\\/schema.org\",\"@graph\":[{\"@type\":\"WebPage\",\"@id\":\"https:\\\/\\\/rubenfiliberti.com.ar\\\/?product=lote-en-venta-campo-de-mayo\",\"url\":\"https:\\\/\\\/rubenfiliberti.com.ar\\\/?product=lote-en-venta-campo-de-mayo\",\"name\":\"Lote en Venta en Campo de Mayo - Ruben Filiberti Inmobiliaria, Venta y Alquiler de casas, departamentos, oficinas, locales y terrenos, en el Partido de San Miguel, Buenos Aires, Argentina.\",\"isPartOf\":{\"@id\":\"https:\\\/\\\/rubenfiliberti.com.ar\\\/#website\"},\"primaryImageOfPage\":{\"@id\":\"https:\\\/\\\/rubenfiliberti.com.ar\\\/?product=lote-en-venta-campo-de-mayo#primaryimage\"},\"image\":{\"@id\":\"https:\\\/\\\/rubenfiliberti.com.ar\\\/?product=lote-en-venta-campo-de-mayo#primaryimage\"},\"thumbnailUrl\":\"https:\\\/\\\/rubenfiliberti.com.ar\\\/wp-content\\\/uploads\\\/2026\\\/01\\\/WhatsApp-Image-2026-01-14-at-7.00.28-PM-1.jpeg\",\"datePublished\":\"2026-01-19T12:05:20+00:00\",\"description\":\"Lote de 844 m\u00b2 en Campo de Mayo, a 200 m de la estaci\u00f3n y m\u00faltiples l\u00edneas de colectivo. Ideal para desarrollar d\u00faplex. Excelente ubicaci\u00f3n y gran potencial\",\"breadcrumb\":{\"@id\":\"https:\\\/\\\/rubenfiliberti.com.ar\\\/?product=lote-en-venta-campo-de-mayo#breadcrumb\"},\"inLanguage\":\"es\",\"potentialAction\":[{\"@type\":\"ReadAction\",\"target\":[\"https:\\\/\\\/rubenfiliberti.com.ar\\\/?product=lote-en-venta-campo-de-mayo\"]}]},{\"@type\":\"ImageObject\",\"inLanguage\":\"es\",\"@id\":\"https:\\\/\\\/rubenfiliberti.com.ar\\\/?product=lote-en-venta-campo-de-mayo#primaryimage\",\"url\":\"https:\\\/\\\/rubenfiliberti.com.ar\\\/wp-content\\\/uploads\\\/2026\\\/01\\\/WhatsApp-Image-2026-01-14-at-7.00.28-PM-1.jpeg\",\"contentUrl\":\"https:\\\/\\\/rubenfiliberti.com.ar\\\/wp-content\\\/uploads\\\/2026\\\/01\\\/WhatsApp-Image-2026-01-14-at-7.00.28-PM-1.jpeg\",\"width\":1599,\"height\":1599},{\"@type\":\"BreadcrumbList\",\"@id\":\"https:\\\/\\\/rubenfiliberti.com.ar\\\/?product=lote-en-venta-campo-de-mayo#breadcrumb\",\"itemListElement\":[{\"@type\":\"ListItem\",\"position\":1,\"name\":\"Portada\",\"item\":\"https:\\\/\\\/rubenfiliberti.com.ar\\\/\"},{\"@type\":\"ListItem\",\"position\":2,\"name\":\"Productos\",\"item\":\"https:\\\/\\\/rubenfiliberti.com.ar\\\/?post_type=product\"},{\"@type\":\"ListItem\",\"position\":3,\"name\":\"Lote en Venta en Campo de Mayo\"}]},{\"@type\":\"WebSite\",\"@id\":\"https:\\\/\\\/rubenfiliberti.com.ar\\\/#website\",\"url\":\"https:\\\/\\\/rubenfiliberti.com.ar\\\/\",\"name\":\"Inmobiliaria Ruben Filiberti, Venta y Alquiler de casas, departamentos, oficinas, locales y terrenos, en el Partido de San Miguel, Buenos Aires, Argentina.\",\"description\":\"Ruben Filiberti Inmobiliaria , Venta y Alquiler de casas, departamentos, oficinas, locales y terrenos, en el Partido de San Miguel, Buenos Aires, Argentina.\",\"publisher\":{\"@id\":\"https:\\\/\\\/rubenfiliberti.com.ar\\\/#\\\/schema\\\/person\\\/1e26d66aefc103ef3f6dddcbf461eb13\"},\"potentialAction\":[{\"@type\":\"SearchAction\",\"target\":{\"@type\":\"EntryPoint\",\"urlTemplate\":\"https:\\\/\\\/rubenfiliberti.com.ar\\\/?s={search_term_string}\"},\"query-input\":{\"@type\":\"PropertyValueSpecification\",\"valueRequired\":true,\"valueName\":\"search_term_string\"}}],\"inLanguage\":\"es\"},{\"@type\":[\"Person\",\"Organization\"],\"@id\":\"https:\\\/\\\/rubenfiliberti.com.ar\\\/#\\\/schema\\\/person\\\/1e26d66aefc103ef3f6dddcbf461eb13\",\"name\":\"admin\",\"image\":{\"@type\":\"ImageObject\",\"inLanguage\":\"es\",\"@id\":\"https:\\\/\\\/secure.gravatar.com\\\/avatar\\\/850baa19a0ab678ad4b5f824032d2ccc165f04b2ee4c50bb01d86b5c78f108b5?s=96&d=mm&r=g\",\"url\":\"https:\\\/\\\/secure.gravatar.com\\\/avatar\\\/850baa19a0ab678ad4b5f824032d2ccc165f04b2ee4c50bb01d86b5c78f108b5?s=96&d=mm&r=g\",\"contentUrl\":\"https:\\\/\\\/secure.gravatar.com\\\/avatar\\\/850baa19a0ab678ad4b5f824032d2ccc165f04b2ee4c50bb01d86b5c78f108b5?s=96&d=mm&r=g\",\"caption\":\"admin\"},\"logo\":{\"@id\":\"https:\\\/\\\/secure.gravatar.com\\\/avatar\\\/850baa19a0ab678ad4b5f824032d2ccc165f04b2ee4c50bb01d86b5c78f108b5?s=96&d=mm&r=g\"},\"sameAs\":[\"https:\\\/\\\/rubenfiliberti.com.ar\"]}]}<\/script>\n<!-- \/ Yoast SEO plugin. -->","yoast_head_json":{"title":"Lote en Venta en Campo de Mayo - Ruben Filiberti Inmobiliaria, Venta y Alquiler de casas, departamentos, oficinas, locales y terrenos, en el Partido de San Miguel, Buenos Aires, Argentina.","description":"Lote de 844 m\u00b2 en Campo de Mayo, a 200 m de la estaci\u00f3n y m\u00faltiples l\u00edneas de colectivo. Ideal para desarrollar d\u00faplex. Excelente ubicaci\u00f3n y gran potencial","robots":{"index":"index","follow":"follow","max-snippet":"max-snippet:-1","max-image-preview":"max-image-preview:large","max-video-preview":"max-video-preview:-1"},"canonical":"https:\/\/rubenfiliberti.com.ar\/?product=lote-en-venta-campo-de-mayo","og_locale":"es_ES","og_type":"article","og_title":"Lote en Venta en Campo de Mayo - Ruben Filiberti Inmobiliaria, Venta y Alquiler de casas, departamentos, oficinas, locales y terrenos, en el Partido de San Miguel, Buenos Aires, Argentina.","og_description":"Lote de 844 m\u00b2 en Campo de Mayo, a 200 m de la estaci\u00f3n y m\u00faltiples l\u00edneas de colectivo. Ideal para desarrollar d\u00faplex. Excelente ubicaci\u00f3n y gran potencial","og_url":"https:\/\/rubenfiliberti.com.ar\/?product=lote-en-venta-campo-de-mayo","og_site_name":"Ruben Filiberti Inmobiliaria, Venta y Alquiler de casas, departamentos, oficinas, locales y terrenos, en el Partido de San Miguel, Buenos Aires, Argentina.","og_image":[{"width":1599,"height":1599,"url":"https:\/\/rubenfiliberti.com.ar\/wp-content\/uploads\/2026\/01\/WhatsApp-Image-2026-01-14-at-7.00.28-PM-1.jpeg","type":"image\/jpeg"}],"twitter_card":"summary_large_image","twitter_misc":{"Tiempo de lectura":"2 minutos"},"schema":{"@context":"https:\/\/schema.org","@graph":[{"@type":"WebPage","@id":"https:\/\/rubenfiliberti.com.ar\/?product=lote-en-venta-campo-de-mayo","url":"https:\/\/rubenfiliberti.com.ar\/?product=lote-en-venta-campo-de-mayo","name":"Lote en Venta en Campo de Mayo - Ruben Filiberti Inmobiliaria, Venta y Alquiler de casas, departamentos, oficinas, locales y terrenos, en el Partido de San Miguel, Buenos Aires, Argentina.","isPartOf":{"@id":"https:\/\/rubenfiliberti.com.ar\/#website"},"primaryImageOfPage":{"@id":"https:\/\/rubenfiliberti.com.ar\/?product=lote-en-venta-campo-de-mayo#primaryimage"},"image":{"@id":"https:\/\/rubenfiliberti.com.ar\/?product=lote-en-venta-campo-de-mayo#primaryimage"},"thumbnailUrl":"https:\/\/rubenfiliberti.com.ar\/wp-content\/uploads\/2026\/01\/WhatsApp-Image-2026-01-14-at-7.00.28-PM-1.jpeg","datePublished":"2026-01-19T12:05:20+00:00","description":"Lote de 844 m\u00b2 en Campo de Mayo, a 200 m de la estaci\u00f3n y m\u00faltiples l\u00edneas de colectivo. Ideal para desarrollar d\u00faplex. Excelente ubicaci\u00f3n y gran potencial","breadcrumb":{"@id":"https:\/\/rubenfiliberti.com.ar\/?product=lote-en-venta-campo-de-mayo#breadcrumb"},"inLanguage":"es","potentialAction":[{"@type":"ReadAction","target":["https:\/\/rubenfiliberti.com.ar\/?product=lote-en-venta-campo-de-mayo"]}]},{"@type":"ImageObject","inLanguage":"es","@id":"https:\/\/rubenfiliberti.com.ar\/?product=lote-en-venta-campo-de-mayo#primaryimage","url":"https:\/\/rubenfiliberti.com.ar\/wp-content\/uploads\/2026\/01\/WhatsApp-Image-2026-01-14-at-7.00.28-PM-1.jpeg","contentUrl":"https:\/\/rubenfiliberti.com.ar\/wp-content\/uploads\/2026\/01\/WhatsApp-Image-2026-01-14-at-7.00.28-PM-1.jpeg","width":1599,"height":1599},{"@type":"BreadcrumbList","@id":"https:\/\/rubenfiliberti.com.ar\/?product=lote-en-venta-campo-de-mayo#breadcrumb","itemListElement":[{"@type":"ListItem","position":1,"name":"Portada","item":"https:\/\/rubenfiliberti.com.ar\/"},{"@type":"ListItem","position":2,"name":"Productos","item":"https:\/\/rubenfiliberti.com.ar\/?post_type=product"},{"@type":"ListItem","position":3,"name":"Lote en Venta en Campo de Mayo"}]},{"@type":"WebSite","@id":"https:\/\/rubenfiliberti.com.ar\/#website","url":"https:\/\/rubenfiliberti.com.ar\/","name":"Inmobiliaria Ruben Filiberti, Venta y Alquiler de casas, departamentos, oficinas, locales y terrenos, en el Partido de San Miguel, Buenos Aires, Argentina.","description":"Ruben Filiberti Inmobiliaria , Venta y Alquiler de casas, departamentos, oficinas, locales y terrenos, en el Partido de San Miguel, Buenos Aires, Argentina.","publisher":{"@id":"https:\/\/rubenfiliberti.com.ar\/#\/schema\/person\/1e26d66aefc103ef3f6dddcbf461eb13"},"potentialAction":[{"@type":"SearchAction","target":{"@type":"EntryPoint","urlTemplate":"https:\/\/rubenfiliberti.com.ar\/?s={search_term_string}"},"query-input":{"@type":"PropertyValueSpecification","valueRequired":true,"valueName":"search_term_string"}}],"inLanguage":"es"},{"@type":["Person","Organization"],"@id":"https:\/\/rubenfiliberti.com.ar\/#\/schema\/person\/1e26d66aefc103ef3f6dddcbf461eb13","name":"admin","image":{"@type":"ImageObject","inLanguage":"es","@id":"https:\/\/secure.gravatar.com\/avatar\/850baa19a0ab678ad4b5f824032d2ccc165f04b2ee4c50bb01d86b5c78f108b5?s=96&d=mm&r=g","url":"https:\/\/secure.gravatar.com\/avatar\/850baa19a0ab678ad4b5f824032d2ccc165f04b2ee4c50bb01d86b5c78f108b5?s=96&d=mm&r=g","contentUrl":"https:\/\/secure.gravatar.com\/avatar\/850baa19a0ab678ad4b5f824032d2ccc165f04b2ee4c50bb01d86b5c78f108b5?s=96&d=mm&r=g","caption":"admin"},"logo":{"@id":"https:\/\/secure.gravatar.com\/avatar\/850baa19a0ab678ad4b5f824032d2ccc165f04b2ee4c50bb01d86b5c78f108b5?s=96&d=mm&r=g"},"sameAs":["https:\/\/rubenfiliberti.com.ar"]}]}},"_links":{"self":[{"href":"https:\/\/rubenfiliberti.com.ar\/index.php?rest_route=\/wp\/v2\/product\/3464","targetHints":{"allow":["GET"]}}],"collection":[{"href":"https:\/\/rubenfiliberti.com.ar\/index.php?rest_route=\/wp\/v2\/product"}],"about":[{"href":"https:\/\/rubenfiliberti.com.ar\/index.php?rest_route=\/wp\/v2\/types\/product"}],"version-history":[{"count":2,"href":"https:\/\/rubenfiliberti.com.ar\/index.php?rest_route=\/wp\/v2\/product\/3464\/revisions"}],"predecessor-version":[{"id":3468,"href":"https:\/\/rubenfiliberti.com.ar\/index.php?rest_route=\/wp\/v2\/product\/3464\/revisions\/3468"}],"wp:featuredmedia":[{"embeddable":true,"href":"https:\/\/rubenfiliberti.com.ar\/index.php?rest_route=\/wp\/v2\/media\/3465"}],"wp:attachment":[{"href":"https:\/\/rubenfiliberti.com.ar\/index.php?rest_route=%2Fwp%2Fv2%2Fmedia&parent=3464"}],"wp:term":[{"taxonomy":"product_brand","embeddable":true,"href":"https:\/\/rubenfiliberti.com.ar\/index.php?rest_route=%2Fwp%2Fv2%2Fproduct_brand&post=3464"},{"taxonomy":"product_cat","embeddable":true,"href":"https:\/\/rubenfiliberti.com.ar\/index.php?rest_route=%2Fwp%2Fv2%2Fproduct_cat&post=3464"},{"taxonomy":"product_tag","embeddable":true,"href":"https:\/\/rubenfiliberti.com.ar\/index.php?rest_route=%2Fwp%2Fv2%2Fproduct_tag&post=3464"}],"curies":[{"name":"wp","href":"https:\/\/api.w.org\/{rel}","templated":true}]}}